{"id":193395,"date":"2025-12-15T13:19:00","date_gmt":"2025-12-15T13:19:00","guid":{"rendered":"https:\/\/b2b.depodanmusteriye.com\/urun\/cift-konsol-666-adet-retro-oyun-el-atarisi-tasinabilir-3-5-inc-ekran-2\/"},"modified":"2025-12-15T13:19:00","modified_gmt":"2025-12-15T13:19:00","slug":"cift-konsol-666-adet-retro-oyun-el-atarisi-tasinabilir-3-5-inc-ekran-2","status":"publish","type":"product","link":"https:\/\/depodanmusteriye.com\/urunler\/urun\/cift-konsol-666-adet-retro-oyun-el-atarisi-tasinabilir-3-5-inc-ekran-2\/","title":{"rendered":"\u00c7ift Konsol 666 Adet Retro Oyun El Atarisi Ta\u015f\u0131nabilir 3.5 \u0130n\u00e7 Ekran"},"content":{"rendered":"<h4>Retro oyun d\u00fcnyas\u0131n\u0131n kap\u0131lar\u0131n\u0131 aralay\u0131n! 3.5 in\u00e7lik kompakt ekran\u0131 sayesinde hem yeti\u015fkinlerin hem de \u00e7ocuklar\u0131n rahatl\u0131kla kullanabilece\u011fi bu mini oyun konsolu, 666 adet efsanevi oyunla e\u011flenceyi cebinize ta\u015f\u0131r. \u00c7ift konsol \u00f6zelli\u011fiyle iki ki\u015fi ayn\u0131 anda oyun oynayabilir; ister dostane rekabetler, ister birlikte macera dolu anlar ya\u015fayabilirsiniz. Hafif ve ta\u015f\u0131nabilir yap\u0131s\u0131yla evde, okulda, tatilde ya da yolda \u2014 nerede olursan\u0131z olun, nostalji hep sizinle. Eski g\u00fcnlerin ruhunu modern bir tasar\u0131mla yeniden yakalay\u0131n! <\/p>\n<p><b>1 adet fiyat\u0131d\u0131r<\/b> <\/p>\n<p><p><b>\u00dcretici Markas\u0131 : ZERO LAND<\/b><\/p>\n<p><b>\u00dcretici Kodu : UCZZZG7ATAR\u0130\u0130\u0130\u0130\u01303<\/b><\/p>\n<p><b>1 ADET F\u0130YATIDIR<\/b><\/p>\n<\/h4>\n<p><\/p>\n","protected":false},"excerpt":{"rendered":"<p>\u00c7ift Konsol 666 Adet Retro Oyun El Atarisi Ta\u015f\u0131nabilir 3.5 \u0130n\u00e7 Ekran<\/p>\n","protected":false},"featured_media":193391,"comment_status":"open","ping_status":"closed","template":"","meta":[],"product_brand":[],"product_cat":[379,725],"product_tag":[9016,4166,1301,14302,1747,2774,2059,2347,13486,3997,1963,2982],"class_list":{"0":"post-193395","1":"product","2":"type-product","3":"status-publish","4":"has-post-thumbnail","6":"product_cat-ev-yasam","7":"product_cat-psp-and-vita-oyunu","8":"product_tag-3-5","9":"product_tag-4166","10":"product_tag-adet","11":"product_tag-atarisi","12":"product_tag-cift","13":"product_tag-ekran","14":"product_tag-el","15":"product_tag-inc","16":"product_tag-konsol","17":"product_tag-oyun","18":"product_tag-retro","19":"product_tag-tasinabilir","21":"first","22":"instock","23":"taxable","24":"shipping-taxable","25":"purchasable","26":"product-type-simple"},"_links":{"self":[{"href":"https:\/\/depodanmusteriye.com\/urunler\/wp-json\/wp\/v2\/product\/193395","targetHints":{"allow":["GET"]}}],"collection":[{"href":"https:\/\/depodanmusteriye.com\/urunler\/wp-json\/wp\/v2\/product"}],"about":[{"href":"https:\/\/depodanmusteriye.com\/urunler\/wp-json\/wp\/v2\/types\/product"}],"replies":[{"embeddable":true,"href":"https:\/\/depodanmusteriye.com\/urunler\/wp-json\/wp\/v2\/comments?post=193395"}],"version-history":[{"count":0,"href":"https:\/\/depodanmusteriye.com\/urunler\/wp-json\/wp\/v2\/product\/193395\/revisions"}],"wp:featuredmedia":[{"embeddable":true,"href":"https:\/\/depodanmusteriye.com\/urunler\/wp-json\/wp\/v2\/media\/193391"}],"wp:attachment":[{"href":"https:\/\/depodanmusteriye.com\/urunler\/wp-json\/wp\/v2\/media?parent=193395"}],"wp:term":[{"taxonomy":"product_brand","embeddable":true,"href":"https:\/\/depodanmusteriye.com\/urunler\/wp-json\/wp\/v2\/product_brand?post=193395"},{"taxonomy":"product_cat","embeddable":true,"href":"https:\/\/depodanmusteriye.com\/urunler\/wp-json\/wp\/v2\/product_cat?post=193395"},{"taxonomy":"product_tag","embeddable":true,"href":"https:\/\/depodanmusteriye.com\/urunler\/wp-json\/wp\/v2\/product_tag?post=193395"}],"curies":[{"name":"wp","href":"https:\/\/api.w.org\/{rel}","templated":true}]}}