{"id":193390,"date":"2025-12-15T13:18:44","date_gmt":"2025-12-15T13:18:44","guid":{"rendered":"https:\/\/b2b.depodanmusteriye.com\/urun\/4k-kablosuz-cift-kol-retro-oyunlar-20000-oyunlu-atari-2\/"},"modified":"2025-12-15T13:18:44","modified_gmt":"2025-12-15T13:18:44","slug":"4k-kablosuz-cift-kol-retro-oyunlar-20000-oyunlu-atari-2","status":"publish","type":"product","link":"https:\/\/depodanmusteriye.com\/urunler\/urun\/4k-kablosuz-cift-kol-retro-oyunlar-20000-oyunlu-atari-2\/","title":{"rendered":"4k Kablosuz \u00c7ift Kol Retro Oyunlar 20000 Oyunlu Atari"},"content":{"rendered":"<h4>Ger\u00e7ek bir retro tutkununun kalbini fethedecek 20.000 oyun kapasiteli bu nostaljik atari konsolu, ge\u00e7mi\u015fin alt\u0131n \u00e7a\u011f\u0131n\u0131 bug\u00fcn\u00fcn konforuyla bulu\u015fturuyor. \u0130\u00e7erisinde tam 20.000\u2019den fazla efsanevi oyun bar\u0131nd\u0131ran bu sistem, sadece bir konsol de\u011fil; ayn\u0131 zamanda \u00e7ocukluk an\u0131lar\u0131n\u0131 canland\u0131ran bir zaman makinesi.<br \/>\nKlasik 8-bit ve 16-bit oyunlardan tutun da arcade salonlar\u0131n\u0131n vazge\u00e7ilmezlerine kadar uzanan geni\u015f oyun ar\u015fiviyle her ya\u015ftan kullan\u0131c\u0131ya hitap ediyor. Basit ve sezgisel men\u00fc sistemi sayesinde, teknolojiye hakim olmayan kullan\u0131c\u0131lar bile saniyeler i\u00e7inde oyunlara ula\u015fabiliyor. Her biri nostaljik birer ikon olan bu oyunlarla hem eski dostlar\u0131n\u0131z\u0131 yeniden ziyaret edecek hem de belki ilk kez deneyimleyece\u011finiz klasiklerle tan\u0131\u015facaks\u0131n\u0131z.<br \/>\nTak \u00e7al\u0131\u015ft\u0131r kolayl\u0131\u011f\u0131, \u015f\u0131k ve kompakt tasar\u0131m\u0131 ile ister evde ister seyahatte, diledi\u011finiz her yerde bu e\u015fsiz oyun d\u00fcnyas\u0131na ad\u0131m atabilirsiniz. 20.000 oyunluk ar\u015fiv, sadece bir e\u011flence kayna\u011f\u0131 de\u011fil; ayn\u0131 zamanda nesiller aras\u0131 bir ba\u011f kurman\u0131n da en keyifli yollar\u0131ndan biri. Haz\u0131rsan\u0131z, oyun zaman\u0131! <\/p>\n<p><b>1 adet fiyat\u0131d\u0131r<\/b> <\/p>\n<p><p><b>\u00dcretici Markas\u0131 : ZERO LAND<\/b><\/p>\n<p><b>\u00dcretici Kodu : UCZZZX8PROST\u0130CKKKKKK1<\/b><\/p>\n<p><b>1 ADET F\u0130YATIDIR<\/b><\/p>\n<\/h4>\n<p><\/p>\n","protected":false},"excerpt":{"rendered":"<p>4k Kablosuz \u00c7ift Kol Retro Oyunlar 20000 Oyunlu Atari<\/p>\n","protected":false},"featured_media":193385,"comment_status":"open","ping_status":"closed","template":"","meta":[],"product_brand":[],"product_cat":[379,725],"product_tag":[14146,1959,13491,1747,1640,2422,4292,4167,1963],"class_list":{"0":"post-193390","1":"product","2":"type-product","3":"status-publish","4":"has-post-thumbnail","6":"product_cat-ev-yasam","7":"product_cat-psp-and-vita-oyunu","8":"product_tag-14146","9":"product_tag-4k","10":"product_tag-atari","11":"product_tag-cift","12":"product_tag-kablosuz","13":"product_tag-kol","14":"product_tag-oyunlar","15":"product_tag-oyunlu","16":"product_tag-retro","18":"first","19":"instock","20":"taxable","21":"shipping-taxable","22":"purchasable","23":"product-type-simple"},"_links":{"self":[{"href":"https:\/\/depodanmusteriye.com\/urunler\/wp-json\/wp\/v2\/product\/193390","targetHints":{"allow":["GET"]}}],"collection":[{"href":"https:\/\/depodanmusteriye.com\/urunler\/wp-json\/wp\/v2\/product"}],"about":[{"href":"https:\/\/depodanmusteriye.com\/urunler\/wp-json\/wp\/v2\/types\/product"}],"replies":[{"embeddable":true,"href":"https:\/\/depodanmusteriye.com\/urunler\/wp-json\/wp\/v2\/comments?post=193390"}],"version-history":[{"count":0,"href":"https:\/\/depodanmusteriye.com\/urunler\/wp-json\/wp\/v2\/product\/193390\/revisions"}],"wp:featuredmedia":[{"embeddable":true,"href":"https:\/\/depodanmusteriye.com\/urunler\/wp-json\/wp\/v2\/media\/193385"}],"wp:attachment":[{"href":"https:\/\/depodanmusteriye.com\/urunler\/wp-json\/wp\/v2\/media?parent=193390"}],"wp:term":[{"taxonomy":"product_brand","embeddable":true,"href":"https:\/\/depodanmusteriye.com\/urunler\/wp-json\/wp\/v2\/product_brand?post=193390"},{"taxonomy":"product_cat","embeddable":true,"href":"https:\/\/depodanmusteriye.com\/urunler\/wp-json\/wp\/v2\/product_cat?post=193390"},{"taxonomy":"product_tag","embeddable":true,"href":"https:\/\/depodanmusteriye.com\/urunler\/wp-json\/wp\/v2\/product_tag?post=193390"}],"curies":[{"name":"wp","href":"https:\/\/api.w.org\/{rel}","templated":true}]}}