{"id":193318,"date":"2025-12-15T13:14:20","date_gmt":"2025-12-15T13:14:20","guid":{"rendered":"https:\/\/b2b.depodanmusteriye.com\/urun\/2-4-ghz-oyun-konsolu-cift-konsol-4k-ultra-hd-game-stick-2\/"},"modified":"2025-12-15T13:14:20","modified_gmt":"2025-12-15T13:14:20","slug":"2-4-ghz-oyun-konsolu-cift-konsol-4k-ultra-hd-game-stick-2","status":"publish","type":"product","link":"https:\/\/depodanmusteriye.com\/urunler\/urun\/2-4-ghz-oyun-konsolu-cift-konsol-4k-ultra-hd-game-stick-2\/","title":{"rendered":"2.4 GHZ Oyun Konsolu \u00c7ift Konsol 4K Ultra Hd Game Stick"},"content":{"rendered":"<h4>Nostaljiyi Yeni Nesil Teknolojiyle Bulu\u015fturan Retro Oyun Konsolu<br \/>\nGe\u00e7mi\u015fin efsanevi oyunlar\u0131n\u0131 modern teknolojinin sundu\u011fu kaliteyle tekrar ya\u015famak isteyenler i\u00e7in \u00f6zel olarak geli\u015ftirilen bu retro oyun konsolu, PlayStation, GTA, PES, Sega gibi klasiklerin yan\u0131 s\u0131ra y\u00fczlerce ikonik oyunu 3D ve 4K HD \u00e7\u00f6z\u00fcn\u00fcrl\u00fckte oynama imk\u00e2n\u0131 sunuyor. G\u00f6rsel kalitesiyle nostaljiyi \u00e7a\u011fda\u015f grafiklerle birle\u015ftiren bu sistem, sizi adeta zamanda yolculu\u011fa \u00e7\u0131kar\u0131yor.<br \/>\n2.4G kablosuz ba\u011flant\u0131 \u00f6zelli\u011fi sayesinde oyun deneyiminizi kablo s\u0131n\u0131rlamalar\u0131ndan tamamen kurtararak daha \u00f6zg\u00fcr, daha konforlu ve daha ak\u0131c\u0131 hale getirir. \u0130ster tek ba\u015f\u0131n\u0131za nostaljik anlara dal\u0131n, ister arkada\u015flar\u0131n\u0131zla veya ailenizle birlikte e\u011flenceli zaman ge\u00e7irin \u2013 kablosuz kontrol sayesinde hareket alan\u0131n\u0131z hep serbest kal\u0131r.<br \/>\nGeni\u015f oyun ar\u015fivi sayesinde hem ge\u00e7mi\u015fin unutulmaz klasiklerine tekrar kavu\u015fabilir hem de hen\u00fcz ke\u015ffetmedi\u011finiz oyunlar\u0131 deneyimleyerek yepyeni maceralara at\u0131labilirsiniz. Retro ruhunu modern \u00f6zelliklerle bir araya getiren bu oyun konsolu, hem eski oyunculara hem de yeni nesle hitap eden ideal bir se\u00e7imdir. Ta\u015f\u0131nabilir yap\u0131s\u0131yla her yerde kolayl\u0131kla kullan\u0131labilir, sizi e\u011flencenin s\u0131n\u0131r tan\u0131mad\u0131\u011f\u0131 d\u00fcnyas\u0131na davet eder. <\/p>\n<p><b>1 adet fiyat\u0131d\u0131r<\/b> <\/p>\n<p><p><b>\u00dcretici Markas\u0131 : ZERO LAND<\/b><\/p>\n<p><b>\u00dcretici Kodu : UCZZZ3DGAMEST\u0130CKKKKK1<\/b><\/p>\n<p><b>1 ADET F\u0130YATIDIR<\/b><\/p>\n<\/h4>\n<p><\/p>\n","protected":false},"excerpt":{"rendered":"<p>2.4 GHZ Oyun Konsolu \u00c7ift Konsol 4K Ultra Hd Game Stick<\/p>\n","protected":false},"featured_media":193313,"comment_status":"open","ping_status":"closed","template":"","meta":[],"product_brand":[],"product_cat":[1036,374],"product_tag":[4192,1959,1747,1960,4193,3176,13486,3998,3997,1961,1976],"class_list":{"0":"post-193318","1":"product","2":"type-product","3":"status-publish","4":"has-post-thumbnail","6":"product_cat-konsol-gamepad-ve-joystick","7":"product_cat-mobil-aksesuar","8":"product_tag-2-4","9":"product_tag-4k","10":"product_tag-cift","11":"product_tag-game","12":"product_tag-ghz","13":"product_tag-hd","14":"product_tag-konsol","15":"product_tag-konsolu","16":"product_tag-oyun","17":"product_tag-stick","18":"product_tag-ultra","20":"first","21":"instock","22":"taxable","23":"shipping-taxable","24":"purchasable","25":"product-type-simple"},"_links":{"self":[{"href":"https:\/\/depodanmusteriye.com\/urunler\/wp-json\/wp\/v2\/product\/193318","targetHints":{"allow":["GET"]}}],"collection":[{"href":"https:\/\/depodanmusteriye.com\/urunler\/wp-json\/wp\/v2\/product"}],"about":[{"href":"https:\/\/depodanmusteriye.com\/urunler\/wp-json\/wp\/v2\/types\/product"}],"replies":[{"embeddable":true,"href":"https:\/\/depodanmusteriye.com\/urunler\/wp-json\/wp\/v2\/comments?post=193318"}],"version-history":[{"count":0,"href":"https:\/\/depodanmusteriye.com\/urunler\/wp-json\/wp\/v2\/product\/193318\/revisions"}],"wp:featuredmedia":[{"embeddable":true,"href":"https:\/\/depodanmusteriye.com\/urunler\/wp-json\/wp\/v2\/media\/193313"}],"wp:attachment":[{"href":"https:\/\/depodanmusteriye.com\/urunler\/wp-json\/wp\/v2\/media?parent=193318"}],"wp:term":[{"taxonomy":"product_brand","embeddable":true,"href":"https:\/\/depodanmusteriye.com\/urunler\/wp-json\/wp\/v2\/product_brand?post=193318"},{"taxonomy":"product_cat","embeddable":true,"href":"https:\/\/depodanmusteriye.com\/urunler\/wp-json\/wp\/v2\/product_cat?post=193318"},{"taxonomy":"product_tag","embeddable":true,"href":"https:\/\/depodanmusteriye.com\/urunler\/wp-json\/wp\/v2\/product_tag?post=193318"}],"curies":[{"name":"wp","href":"https:\/\/api.w.org\/{rel}","templated":true}]}}