{"id":193312,"date":"2025-12-15T13:13:58","date_gmt":"2025-12-15T13:13:58","guid":{"rendered":"https:\/\/b2b.depodanmusteriye.com\/urun\/3d-4k-hd-2-4g-game-stick-4k-ultra-hd-oyun-konsolu-cift-kollu-2\/"},"modified":"2025-12-15T13:13:58","modified_gmt":"2025-12-15T13:13:58","slug":"3d-4k-hd-2-4g-game-stick-4k-ultra-hd-oyun-konsolu-cift-kollu-2","status":"publish","type":"product","link":"https:\/\/depodanmusteriye.com\/urunler\/urun\/3d-4k-hd-2-4g-game-stick-4k-ultra-hd-oyun-konsolu-cift-kollu-2\/","title":{"rendered":"3D 4K HD 2.4G Game Stick 4K Ultra Hd Oyun Konsolu \u00c7ift Kollu"},"content":{"rendered":"<h4>Kompakt ve \u00c7ok Fonksiyonlu Retro Mini Oyun Konsolu ile E\u011flence Her Yerde Seninle<br \/>\nBu mini retro oyun konsolu, hem nostalji tutkunlar\u0131 hem de yeni ba\u015flayanlar i\u00e7in e\u011flenceyi her an her yere ta\u015f\u0131ma imk\u00e2n\u0131 sunuyor. Avu\u00e7 i\u00e7ine s\u0131\u011facak kadar kompakt olan bu cihaz, 3.0 in\u00e7 y\u00fcksek \u00e7\u00f6z\u00fcn\u00fcrl\u00fckl\u00fc ekran\u0131 sayesinde net ve canl\u0131 g\u00f6r\u00fcnt\u00fclerle oyun keyfini doru\u011fa \u00e7\u0131kar\u0131yor. 500 klasik oyunu i\u00e7inde bar\u0131nd\u0131ran geni\u015f oyun ar\u015fiviyle \u00e7ocukluk an\u0131lar\u0131n\u0131z\u0131 yeniden canland\u0131r\u0131rken, e\u011flencenin saatlerce s\u00fcrmesini sa\u011flar.<br \/>\nTa\u015f\u0131nabilir yap\u0131s\u0131 sayesinde ister evde, ister okulda, ister seyahatte ya da d\u0131\u015f mek\u00e2nda oyun oynamak art\u0131k \u00e7ok daha kolay. \u015earj edilebilir bataryas\u0131 uzun s\u00fcreli kullan\u0131m sunarken, AV \u00e7\u0131k\u0131\u015f\u0131 deste\u011fi ile televizyona ba\u011flanarak daha b\u00fcy\u00fck ekranlarda da oyun deneyimi ya\u015fanabilir. Ayr\u0131ca ikinci bir oyun kolu deste\u011fiyle arkada\u015flar\u0131n\u0131zla birlikte oynama imk\u00e2n\u0131 da sunar.<br \/>\nK\u00fc\u00e7\u00fck ama etkili bu oyun konsolu, \u00e7ocuklar\u0131n el-g\u00f6z koordinasyonunu geli\u015ftirirken, yeti\u015fkinler i\u00e7in stres at\u0131c\u0131 ve nostaljik bir mola sunar. Hem hediye hem de ki\u015fisel kullan\u0131m i\u00e7in ideal olan bu cihaz, retro oyunlar\u0131n b\u00fcy\u00fcl\u00fc d\u00fcnyas\u0131n\u0131 her ya\u015f grubuna yeniden sunuyor. <\/p>\n<p><b>1 adet fiyat\u0131d\u0131r<\/b> <\/p>\n<p><p><b>\u00dcretici Markas\u0131 : ZERO LAND<\/b><\/p>\n<p><b>\u00dcretici Kodu : UCZZZ3DGAMEST\u0130CKKKKK2<\/b><\/p>\n<p><b>1 ADET F\u0130YATIDIR<\/b><\/p>\n<\/h4>\n<p><\/p>\n","protected":false},"excerpt":{"rendered":"<p>3D 4K HD 2.4G Game Stick 4K Ultra Hd Oyun Konsolu \u00c7ift Kollu<\/p>\n","protected":false},"featured_media":193307,"comment_status":"open","ping_status":"closed","template":"","meta":[],"product_brand":[],"product_cat":[1036,374],"product_tag":[13412,2160,1959,1747,1960,3176,1430,3998,3997,1961,1976],"class_list":{"0":"post-193312","1":"product","2":"type-product","3":"status-publish","4":"has-post-thumbnail","6":"product_cat-konsol-gamepad-ve-joystick","7":"product_cat-mobil-aksesuar","8":"product_tag-2-4g","9":"product_tag-3d","10":"product_tag-4k","11":"product_tag-cift","12":"product_tag-game","13":"product_tag-hd","14":"product_tag-kollu","15":"product_tag-konsolu","16":"product_tag-oyun","17":"product_tag-stick","18":"product_tag-ultra","20":"first","21":"instock","22":"taxable","23":"shipping-taxable","24":"purchasable","25":"product-type-simple"},"_links":{"self":[{"href":"https:\/\/depodanmusteriye.com\/urunler\/wp-json\/wp\/v2\/product\/193312","targetHints":{"allow":["GET"]}}],"collection":[{"href":"https:\/\/depodanmusteriye.com\/urunler\/wp-json\/wp\/v2\/product"}],"about":[{"href":"https:\/\/depodanmusteriye.com\/urunler\/wp-json\/wp\/v2\/types\/product"}],"replies":[{"embeddable":true,"href":"https:\/\/depodanmusteriye.com\/urunler\/wp-json\/wp\/v2\/comments?post=193312"}],"version-history":[{"count":0,"href":"https:\/\/depodanmusteriye.com\/urunler\/wp-json\/wp\/v2\/product\/193312\/revisions"}],"wp:featuredmedia":[{"embeddable":true,"href":"https:\/\/depodanmusteriye.com\/urunler\/wp-json\/wp\/v2\/media\/193307"}],"wp:attachment":[{"href":"https:\/\/depodanmusteriye.com\/urunler\/wp-json\/wp\/v2\/media?parent=193312"}],"wp:term":[{"taxonomy":"product_brand","embeddable":true,"href":"https:\/\/depodanmusteriye.com\/urunler\/wp-json\/wp\/v2\/product_brand?post=193312"},{"taxonomy":"product_cat","embeddable":true,"href":"https:\/\/depodanmusteriye.com\/urunler\/wp-json\/wp\/v2\/product_cat?post=193312"},{"taxonomy":"product_tag","embeddable":true,"href":"https:\/\/depodanmusteriye.com\/urunler\/wp-json\/wp\/v2\/product_tag?post=193312"}],"curies":[{"name":"wp","href":"https:\/\/api.w.org\/{rel}","templated":true}]}}