{"id":193276,"date":"2025-12-15T13:11:43","date_gmt":"2025-12-15T13:11:43","guid":{"rendered":"https:\/\/b2b.depodanmusteriye.com\/urun\/arac-ici-numarator-numaralik-oto-cam-karti-fosforlu-numarator-2\/"},"modified":"2025-12-15T13:11:43","modified_gmt":"2025-12-15T13:11:43","slug":"arac-ici-numarator-numaralik-oto-cam-karti-fosforlu-numarator-2","status":"publish","type":"product","link":"https:\/\/depodanmusteriye.com\/urunler\/urun\/arac-ici-numarator-numaralik-oto-cam-karti-fosforlu-numarator-2\/","title":{"rendered":"Ara\u00e7 \u0130\u00e7i Numarat\u00f6r Numaral\u0131k Oto Cam Kart\u0131 Fosforlu Numarat\u00f6r"},"content":{"rendered":"<h4>Fosforlu Ara\u00e7 \u0130\u00e7i Park Numarat\u00f6r\u00fc \u2013 \u015e\u0131kl\u0131k ve \u0130\u015flevsellik Bir Arada<\/p>\n<p>Park halindeyken ileti\u015fiminizi kesintisiz s\u00fcrd\u00fcrmenin pratik yolu: fosforlu ara\u00e7 i\u00e7i park numarat\u00f6r\u00fc! G\u00f6z al\u0131c\u0131 ve modern tasar\u0131m\u0131yla arac\u0131n\u0131z\u0131n i\u00e7 esteti\u011fine uyum sa\u011flar, fosforlu rakamlar\u0131 sayesinde gece veya d\u00fc\u015f\u00fck \u0131\u015f\u0131kl\u0131 ortamlarda bile kolayca fark edilir.<\/p>\n<p>M\u0131knat\u0131sl\u0131 ve kaymaz taban\u0131 sayesinde sabit bir duru\u015f sergiler, s\u00fcr\u00fc\u015f s\u0131ras\u0131nda rahats\u0131zl\u0131k vermez. Telefon numaran\u0131z\u0131 kolayca de\u011fi\u015ftirebilece\u011finiz, \u00e7\u0131kar\u0131labilir rakam sistemi sayesinde ki\u015fiselle\u015ftirilebilir kullan\u0131m imk\u00e2n\u0131 sunar.<\/p>\n<p>Montaj gerektirmeyen yap\u0131s\u0131yla dakikalar i\u00e7inde kullan\u0131ma haz\u0131r hale gelir. Kaliteli malzemesi sayesinde g\u00fcne\u015fe ve \u0131s\u0131ya kar\u015f\u0131 dayan\u0131kl\u0131d\u0131r, uzun s\u00fcreli kullan\u0131mda bile formunu ve g\u00f6r\u00fcn\u00fcm\u00fcn\u00fc korur.<\/p>\n<p>\u0130ster g\u00fcndelik kullan\u0131mda ister acil durumlarda ileti\u015fim bilgilerinizi payla\u015fman\u0131n g\u00fcvenli ve \u015f\u0131k bir yolu! <\/p>\n<p><b>1 adet fiyat\u0131d\u0131r<\/b> <\/p>\n<p><p><b>\u00dcretici Markas\u0131 : ZERO LAND<\/b><\/p>\n<p><b>\u00dcretici Kodu : UCZZZNUMARAT\u00d6RRRRR2<\/b><\/p>\n<p><b>1 ADET F\u0130YATIDIR<\/b><\/p>\n<\/h4>\n<p><\/p>\n","protected":false},"excerpt":{"rendered":"<p>Ara\u00e7 \u0130\u00e7i Numarat\u00f6r Numaral\u0131k Oto Cam Kart\u0131 Fosforlu Numarat\u00f6r<\/p>\n","protected":false},"featured_media":193271,"comment_status":"open","ping_status":"closed","template":"","meta":[],"product_brand":[],"product_cat":[374,2216],"product_tag":[3278,1366,2385,1904,2106,14296,4372,4373],"class_list":{"0":"post-193276","1":"product","2":"type-product","3":"status-publish","4":"has-post-thumbnail","6":"product_cat-mobil-aksesuar","7":"product_cat-torpido-aksesuar-mobil-aksesuar","8":"product_tag-arac","9":"product_tag-cam","10":"product_tag-fosforlu","11":"product_tag-ici","12":"product_tag-karti","13":"product_tag-numaralik","14":"product_tag-numarator","15":"product_tag-oto","17":"first","18":"instock","19":"taxable","20":"shipping-taxable","21":"purchasable","22":"product-type-simple"},"_links":{"self":[{"href":"https:\/\/depodanmusteriye.com\/urunler\/wp-json\/wp\/v2\/product\/193276","targetHints":{"allow":["GET"]}}],"collection":[{"href":"https:\/\/depodanmusteriye.com\/urunler\/wp-json\/wp\/v2\/product"}],"about":[{"href":"https:\/\/depodanmusteriye.com\/urunler\/wp-json\/wp\/v2\/types\/product"}],"replies":[{"embeddable":true,"href":"https:\/\/depodanmusteriye.com\/urunler\/wp-json\/wp\/v2\/comments?post=193276"}],"version-history":[{"count":0,"href":"https:\/\/depodanmusteriye.com\/urunler\/wp-json\/wp\/v2\/product\/193276\/revisions"}],"wp:featuredmedia":[{"embeddable":true,"href":"https:\/\/depodanmusteriye.com\/urunler\/wp-json\/wp\/v2\/media\/193271"}],"wp:attachment":[{"href":"https:\/\/depodanmusteriye.com\/urunler\/wp-json\/wp\/v2\/media?parent=193276"}],"wp:term":[{"taxonomy":"product_brand","embeddable":true,"href":"https:\/\/depodanmusteriye.com\/urunler\/wp-json\/wp\/v2\/product_brand?post=193276"},{"taxonomy":"product_cat","embeddable":true,"href":"https:\/\/depodanmusteriye.com\/urunler\/wp-json\/wp\/v2\/product_cat?post=193276"},{"taxonomy":"product_tag","embeddable":true,"href":"https:\/\/depodanmusteriye.com\/urunler\/wp-json\/wp\/v2\/product_tag?post=193276"}],"curies":[{"name":"wp","href":"https:\/\/api.w.org\/{rel}","templated":true}]}}