{"id":192712,"date":"2025-12-15T12:38:05","date_gmt":"2025-12-15T12:38:05","guid":{"rendered":"https:\/\/b2b.depodanmusteriye.com\/urun\/hizli-sarj-guc-adaptoru-sarj-aleti-ios-uyumlu-15-pro-pro-max-2\/"},"modified":"2025-12-15T12:38:05","modified_gmt":"2025-12-15T12:38:05","slug":"hizli-sarj-guc-adaptoru-sarj-aleti-ios-uyumlu-15-pro-pro-max-2","status":"publish","type":"product","link":"https:\/\/depodanmusteriye.com\/urunler\/urun\/hizli-sarj-guc-adaptoru-sarj-aleti-ios-uyumlu-15-pro-pro-max-2\/","title":{"rendered":"H\u0131zl\u0131 \u015earj G\u00fc\u00e7 Adapt\u00f6r\u00fc \u015earj Aleti \u0130OS Uyumlu 15\/Pro\/Pro Max"},"content":{"rendered":"<h4>USB-C ba\u011flant\u0131 tipine sahip cihazlar i\u00e7in m\u00fckemmel bir \u015farj \u00e7\u00f6z\u00fcm\u00fc sunan bu \u00fcr\u00fcn, h\u0131zl\u0131 \u015farj deste\u011fiyle cihazlar\u0131n\u0131z\u0131 k\u0131sa s\u00fcrede tamamen doldurman\u0131za olanak tan\u0131r. USB-C ba\u011flant\u0131s\u0131, daha h\u0131zl\u0131 veri aktar\u0131m\u0131 ve g\u00fc\u00e7 iletimi sa\u011flar, b\u00f6ylece cihazlar\u0131n\u0131z\u0131 daha verimli bir \u015fekilde \u015farj edebilirsiniz. \u00d6zellikle acil durumlar i\u00e7in ideal bir se\u00e7enek olan bu \u00f6zellik, cihazlar\u0131n\u0131z\u0131n \u015farj\u0131n\u0131 h\u0131zl\u0131ca tamamlayarak zaman kayb\u0131n\u0131 en aza indirir.<br \/>\nGeni\u015f Uyum \u00d6zelli\u011fi ile \u00c7oklu Cihaz Deste\u011fi<br \/>\nUniversal ba\u011flant\u0131 \u00f6zelli\u011fi, farkl\u0131 marka ve modeldeki cihazlarla uyumlu \u00e7al\u0131\u015farak geni\u015f bir cihaz yelpazesinde kullan\u0131m sa\u011flar. Ak\u0131ll\u0131 telefonlardan tabletlerinize kadar, USB-C giri\u015fine sahip her cihazla uyumlu olmas\u0131, tek bir \u015farj kablosu kullanarak t\u00fcm cihazlar\u0131n\u0131z\u0131 \u015farj etme imkan\u0131 sunar. Bu da size b\u00fcy\u00fck bir kullan\u0131m kolayl\u0131\u011f\u0131 sa\u011flar.<br \/>\nH\u0131zl\u0131 \u015earj ile Maksimum Verimlilik<br \/>\nH\u0131zl\u0131 \u015farj teknolojisi sayesinde, cihazlar\u0131n\u0131z\u0131 \u00e7ok k\u0131sa bir s\u00fcrede \u015farj edebilirsiniz. Bu, g\u00fcnl\u00fck kullan\u0131mda b\u00fcy\u00fck avantaj sa\u011flar \u00e7\u00fcnk\u00fc cihazlar\u0131n\u0131z\u0131n \u015farj olma s\u00fcresi minimuma indirgenir. B\u00f6ylece, g\u00fcn\u00fcn her an\u0131nda enerji kayb\u0131 ya\u015famadan cihazlar\u0131n\u0131z\u0131 kullanmaya devam edebilirsiniz. H\u0131zl\u0131 \u015farj, yo\u011fun tempoda hayat\u0131n\u0131z\u0131 kolayla\u015ft\u0131ran \u00f6nemli bir \u00f6zelliktir. <\/p>\n<p><b>1 adet fiyat\u0131d\u0131r<\/b> <\/p>\n<p><p><b>\u00dcretici Markas\u0131 : ZERO LAND<\/b><\/p>\n<p><b>\u00dcretici Kodu : UCZZZ25W\u0130PHONE\u015eARJJJJJJ1<\/b><\/p>\n<p><b>1 ADET F\u0130YATIDIR<\/b><\/p>\n<\/h4>\n<p><\/p>\n","protected":false},"excerpt":{"rendered":"<p>H\u0131zl\u0131 \u015earj G\u00fc\u00e7 Adapt\u00f6r\u00fc \u015earj Aleti \u0130OS Uyumlu 15\/Pro\/Pro Max<\/p>\n","protected":false},"featured_media":192707,"comment_status":"open","ping_status":"closed","template":"","meta":[],"product_brand":[],"product_cat":[374,460],"product_tag":[14272,4112,3386,4022,1825,3685,2496,2755,1951],"class_list":{"0":"post-192712","1":"product","2":"type-product","3":"status-publish","4":"has-post-thumbnail","6":"product_cat-mobil-aksesuar","7":"product_cat-arj-aleti","8":"product_tag-15-pro-pro","9":"product_tag-adaptoru","10":"product_tag-aleti","11":"product_tag-guc","12":"product_tag-hizli","13":"product_tag-ios","14":"product_tag-max","15":"product_tag-sarj","16":"product_tag-uyumlu","18":"first","19":"instock","20":"taxable","21":"shipping-taxable","22":"purchasable","23":"product-type-simple"},"_links":{"self":[{"href":"https:\/\/depodanmusteriye.com\/urunler\/wp-json\/wp\/v2\/product\/192712","targetHints":{"allow":["GET"]}}],"collection":[{"href":"https:\/\/depodanmusteriye.com\/urunler\/wp-json\/wp\/v2\/product"}],"about":[{"href":"https:\/\/depodanmusteriye.com\/urunler\/wp-json\/wp\/v2\/types\/product"}],"replies":[{"embeddable":true,"href":"https:\/\/depodanmusteriye.com\/urunler\/wp-json\/wp\/v2\/comments?post=192712"}],"version-history":[{"count":0,"href":"https:\/\/depodanmusteriye.com\/urunler\/wp-json\/wp\/v2\/product\/192712\/revisions"}],"wp:featuredmedia":[{"embeddable":true,"href":"https:\/\/depodanmusteriye.com\/urunler\/wp-json\/wp\/v2\/media\/192707"}],"wp:attachment":[{"href":"https:\/\/depodanmusteriye.com\/urunler\/wp-json\/wp\/v2\/media?parent=192712"}],"wp:term":[{"taxonomy":"product_brand","embeddable":true,"href":"https:\/\/depodanmusteriye.com\/urunler\/wp-json\/wp\/v2\/product_brand?post=192712"},{"taxonomy":"product_cat","embeddable":true,"href":"https:\/\/depodanmusteriye.com\/urunler\/wp-json\/wp\/v2\/product_cat?post=192712"},{"taxonomy":"product_tag","embeddable":true,"href":"https:\/\/depodanmusteriye.com\/urunler\/wp-json\/wp\/v2\/product_tag?post=192712"}],"curies":[{"name":"wp","href":"https:\/\/api.w.org\/{rel}","templated":true}]}}