{"id":192706,"date":"2025-12-15T12:37:42","date_gmt":"2025-12-15T12:37:42","guid":{"rendered":"https:\/\/b2b.depodanmusteriye.com\/urun\/15-pro-pro-max-20w-ios-uyumlu-hizli-sarj-aleti-adaptorlu-beyaz\/"},"modified":"2025-12-15T12:37:42","modified_gmt":"2025-12-15T12:37:42","slug":"15-pro-pro-max-20w-ios-uyumlu-hizli-sarj-aleti-adaptorlu-beyaz","status":"publish","type":"product","link":"https:\/\/depodanmusteriye.com\/urunler\/urun\/15-pro-pro-max-20w-ios-uyumlu-hizli-sarj-aleti-adaptorlu-beyaz\/","title":{"rendered":"15\/Pro\/Pro Max 20W \u0130OS Uyumlu H\u0131zl\u0131 \u015earj Aleti Adapt\u00f6rl\u00fc Beyaz"},"content":{"rendered":"<h4>Bu USB-C \u015farj kablosu, cihazlar\u0131n\u0131z\u0131 h\u0131zl\u0131 ve etkili bir \u015fekilde \u015farj etmenize olanak tan\u0131r. \u00d6zellikle USB-C ba\u011flant\u0131 tipi ile uyumlu cihazlar i\u00e7in tasarlanm\u0131\u015f olan bu kablo, g\u00fc\u00e7 iletimini en \u00fcst seviyeye \u00e7\u0131kararak \u015farj s\u00fcrelerinizi k\u0131salt\u0131r. H\u0131zl\u0131 \u015farj teknolojisi sayesinde cihazlar\u0131n\u0131z\u0131 birka\u00e7 dakika i\u00e7inde \u00f6nemli bir seviyeye kadar doldurabilirsiniz. B\u00f6ylece, zaman\u0131n de\u011ferli oldu\u011fu anlarda cihazlar\u0131n\u0131z\u0131 h\u0131zl\u0131ca kullan\u0131ma haz\u0131r hale getirebilirsiniz.<br \/>\nEvrensel Uyumluluk ile \u00c7ok Ama\u00e7l\u0131 Kullan\u0131m<br \/>\nUniversal ba\u011flant\u0131 \u00f6zelli\u011fi, bu kablonun farkl\u0131 cihazlarla uyumlu olmas\u0131n\u0131 sa\u011flar. Ak\u0131ll\u0131 telefonlar, tabletler ve daha bir\u00e7ok USB-C ba\u011flant\u0131 tipine sahip cihazla kullan\u0131labilir. Markadan ba\u011f\u0131ms\u0131z olarak, tek bir kabloyla farkl\u0131 cihazlar\u0131n\u0131z\u0131 rahatl\u0131kla \u015farj edebilir ve bununla birlikte \u015farj kablosu karma\u015fas\u0131ndan da kurtulabilirsiniz. Bu \u00e7oklu uyum \u00f6zelli\u011fi, \u00f6zellikle seyahatlerde veya ofiste hayat\u0131n\u0131z\u0131 kolayla\u015ft\u0131r\u0131r.<br \/>\nZaman Tasarrufu Sa\u011flayan H\u0131zl\u0131 \u015earj \u00d6zelli\u011fi<br \/>\nH\u0131zl\u0131 \u015farj deste\u011fi, cihazlar\u0131n\u0131z\u0131 k\u0131sa s\u00fcrede \u015farj ederek zaman kayb\u0131n\u0131 minimuma indirir. Bu teknoloji, yo\u011fun g\u00fcnlerde ve acil durumlarda b\u00fcy\u00fck avantaj sunar, \u00e7\u00fcnk\u00fc cihazlar\u0131n\u0131z birka\u00e7 dakika i\u00e7inde yeterli enerji seviyesine ula\u015f\u0131r. Hem pratik hem de verimli olan bu \u00f6zellik, enerjinizi daha verimli kullanman\u0131z\u0131 sa\u011flar ve \u015farj s\u00fcrecini daha h\u0131zl\u0131 hale getirir. <\/p>\n<p><b>1 adet fiyat\u0131d\u0131r<\/b> <\/p>\n<p><p><b>\u00dcretici Markas\u0131 : ZERO LAND<\/b><\/p>\n<p><b>\u00dcretici Kodu : UCZZZ25W\u0130PHONE\u015eARJJJJJJ2<\/b><\/p>\n<p><b>1 ADET F\u0130YATIDIR<\/b><\/p>\n<\/h4>\n<p><\/p>\n","protected":false},"excerpt":{"rendered":"<p>15\/Pro\/Pro Max 20W \u0130OS Uyumlu H\u0131zl\u0131 \u015earj Aleti Adapt\u00f6rl\u00fc Beyaz<\/p>\n","protected":false},"featured_media":192701,"comment_status":"open","ping_status":"closed","template":"","meta":[],"product_brand":[],"product_cat":[374,460],"product_tag":[14272,3692,5613,3386,1663,1825,3685,2496,2755,1951],"class_list":{"0":"post-192706","1":"product","2":"type-product","3":"status-publish","4":"has-post-thumbnail","6":"product_cat-mobil-aksesuar","7":"product_cat-arj-aleti","8":"product_tag-15-pro-pro","9":"product_tag-20w","10":"product_tag-adaptorlu","11":"product_tag-aleti","12":"product_tag-beyaz","13":"product_tag-hizli","14":"product_tag-ios","15":"product_tag-max","16":"product_tag-sarj","17":"product_tag-uyumlu","19":"first","20":"instock","21":"taxable","22":"shipping-taxable","23":"purchasable","24":"product-type-simple"},"_links":{"self":[{"href":"https:\/\/depodanmusteriye.com\/urunler\/wp-json\/wp\/v2\/product\/192706","targetHints":{"allow":["GET"]}}],"collection":[{"href":"https:\/\/depodanmusteriye.com\/urunler\/wp-json\/wp\/v2\/product"}],"about":[{"href":"https:\/\/depodanmusteriye.com\/urunler\/wp-json\/wp\/v2\/types\/product"}],"replies":[{"embeddable":true,"href":"https:\/\/depodanmusteriye.com\/urunler\/wp-json\/wp\/v2\/comments?post=192706"}],"version-history":[{"count":0,"href":"https:\/\/depodanmusteriye.com\/urunler\/wp-json\/wp\/v2\/product\/192706\/revisions"}],"wp:featuredmedia":[{"embeddable":true,"href":"https:\/\/depodanmusteriye.com\/urunler\/wp-json\/wp\/v2\/media\/192701"}],"wp:attachment":[{"href":"https:\/\/depodanmusteriye.com\/urunler\/wp-json\/wp\/v2\/media?parent=192706"}],"wp:term":[{"taxonomy":"product_brand","embeddable":true,"href":"https:\/\/depodanmusteriye.com\/urunler\/wp-json\/wp\/v2\/product_brand?post=192706"},{"taxonomy":"product_cat","embeddable":true,"href":"https:\/\/depodanmusteriye.com\/urunler\/wp-json\/wp\/v2\/product_cat?post=192706"},{"taxonomy":"product_tag","embeddable":true,"href":"https:\/\/depodanmusteriye.com\/urunler\/wp-json\/wp\/v2\/product_tag?post=192706"}],"curies":[{"name":"wp","href":"https:\/\/api.w.org\/{rel}","templated":true}]}}