{"id":192458,"date":"2025-12-15T12:22:38","date_gmt":"2025-12-15T12:22:38","guid":{"rendered":"https:\/\/b2b.depodanmusteriye.com\/urun\/120w-3-in-1-uyumlu-silikon-sarj-kablosu-hizli-sarj-kablosu-2\/"},"modified":"2025-12-15T12:22:38","modified_gmt":"2025-12-15T12:22:38","slug":"120w-3-in-1-uyumlu-silikon-sarj-kablosu-hizli-sarj-kablosu-2","status":"publish","type":"product","link":"https:\/\/depodanmusteriye.com\/urunler\/urun\/120w-3-in-1-uyumlu-silikon-sarj-kablosu-hizli-sarj-kablosu-2\/","title":{"rendered":"120W 3 \u0130n 1 Uyumlu Silikon \u015earj Kablosu H\u0131zl\u0131 \u015earj Kablosu"},"content":{"rendered":"<h4>USB Type-C 120W H\u0131zl\u0131 \u015earj Kablosu &#8211; 180 Derece D\u00f6nen Ba\u015fl\u0131k<\/p>\n<p>Y\u00fcksek G\u00fc\u00e7 Kapasitesi: 120 watt g\u00fcc\u00fc ile ak\u0131ll\u0131 telefonlar\u0131n\u0131z\u0131, tabletlerinizi ve di\u011fer cihazlar\u0131n\u0131z\u0131 h\u0131zl\u0131 ve etkili bir \u015fekilde \u015farj edin. \u00d6zellikle Samsung, Xiaomi gibi pop\u00fcler markalar\u0131n cihazlar\u0131yla uyumludur.<\/p>\n<p>USB Type-C Ba\u011flant\u0131s\u0131: USB Type-C ile g\u00fc\u00e7l\u00fc veri aktar\u0131m\u0131 ve h\u0131zl\u0131 \u015farj \u00f6zelliklerini bir arada sunar. Cihazlar\u0131n\u0131zla m\u00fckemmel uyumluluk sa\u011flar ve y\u00fcksek h\u0131zda veri iletimi ger\u00e7ekle\u015ftirir.<\/p>\n<p>Esnek 180 Derece D\u00f6nen Tasar\u0131m: Kablonun 180 derece d\u00f6nebilmesi, kablo y\u00f6netimini \u00e7ok daha kolay hale getirir. Bu esnek tasar\u0131m, kablonun istedi\u011finiz y\u00f6nde kullan\u0131labilmesini sa\u011flar ve kar\u0131\u015fmay\u0131 engeller.<\/p>\n<p>Dayan\u0131kl\u0131 Yap\u0131: Metal u\u00e7lar\u0131 ve kal\u0131n yap\u0131s\u0131 ile uzun \u00f6m\u00fcrl\u00fcd\u00fcr. Ak\u0131m korumal\u0131 yap\u0131s\u0131 sayesinde g\u00fcvenli bir \u015farj deneyimi sunar.<\/p>\n<p>LED I\u015f\u0131k G\u00f6stergesi: Kablonun u\u00e7lar\u0131ndaki ye\u015fil LED \u0131\u015f\u0131k, \u015farj durumunu kolayca takip etmenizi sa\u011flar.<\/p>\n<p>Bu \u015farj kablosu, hem \u015farj hem de veri aktar\u0131m\u0131 i\u00e7in h\u0131zl\u0131, g\u00fcvenli ve pratik bir \u00e7\u00f6z\u00fcm sunar. Modern cihazlar\u0131n\u0131z i\u00e7in ideal bir aksesuar! <\/p>\n<p><b>1 adet fiyat\u0131d\u0131r<\/b> <\/p>\n<p><p><b>\u00dcretici Markas\u0131 : ZERO LAND<\/b><\/p>\n<p><b>\u00dcretici Kodu : UCZZZS219\u015eARJKABLOSUUUUUU3<\/b><\/p>\n<p><b>1 ADET F\u0130YATIDIR<\/b><\/p>\n<\/h4>\n<p><\/p>\n","protected":false},"excerpt":{"rendered":"<p>120W 3 \u0130n 1 Uyumlu Silikon \u015earj Kablosu H\u0131zl\u0131 \u015earj Kablosu<\/p>\n","protected":false},"featured_media":192453,"comment_status":"open","ping_status":"closed","template":"","meta":[],"product_brand":[],"product_cat":[379,1042],"product_tag":[1056,14257,1350,1825,5105,3341,2755,2486,1951],"class_list":{"0":"post-192458","1":"product","2":"type-product","3":"status-publish","4":"has-post-thumbnail","6":"product_cat-ev-yasam","7":"product_cat-arj-kablosu","8":"product_tag-1056","9":"product_tag-120w","10":"product_tag-1350","11":"product_tag-hizli","12":"product_tag-in","13":"product_tag-kablosu","14":"product_tag-sarj","15":"product_tag-silikon","16":"product_tag-uyumlu","18":"first","19":"instock","20":"taxable","21":"shipping-taxable","22":"purchasable","23":"product-type-simple"},"_links":{"self":[{"href":"https:\/\/depodanmusteriye.com\/urunler\/wp-json\/wp\/v2\/product\/192458","targetHints":{"allow":["GET"]}}],"collection":[{"href":"https:\/\/depodanmusteriye.com\/urunler\/wp-json\/wp\/v2\/product"}],"about":[{"href":"https:\/\/depodanmusteriye.com\/urunler\/wp-json\/wp\/v2\/types\/product"}],"replies":[{"embeddable":true,"href":"https:\/\/depodanmusteriye.com\/urunler\/wp-json\/wp\/v2\/comments?post=192458"}],"version-history":[{"count":0,"href":"https:\/\/depodanmusteriye.com\/urunler\/wp-json\/wp\/v2\/product\/192458\/revisions"}],"wp:featuredmedia":[{"embeddable":true,"href":"https:\/\/depodanmusteriye.com\/urunler\/wp-json\/wp\/v2\/media\/192453"}],"wp:attachment":[{"href":"https:\/\/depodanmusteriye.com\/urunler\/wp-json\/wp\/v2\/media?parent=192458"}],"wp:term":[{"taxonomy":"product_brand","embeddable":true,"href":"https:\/\/depodanmusteriye.com\/urunler\/wp-json\/wp\/v2\/product_brand?post=192458"},{"taxonomy":"product_cat","embeddable":true,"href":"https:\/\/depodanmusteriye.com\/urunler\/wp-json\/wp\/v2\/product_cat?post=192458"},{"taxonomy":"product_tag","embeddable":true,"href":"https:\/\/depodanmusteriye.com\/urunler\/wp-json\/wp\/v2\/product_tag?post=192458"}],"curies":[{"name":"wp","href":"https:\/\/api.w.org\/{rel}","templated":true}]}}