{"id":192440,"date":"2025-12-15T12:21:31","date_gmt":"2025-12-15T12:21:31","guid":{"rendered":"https:\/\/b2b.depodanmusteriye.com\/urun\/kablosuz-baglanti-yuksek-hassasiyetli-kablosuz-wireless-siyah-mouse-2\/"},"modified":"2025-12-15T12:21:31","modified_gmt":"2025-12-15T12:21:31","slug":"kablosuz-baglanti-yuksek-hassasiyetli-kablosuz-wireless-siyah-mouse-2","status":"publish","type":"product","link":"https:\/\/depodanmusteriye.com\/urunler\/urun\/kablosuz-baglanti-yuksek-hassasiyetli-kablosuz-wireless-siyah-mouse-2\/","title":{"rendered":"Kablosuz Ba\u011flant\u0131 Y\u00fcksek Hassasiyetli Kablosuz Wireless Siyah Mouse"},"content":{"rendered":"<h4>Y\u00fcksek Hassasiyetli 1600 DPI Sens\u00f6r: Oyun ve profesyonel i\u015fler i\u00e7in ideal olan bu kablosuz mouse, 1600 DPI optik sens\u00f6r ile her hareketinizi m\u00fckemmel bir hassasiyetle alg\u0131lar. Detayl\u0131 ve h\u0131zl\u0131 i\u015flemler i\u00e7in y\u00fcksek performans sa\u011flar.<\/p>\n<p>Ergonomik Tasar\u0131m: Uzun s\u00fcreli kullan\u0131mda rahatl\u0131k sa\u011flayan ergonomik yap\u0131, bilek yorgunlu\u011funu azalt\u0131r. Elinizin do\u011fal \u015fekline uyum sa\u011flayarak konforlu bir tutu\u015f sunar.<\/p>\n<p>Kablosuz Ba\u011flant\u0131: USB al\u0131c\u0131 ile kolayca ba\u011flan\u0131r ve kablo karma\u015fas\u0131na son verir. Y\u00fcksek performansl\u0131 kablosuz ba\u011flant\u0131 sayesinde hareket \u00f6zg\u00fcrl\u00fc\u011f\u00fcn\u00fcz\u00fc en \u00fcst d\u00fczeye \u00e7\u0131kar\u0131r.<\/p>\n<p>Ayarlanabilir DPI Se\u00e7enekleri: 1000\u2019den 5000 DPI seviyesine kadar ayarlanabilir hassasiyet se\u00e7enekleri sunar. Oyunlarda veya profesyonel i\u015flerde farkl\u0131 DPI se\u00e7enekleriyle ihtiyac\u0131n\u0131za g\u00f6re \u00f6zelle\u015ftirilmi\u015f kullan\u0131m sa\u011flar.<\/p>\n<p>\u015e\u0131k ve Dayan\u0131kl\u0131 Tasar\u0131m: Hem \u015f\u0131k hem de dayan\u0131kl\u0131 malzemeden \u00fcretilmi\u015f olan bu mouse, uzun \u00f6m\u00fcrl\u00fc kullan\u0131m i\u00e7in tasarlanm\u0131\u015ft\u0131r. G\u00f6z al\u0131c\u0131 g\u00f6r\u00fcn\u00fcme sahip olup, hem oyun hem de ofis kullan\u0131m\u0131 i\u00e7in idealdir. <\/p>\n<p><b>1 adet fiyat\u0131d\u0131r<\/b> <\/p>\n<p><p><b>\u00dcretici Markas\u0131 : ZERO LAND<\/b><\/p>\n<p><b>\u00dcretici Kodu : UCZZZPG908MOUSEEEEEEE3<\/b><\/p>\n<p><b>1 ADET F\u0130YATIDIR<\/b><\/p>\n<\/h4>\n<p><\/p>\n","protected":false},"excerpt":{"rendered":"<p>Kablosuz Ba\u011flant\u0131 Y\u00fcksek Hassasiyetli Kablosuz Wireless Siyah Mouse<\/p>\n","protected":false},"featured_media":192435,"comment_status":"open","ping_status":"closed","template":"","meta":[],"product_brand":[],"product_cat":[377,2208],"product_tag":[2645,4349,1640,4071,1391,4350,2630],"class_list":{"0":"post-192440","1":"product","2":"type-product","3":"status-publish","4":"has-post-thumbnail","6":"product_cat-gsm-mobil-aksesuar","7":"product_cat-mouse-gsm-mobil-aksesuar","8":"product_tag-baglanti","9":"product_tag-hassasiyetli","10":"product_tag-kablosuz","11":"product_tag-mouse","12":"product_tag-siyah","13":"product_tag-wireless","14":"product_tag-yuksek","16":"first","17":"instock","18":"taxable","19":"shipping-taxable","20":"purchasable","21":"product-type-simple"},"_links":{"self":[{"href":"https:\/\/depodanmusteriye.com\/urunler\/wp-json\/wp\/v2\/product\/192440","targetHints":{"allow":["GET"]}}],"collection":[{"href":"https:\/\/depodanmusteriye.com\/urunler\/wp-json\/wp\/v2\/product"}],"about":[{"href":"https:\/\/depodanmusteriye.com\/urunler\/wp-json\/wp\/v2\/types\/product"}],"replies":[{"embeddable":true,"href":"https:\/\/depodanmusteriye.com\/urunler\/wp-json\/wp\/v2\/comments?post=192440"}],"version-history":[{"count":0,"href":"https:\/\/depodanmusteriye.com\/urunler\/wp-json\/wp\/v2\/product\/192440\/revisions"}],"wp:featuredmedia":[{"embeddable":true,"href":"https:\/\/depodanmusteriye.com\/urunler\/wp-json\/wp\/v2\/media\/192435"}],"wp:attachment":[{"href":"https:\/\/depodanmusteriye.com\/urunler\/wp-json\/wp\/v2\/media?parent=192440"}],"wp:term":[{"taxonomy":"product_brand","embeddable":true,"href":"https:\/\/depodanmusteriye.com\/urunler\/wp-json\/wp\/v2\/product_brand?post=192440"},{"taxonomy":"product_cat","embeddable":true,"href":"https:\/\/depodanmusteriye.com\/urunler\/wp-json\/wp\/v2\/product_cat?post=192440"},{"taxonomy":"product_tag","embeddable":true,"href":"https:\/\/depodanmusteriye.com\/urunler\/wp-json\/wp\/v2\/product_tag?post=192440"}],"curies":[{"name":"wp","href":"https:\/\/api.w.org\/{rel}","templated":true}]}}