{"id":192428,"date":"2025-12-15T12:20:38","date_gmt":"2025-12-15T12:20:38","guid":{"rendered":"https:\/\/b2b.depodanmusteriye.com\/urun\/akilli-saat-arama-konusma-gps-ve-nfc-ozelligi-3-kordonlu-amoled-ekran-2\/"},"modified":"2025-12-15T12:20:38","modified_gmt":"2025-12-15T12:20:38","slug":"akilli-saat-arama-konusma-gps-ve-nfc-ozelligi-3-kordonlu-amoled-ekran-2","status":"publish","type":"product","link":"https:\/\/depodanmusteriye.com\/urunler\/urun\/akilli-saat-arama-konusma-gps-ve-nfc-ozelligi-3-kordonlu-amoled-ekran-2\/","title":{"rendered":"Ak\u0131ll\u0131 Saat Arama Konu\u015fma GPS ve NFC \u00d6zelli\u011fi 3 Kordonlu Amoled Ekran"},"content":{"rendered":"<h4>Haino Teko 2A Su Ge\u00e7irmez Ak\u0131ll\u0131 Saat, \u015f\u0131kl\u0131\u011f\u0131 ve i\u015flevselli\u011fi bir arada sunar. Ad\u0131msayar \u00f6zelli\u011fi sayesinde g\u00fcnl\u00fck aktivitelerinizi takip edebilir, fiziksel hedeflerinize ula\u015fman\u0131z\u0131 sa\u011flayacak veriler elde edebilirsiniz. 200-300 mAh batarya kapasitesi ile uzun s\u00fcreli kullan\u0131m sunar ve sizi her an g\u00fcvende tutar. GPS \u00f6zelli\u011fi bulunmamakla birlikte, konumunuzu takip etmek i\u00e7in alternatif y\u00f6ntemler kullan\u0131labilir. Suya ve toza dayan\u0131kl\u0131 tasar\u0131m\u0131, her t\u00fcrl\u00fc hava ko\u015fulunda rahat\u00e7a kullan\u0131m imkan\u0131 sa\u011flar, ya\u011fmurda veya terli ko\u015fularda bile saatinizle aktivitenizi s\u00fcrd\u00fcrebilirsiniz. Nab\u0131z sens\u00f6r\u00fc ile kalp at\u0131\u015f h\u0131z\u0131n\u0131z\u0131 izleyebilir, sa\u011fl\u0131k durumunuzu anl\u0131k olarak kontrol edebilirsiniz. Titre\u015fim bildirimleri, gelen \u00e7a\u011fr\u0131lar\u0131n\u0131z\u0131 ve mesajlar\u0131n\u0131z\u0131 fark etmenizi sa\u011flayarak \u00f6nemli anlar\u0131 ka\u00e7\u0131rman\u0131z\u0131 engeller. Uyku takibi \u00f6zelli\u011fi ile uyku d\u00fczeninizi analiz eder ve daha kaliteli bir uyku i\u00e7in \u00f6nerilerde bulunur. Sesli g\u00f6r\u00fc\u015fme deste\u011fi sayesinde telefonunuzu cebinizden \u00e7\u0131karma gereksinimi duymadan rahatl\u0131kla \u00e7a\u011fr\u0131lara yan\u0131t verebilirsiniz. \u015e\u0131k ve dayan\u0131kl\u0131 tasar\u0131m\u0131 ile bu ak\u0131ll\u0131 saat, g\u00fcnl\u00fck kullan\u0131m i\u00e7in m\u00fckemmel bir aksesuar olmas\u0131n\u0131n yan\u0131 s\u0131ra, spor ve a\u00e7\u0131k hava aktivitelerinde de sizi yaln\u0131z b\u0131rakmaz. 20 g\u00fcn s\u00fcresince batarya \u00f6mr\u00fc ile kesintisiz kullan\u0131m deneyimi sunar. <\/p>\n<p><b>1 adet fiyat\u0131d\u0131r<\/b> <\/p>\n<p><p><b>\u00dcretici Markas\u0131 : ZERO LAND<\/b><\/p>\n<p><b>\u00dcretici Kodu : UCZZZHA\u0130NOTEKOOOO2<\/b><\/p>\n<p><b>1 ADET F\u0130YATIDIR<\/b><\/p>\n<\/h4>\n<p><\/p>\n","protected":false},"excerpt":{"rendered":"<p>Ak\u0131ll\u0131 Saat Arama Konu\u015fma GPS ve NFC \u00d6zelli\u011fi 3 Kordonlu Amoled Ekran<\/p>\n","protected":false},"featured_media":192423,"comment_status":"open","ping_status":"closed","template":"","meta":[],"product_brand":[],"product_cat":[630,374],"product_tag":[1350,3636,13828,13185,2774,13458,3634,7194,3635,13447,3637,2104],"class_list":{"0":"post-192428","1":"product","2":"type-product","3":"status-publish","4":"has-post-thumbnail","6":"product_cat-akilli-saat","7":"product_cat-mobil-aksesuar","8":"product_tag-1350","9":"product_tag-akilli","10":"product_tag-amoled","11":"product_tag-arama","12":"product_tag-ekran","13":"product_tag-gps","14":"product_tag-konusma","15":"product_tag-kordonlu","16":"product_tag-nfc","17":"product_tag-ozelligi","18":"product_tag-saat","19":"product_tag-ve","21":"first","22":"instock","23":"taxable","24":"shipping-taxable","25":"purchasable","26":"product-type-simple"},"_links":{"self":[{"href":"https:\/\/depodanmusteriye.com\/urunler\/wp-json\/wp\/v2\/product\/192428","targetHints":{"allow":["GET"]}}],"collection":[{"href":"https:\/\/depodanmusteriye.com\/urunler\/wp-json\/wp\/v2\/product"}],"about":[{"href":"https:\/\/depodanmusteriye.com\/urunler\/wp-json\/wp\/v2\/types\/product"}],"replies":[{"embeddable":true,"href":"https:\/\/depodanmusteriye.com\/urunler\/wp-json\/wp\/v2\/comments?post=192428"}],"version-history":[{"count":0,"href":"https:\/\/depodanmusteriye.com\/urunler\/wp-json\/wp\/v2\/product\/192428\/revisions"}],"wp:featuredmedia":[{"embeddable":true,"href":"https:\/\/depodanmusteriye.com\/urunler\/wp-json\/wp\/v2\/media\/192423"}],"wp:attachment":[{"href":"https:\/\/depodanmusteriye.com\/urunler\/wp-json\/wp\/v2\/media?parent=192428"}],"wp:term":[{"taxonomy":"product_brand","embeddable":true,"href":"https:\/\/depodanmusteriye.com\/urunler\/wp-json\/wp\/v2\/product_brand?post=192428"},{"taxonomy":"product_cat","embeddable":true,"href":"https:\/\/depodanmusteriye.com\/urunler\/wp-json\/wp\/v2\/product_cat?post=192428"},{"taxonomy":"product_tag","embeddable":true,"href":"https:\/\/depodanmusteriye.com\/urunler\/wp-json\/wp\/v2\/product_tag?post=192428"}],"curies":[{"name":"wp","href":"https:\/\/api.w.org\/{rel}","templated":true}]}}