{"id":192422,"date":"2025-12-15T12:20:14","date_gmt":"2025-12-15T12:20:14","guid":{"rendered":"https:\/\/b2b.depodanmusteriye.com\/urun\/ultra-3-kordonlu-amoled-ekran-akilli-saat-cok-fonksiyonlu-uyku-ve-saglik-takibi-2\/"},"modified":"2025-12-15T12:20:14","modified_gmt":"2025-12-15T12:20:14","slug":"ultra-3-kordonlu-amoled-ekran-akilli-saat-cok-fonksiyonlu-uyku-ve-saglik-takibi-2","status":"publish","type":"product","link":"https:\/\/depodanmusteriye.com\/urunler\/urun\/ultra-3-kordonlu-amoled-ekran-akilli-saat-cok-fonksiyonlu-uyku-ve-saglik-takibi-2\/","title":{"rendered":"Ultra 3 Kordonlu Amoled Ekran Ak\u0131ll\u0131 Saat \u00c7ok Fonksiyonlu Uyku ve Sa\u011fl\u0131k Takibi"},"content":{"rendered":"<h4>Haino Teko 2A Su Ge\u00e7irmez Ak\u0131ll\u0131 Saat, fonksiyonelli\u011fi ve estetik tasar\u0131m\u0131 bir arada sunuyor. Ad\u0131msayar \u00f6zelli\u011fi ile g\u00fcnl\u00fck hareketlerinizi takip edebilir, sa\u011fl\u0131kl\u0131 ya\u015fam hedeflerinize ula\u015fmak i\u00e7in motivasyon sa\u011flayabilirsiniz. 200-300 mAh batarya kapasitesi ile uzun s\u00fcreli kullan\u0131m sunarak sizi yar\u0131 yolda b\u0131rakmaz. Suya ve toza dayan\u0131kl\u0131 yap\u0131s\u0131 sayesinde her t\u00fcrl\u00fc hava ko\u015fulunda, spor yaparken ya da ya\u011fmurda dahi rahatl\u0131kla kullan\u0131labilir. Nab\u0131z sens\u00f6r\u00fc ile kalp at\u0131\u015f h\u0131z\u0131n\u0131z\u0131 anl\u0131k olarak izleyebilir, sa\u011fl\u0131k durumunuzu kontrol alt\u0131nda tutabilirsiniz. Uyku takibi \u00f6zelli\u011fi, uyku d\u00fczeninizi analiz ederek daha sa\u011fl\u0131kl\u0131 bir ya\u015fam i\u00e7in size \u00f6neriler sunar. Titre\u015fim bildirimleri sayesinde \u00e7a\u011fr\u0131lar\u0131 ve mesajlar\u0131 ka\u00e7\u0131rmadan her an\u0131n tad\u0131n\u0131 \u00e7\u0131karabilirsiniz. 20 g\u00fcn \u015farj s\u00fcresi ile uzun s\u00fcreli kullan\u0131m sa\u011flar ve g\u00fcnl\u00fck aktivitelerinizi takip ederken batarya endi\u015fesini ortadan kald\u0131r\u0131r. Sesli g\u00f6r\u00fc\u015fme \u00f6zelli\u011fi ile telefonunuzu cebinizden \u00e7\u0131karmadan rahat\u00e7a g\u00f6r\u00fc\u015fme yapabilirsiniz. Metalik kasa rengi ve \u015f\u0131k siyah kordonu ile her k\u0131yafetle uyum sa\u011flar, g\u00fcnl\u00fck kullan\u0131m i\u00e7in m\u00fckemmel bir aksesuard\u0131r. <\/p>\n<p><b>1 adet fiyat\u0131d\u0131r<\/b> <\/p>\n<p><p><b>\u00dcretici Markas\u0131 : ZERO LAND<\/b><\/p>\n<p><b>\u00dcretici Kodu : UCZZZHA\u0130NOTEKOOOO3<\/b><\/p>\n<p><b>1 ADET F\u0130YATIDIR<\/b><\/p>\n<\/h4>\n<p><\/p>\n","protected":false},"excerpt":{"rendered":"<p>Ultra 3 Kordonlu Amoled Ekran Ak\u0131ll\u0131 Saat \u00c7ok Fonksiyonlu Uyku ve Sa\u011fl\u0131k Takibi<\/p>\n","protected":false},"featured_media":192417,"comment_status":"open","ping_status":"closed","template":"","meta":[],"product_brand":[],"product_cat":[630,374],"product_tag":[1350,3636,13828,4047,2774,3009,7194,3637,4398,4310,1976,4244,2104],"class_list":{"0":"post-192422","1":"product","2":"type-product","3":"status-publish","4":"has-post-thumbnail","6":"product_cat-akilli-saat","7":"product_cat-mobil-aksesuar","8":"product_tag-1350","9":"product_tag-akilli","10":"product_tag-amoled","11":"product_tag-cok","12":"product_tag-ekran","13":"product_tag-fonksiyonlu","14":"product_tag-kordonlu","15":"product_tag-saat","16":"product_tag-saglik","17":"product_tag-takibi","18":"product_tag-ultra","19":"product_tag-uyku","20":"product_tag-ve","22":"first","23":"instock","24":"taxable","25":"shipping-taxable","26":"purchasable","27":"product-type-simple"},"_links":{"self":[{"href":"https:\/\/depodanmusteriye.com\/urunler\/wp-json\/wp\/v2\/product\/192422","targetHints":{"allow":["GET"]}}],"collection":[{"href":"https:\/\/depodanmusteriye.com\/urunler\/wp-json\/wp\/v2\/product"}],"about":[{"href":"https:\/\/depodanmusteriye.com\/urunler\/wp-json\/wp\/v2\/types\/product"}],"replies":[{"embeddable":true,"href":"https:\/\/depodanmusteriye.com\/urunler\/wp-json\/wp\/v2\/comments?post=192422"}],"version-history":[{"count":0,"href":"https:\/\/depodanmusteriye.com\/urunler\/wp-json\/wp\/v2\/product\/192422\/revisions"}],"wp:featuredmedia":[{"embeddable":true,"href":"https:\/\/depodanmusteriye.com\/urunler\/wp-json\/wp\/v2\/media\/192417"}],"wp:attachment":[{"href":"https:\/\/depodanmusteriye.com\/urunler\/wp-json\/wp\/v2\/media?parent=192422"}],"wp:term":[{"taxonomy":"product_brand","embeddable":true,"href":"https:\/\/depodanmusteriye.com\/urunler\/wp-json\/wp\/v2\/product_brand?post=192422"},{"taxonomy":"product_cat","embeddable":true,"href":"https:\/\/depodanmusteriye.com\/urunler\/wp-json\/wp\/v2\/product_cat?post=192422"},{"taxonomy":"product_tag","embeddable":true,"href":"https:\/\/depodanmusteriye.com\/urunler\/wp-json\/wp\/v2\/product_tag?post=192422"}],"curies":[{"name":"wp","href":"https:\/\/api.w.org\/{rel}","templated":true}]}}