{"id":192398,"date":"2025-12-15T12:18:40","date_gmt":"2025-12-15T12:18:40","guid":{"rendered":"https:\/\/b2b.depodanmusteriye.com\/urun\/gaming-kulaklik-bluetooth-5-2-kablosuz-kulakici-rgb-isikli-cift-mikrofonlu-2\/"},"modified":"2025-12-15T12:18:40","modified_gmt":"2025-12-15T12:18:40","slug":"gaming-kulaklik-bluetooth-5-2-kablosuz-kulakici-rgb-isikli-cift-mikrofonlu-2","status":"publish","type":"product","link":"https:\/\/depodanmusteriye.com\/urunler\/urun\/gaming-kulaklik-bluetooth-5-2-kablosuz-kulakici-rgb-isikli-cift-mikrofonlu-2\/","title":{"rendered":"Gaming Kulakl\u0131k Bluetooth 5.2 Kablosuz Kulaki\u00e7i Rgb I\u015f\u0131kl\u0131 \u00c7ift Mikrofonlu"},"content":{"rendered":"<h4>G30 Siyah Profesyonel Oyuncu Kulakl\u0131\u011f\u0131, \u00f6zellikle oyun tutkunlar\u0131 i\u00e7in tasarlanm\u0131\u015f bir \u00fcr\u00fcnd\u00fcr. Bluetooth 5.2 teknolojisi sayesinde 45 ms&#8217;lik d\u00fc\u015f\u00fck gecikme s\u00fcresi ile oyun deneyiminizde kesintisiz ve an\u0131nda tepki al\u0131rs\u0131n\u0131z. Kulakl\u0131k, ses kalitesi a\u00e7\u0131s\u0131ndan iyi bir performans sunarken, mikrofon kalitesi orta seviyededir. Bu durum, \u00f6zellikle sesin fazla oldu\u011fu ortamlarda telefon g\u00f6r\u00fc\u015fmelerinde zorluk yaratabilir. Ancak, sessiz ortamlarda mikrofon stabil bir performans sergiler. Ortalama kullan\u0131m s\u00fcresi 2-3 saat aras\u0131nda de\u011fi\u015firken, \u015farj kutusu kulakl\u0131klar\u0131 en az 2 defa tam olarak \u015farj edebilme kapasitesine sahiptir. Oyun oynarken ya da g\u00fcnl\u00fck kullan\u0131mda rahat\u00e7a kullanabilece\u011finiz, d\u00fc\u015f\u00fck gecikme ve iyi ses kalitesi sunan bu kulakl\u0131k, uzun s\u00fcreli kullan\u0131m i\u00e7in ideal bir tercihtir. <\/p>\n<p><b>1 adet fiyat\u0131d\u0131r<\/b> <\/p>\n<p><p><b>\u00dcretici Markas\u0131 : ZERO LAND<\/b><\/p>\n<p><b>\u00dcretici Kodu : UCZZZG30KULAKLIKKKKKKK4<\/b><\/p>\n<p><b>1 ADET F\u0130YATIDIR<\/b><\/p>\n<\/h4>\n<p><\/p>\n","protected":false},"excerpt":{"rendered":"<p>Gaming Kulakl\u0131k Bluetooth 5.2 Kablosuz Kulaki\u00e7i Rgb I\u015f\u0131kl\u0131 \u00c7ift Mikrofonlu<\/p>\n","protected":false},"featured_media":192393,"comment_status":"open","ping_status":"closed","template":"","meta":[],"product_brand":[],"product_cat":[494,374],"product_tag":[9615,3605,1747,4198,3901,1640,14140,1641,1966,1967],"class_list":{"0":"post-192398","1":"product","2":"type-product","3":"status-publish","4":"has-post-thumbnail","6":"product_cat-kulak-ici-tws-bluetooth-kulaklik","7":"product_cat-mobil-aksesuar","8":"product_tag-5-2","9":"product_tag-bluetooth","10":"product_tag-cift","11":"product_tag-gaming","12":"product_tag-isikli","13":"product_tag-kablosuz","14":"product_tag-kulakici","15":"product_tag-kulaklik","16":"product_tag-mikrofonlu","17":"product_tag-rgb","19":"first","20":"instock","21":"taxable","22":"shipping-taxable","23":"purchasable","24":"product-type-simple"},"_links":{"self":[{"href":"https:\/\/depodanmusteriye.com\/urunler\/wp-json\/wp\/v2\/product\/192398","targetHints":{"allow":["GET"]}}],"collection":[{"href":"https:\/\/depodanmusteriye.com\/urunler\/wp-json\/wp\/v2\/product"}],"about":[{"href":"https:\/\/depodanmusteriye.com\/urunler\/wp-json\/wp\/v2\/types\/product"}],"replies":[{"embeddable":true,"href":"https:\/\/depodanmusteriye.com\/urunler\/wp-json\/wp\/v2\/comments?post=192398"}],"version-history":[{"count":0,"href":"https:\/\/depodanmusteriye.com\/urunler\/wp-json\/wp\/v2\/product\/192398\/revisions"}],"wp:featuredmedia":[{"embeddable":true,"href":"https:\/\/depodanmusteriye.com\/urunler\/wp-json\/wp\/v2\/media\/192393"}],"wp:attachment":[{"href":"https:\/\/depodanmusteriye.com\/urunler\/wp-json\/wp\/v2\/media?parent=192398"}],"wp:term":[{"taxonomy":"product_brand","embeddable":true,"href":"https:\/\/depodanmusteriye.com\/urunler\/wp-json\/wp\/v2\/product_brand?post=192398"},{"taxonomy":"product_cat","embeddable":true,"href":"https:\/\/depodanmusteriye.com\/urunler\/wp-json\/wp\/v2\/product_cat?post=192398"},{"taxonomy":"product_tag","embeddable":true,"href":"https:\/\/depodanmusteriye.com\/urunler\/wp-json\/wp\/v2\/product_tag?post=192398"}],"curies":[{"name":"wp","href":"https:\/\/api.w.org\/{rel}","templated":true}]}}