{"id":190688,"date":"2025-12-15T10:35:19","date_gmt":"2025-12-15T10:35:19","guid":{"rendered":"https:\/\/b2b.depodanmusteriye.com\/urun\/sarjli-tasinabilir-oyun-konsolu-x7m-retro-game-box-2\/"},"modified":"2025-12-15T10:35:19","modified_gmt":"2025-12-15T10:35:19","slug":"sarjli-tasinabilir-oyun-konsolu-x7m-retro-game-box-2","status":"publish","type":"product","link":"https:\/\/depodanmusteriye.com\/urunler\/urun\/sarjli-tasinabilir-oyun-konsolu-x7m-retro-game-box-2\/","title":{"rendered":"\u015earjl\u0131 Ta\u015f\u0131nabilir Oyun Konsolu \u2013 X7M Retro Game Box"},"content":{"rendered":"<h4>Dahili \u015farjl\u0131 bataryas\u0131 sayesinde uzun s\u00fcreli kablosuz oyun deneyimi sunar. USB kablo ile kolayca \u015farj edilebilir. Tek \u015farjla saatlerce oyun oynayabilir, diledi\u011finiz yerde \u00f6zg\u00fcrce e\u011flenebilirsiniz. \u00dcstelik enerji tasarruflu yap\u0131s\u0131 sayesinde batarya \u00f6mr\u00fc uzundur. <\/p>\n<p><b>1 adet fiyat\u0131d\u0131r<\/b> <\/p>\n<p><p><b>\u00dcretici Markas\u0131 : ZERO LAND<\/b><\/p>\n<p><b>\u00dcretici Kodu : UCZZZX7M4<\/b><\/p>\n<p><b>1 ADET F\u0130YATIDIR<\/b><\/p>\n<\/h4>\n<p><\/p>\n","protected":false},"excerpt":{"rendered":"<p>\u015earjl\u0131 Ta\u015f\u0131nabilir Oyun Konsolu \u2013 X7M Retro Game Box<\/p>\n","protected":false},"featured_media":190683,"comment_status":"open","ping_status":"closed","template":"","meta":[],"product_brand":[],"product_cat":[379,725],"product_tag":[6067,1960,3998,3997,1963,3975,2982],"class_list":{"0":"post-190688","1":"product","2":"type-product","3":"status-publish","4":"has-post-thumbnail","6":"product_cat-ev-yasam","7":"product_cat-psp-and-vita-oyunu","8":"product_tag-box","9":"product_tag-game","10":"product_tag-konsolu","11":"product_tag-oyun","12":"product_tag-retro","13":"product_tag-sarjli","14":"product_tag-tasinabilir","16":"first","17":"instock","18":"taxable","19":"shipping-taxable","20":"purchasable","21":"product-type-simple"},"_links":{"self":[{"href":"https:\/\/depodanmusteriye.com\/urunler\/wp-json\/wp\/v2\/product\/190688","targetHints":{"allow":["GET"]}}],"collection":[{"href":"https:\/\/depodanmusteriye.com\/urunler\/wp-json\/wp\/v2\/product"}],"about":[{"href":"https:\/\/depodanmusteriye.com\/urunler\/wp-json\/wp\/v2\/types\/product"}],"replies":[{"embeddable":true,"href":"https:\/\/depodanmusteriye.com\/urunler\/wp-json\/wp\/v2\/comments?post=190688"}],"version-history":[{"count":0,"href":"https:\/\/depodanmusteriye.com\/urunler\/wp-json\/wp\/v2\/product\/190688\/revisions"}],"wp:featuredmedia":[{"embeddable":true,"href":"https:\/\/depodanmusteriye.com\/urunler\/wp-json\/wp\/v2\/media\/190683"}],"wp:attachment":[{"href":"https:\/\/depodanmusteriye.com\/urunler\/wp-json\/wp\/v2\/media?parent=190688"}],"wp:term":[{"taxonomy":"product_brand","embeddable":true,"href":"https:\/\/depodanmusteriye.com\/urunler\/wp-json\/wp\/v2\/product_brand?post=190688"},{"taxonomy":"product_cat","embeddable":true,"href":"https:\/\/depodanmusteriye.com\/urunler\/wp-json\/wp\/v2\/product_cat?post=190688"},{"taxonomy":"product_tag","embeddable":true,"href":"https:\/\/depodanmusteriye.com\/urunler\/wp-json\/wp\/v2\/product_tag?post=190688"}],"curies":[{"name":"wp","href":"https:\/\/api.w.org\/{rel}","templated":true}]}}