{"id":190682,"date":"2025-12-15T10:35:01","date_gmt":"2025-12-15T10:35:01","guid":{"rendered":"https:\/\/b2b.depodanmusteriye.com\/urun\/500-retro-oyunlu-tasinabilir-el-konsolu-x7m-modeli-2\/"},"modified":"2025-12-15T10:35:01","modified_gmt":"2025-12-15T10:35:01","slug":"500-retro-oyunlu-tasinabilir-el-konsolu-x7m-modeli-2","status":"publish","type":"product","link":"https:\/\/depodanmusteriye.com\/urunler\/urun\/500-retro-oyunlu-tasinabilir-el-konsolu-x7m-modeli-2\/","title":{"rendered":"500 Retro Oyunlu Ta\u015f\u0131nabilir El Konsolu \u2013 X7M Modeli"},"content":{"rendered":"<h4>Konsolun 3.5 in\u00e7lik renkli LCD ekran\u0131, oyunlar\u0131 net ve canl\u0131 bir \u015fekilde g\u00f6r\u00fcnt\u00fcler. Hem i\u00e7 hem d\u0131\u015f mekanlarda rahat izlenebilir ekran parlakl\u0131\u011f\u0131 ile oyun keyfiniz b\u00f6l\u00fcnmeden devam eder. Ekran boyutu, oyun deneyimini hem konforlu hem de e\u011flenceli hale getirir. <\/p>\n<p><b>1 adet fiyat\u0131d\u0131r<\/b> <\/p>\n<p><p><b>\u00dcretici Markas\u0131 : ZERO LAND<\/b><\/p>\n<p><b>\u00dcretici Kodu : UCZZZX7M11<\/b><\/p>\n<p><b>1 ADET F\u0130YATIDIR<\/b><\/p>\n<\/h4>\n<p><\/p>\n","protected":false},"excerpt":{"rendered":"<p>500 Retro Oyunlu Ta\u015f\u0131nabilir El Konsolu \u2013 X7M Modeli<\/p>\n","protected":false},"featured_media":190677,"comment_status":"open","ping_status":"closed","template":"","meta":[],"product_brand":[],"product_cat":[379,725],"product_tag":[2836,2059,3998,14134,4167,1963,2982],"class_list":{"0":"post-190682","1":"product","2":"type-product","3":"status-publish","4":"has-post-thumbnail","6":"product_cat-ev-yasam","7":"product_cat-psp-and-vita-oyunu","8":"product_tag-2836","9":"product_tag-el","10":"product_tag-konsolu","11":"product_tag-modeli","12":"product_tag-oyunlu","13":"product_tag-retro","14":"product_tag-tasinabilir","16":"first","17":"instock","18":"taxable","19":"shipping-taxable","20":"purchasable","21":"product-type-simple"},"_links":{"self":[{"href":"https:\/\/depodanmusteriye.com\/urunler\/wp-json\/wp\/v2\/product\/190682","targetHints":{"allow":["GET"]}}],"collection":[{"href":"https:\/\/depodanmusteriye.com\/urunler\/wp-json\/wp\/v2\/product"}],"about":[{"href":"https:\/\/depodanmusteriye.com\/urunler\/wp-json\/wp\/v2\/types\/product"}],"replies":[{"embeddable":true,"href":"https:\/\/depodanmusteriye.com\/urunler\/wp-json\/wp\/v2\/comments?post=190682"}],"version-history":[{"count":0,"href":"https:\/\/depodanmusteriye.com\/urunler\/wp-json\/wp\/v2\/product\/190682\/revisions"}],"wp:featuredmedia":[{"embeddable":true,"href":"https:\/\/depodanmusteriye.com\/urunler\/wp-json\/wp\/v2\/media\/190677"}],"wp:attachment":[{"href":"https:\/\/depodanmusteriye.com\/urunler\/wp-json\/wp\/v2\/media?parent=190682"}],"wp:term":[{"taxonomy":"product_brand","embeddable":true,"href":"https:\/\/depodanmusteriye.com\/urunler\/wp-json\/wp\/v2\/product_brand?post=190682"},{"taxonomy":"product_cat","embeddable":true,"href":"https:\/\/depodanmusteriye.com\/urunler\/wp-json\/wp\/v2\/product_cat?post=190682"},{"taxonomy":"product_tag","embeddable":true,"href":"https:\/\/depodanmusteriye.com\/urunler\/wp-json\/wp\/v2\/product_tag?post=190682"}],"curies":[{"name":"wp","href":"https:\/\/api.w.org\/{rel}","templated":true}]}}