{"id":190676,"date":"2025-12-15T10:34:41","date_gmt":"2025-12-15T10:34:41","guid":{"rendered":"https:\/\/b2b.depodanmusteriye.com\/urun\/cocuklugunuzun-oyunlari-tek-cihazda-500-oyunlu-el-konsolu-2\/"},"modified":"2025-12-15T10:34:41","modified_gmt":"2025-12-15T10:34:41","slug":"cocuklugunuzun-oyunlari-tek-cihazda-500-oyunlu-el-konsolu-2","status":"publish","type":"product","link":"https:\/\/depodanmusteriye.com\/urunler\/urun\/cocuklugunuzun-oyunlari-tek-cihazda-500-oyunlu-el-konsolu-2\/","title":{"rendered":"\u00c7ocuklu\u011funuzun Oyunlar\u0131 Tek Cihazda \u2013 500 Oyunlu El Konsolu"},"content":{"rendered":"<h4>X7M oyun konsolu, AV \u00e7\u0131k\u0131\u015f\u0131 sayesinde televizyona kolayca ba\u011flanabilir. Bu sayede sevdi\u011finiz klasik oyunlar\u0131 b\u00fcy\u00fck ekranda arkada\u015flar\u0131n\u0131zla ya da ailenizle birlikte oynayabilirsiniz. Kalabal\u0131k ortamlar i\u00e7in ideal bir e\u011flence arac\u0131d\u0131r. G\u00f6rsel ve ses \u00e7\u0131k\u0131\u015flar\u0131 net ve uyumludur. <\/p>\n<p><b>1 adet fiyat\u0131d\u0131r<\/b> <\/p>\n<p><p><b>\u00dcretici Markas\u0131 : ZERO LAND<\/b><\/p>\n<p><b>\u00dcretici Kodu : UCZZZX7M5<\/b><\/p>\n<p><b>1 ADET F\u0130YATIDIR<\/b><\/p>\n<\/h4>\n<p><\/p>\n","protected":false},"excerpt":{"rendered":"<p>\u00c7ocuklu\u011funuzun Oyunlar\u0131 Tek Cihazda \u2013 500 Oyunlu El Konsolu<\/p>\n","protected":false},"featured_media":190671,"comment_status":"open","ping_status":"closed","template":"","meta":[],"product_brand":[],"product_cat":[379,725],"product_tag":[2836,13547,14138,2059,3998,13529,4167,2150],"class_list":{"0":"post-190676","1":"product","2":"type-product","3":"status-publish","4":"has-post-thumbnail","6":"product_cat-ev-yasam","7":"product_cat-psp-and-vita-oyunu","8":"product_tag-2836","9":"product_tag-cihazda","10":"product_tag-cocuklugunuzun","11":"product_tag-el","12":"product_tag-konsolu","13":"product_tag-oyunlari","14":"product_tag-oyunlu","15":"product_tag-tek","17":"first","18":"instock","19":"taxable","20":"shipping-taxable","21":"purchasable","22":"product-type-simple"},"_links":{"self":[{"href":"https:\/\/depodanmusteriye.com\/urunler\/wp-json\/wp\/v2\/product\/190676","targetHints":{"allow":["GET"]}}],"collection":[{"href":"https:\/\/depodanmusteriye.com\/urunler\/wp-json\/wp\/v2\/product"}],"about":[{"href":"https:\/\/depodanmusteriye.com\/urunler\/wp-json\/wp\/v2\/types\/product"}],"replies":[{"embeddable":true,"href":"https:\/\/depodanmusteriye.com\/urunler\/wp-json\/wp\/v2\/comments?post=190676"}],"version-history":[{"count":0,"href":"https:\/\/depodanmusteriye.com\/urunler\/wp-json\/wp\/v2\/product\/190676\/revisions"}],"wp:featuredmedia":[{"embeddable":true,"href":"https:\/\/depodanmusteriye.com\/urunler\/wp-json\/wp\/v2\/media\/190671"}],"wp:attachment":[{"href":"https:\/\/depodanmusteriye.com\/urunler\/wp-json\/wp\/v2\/media?parent=190676"}],"wp:term":[{"taxonomy":"product_brand","embeddable":true,"href":"https:\/\/depodanmusteriye.com\/urunler\/wp-json\/wp\/v2\/product_brand?post=190676"},{"taxonomy":"product_cat","embeddable":true,"href":"https:\/\/depodanmusteriye.com\/urunler\/wp-json\/wp\/v2\/product_cat?post=190676"},{"taxonomy":"product_tag","embeddable":true,"href":"https:\/\/depodanmusteriye.com\/urunler\/wp-json\/wp\/v2\/product_tag?post=190676"}],"curies":[{"name":"wp","href":"https:\/\/api.w.org\/{rel}","templated":true}]}}