{"id":190670,"date":"2025-12-15T10:34:21","date_gmt":"2025-12-15T10:34:21","guid":{"rendered":"https:\/\/b2b.depodanmusteriye.com\/urun\/x7m-oyun-konsolu-2\/"},"modified":"2025-12-15T10:34:21","modified_gmt":"2025-12-15T10:34:21","slug":"x7m-oyun-konsolu-2","status":"publish","type":"product","link":"https:\/\/depodanmusteriye.com\/urunler\/urun\/x7m-oyun-konsolu-2\/","title":{"rendered":"X7M- Oyun Konsolu"},"content":{"rendered":"<h4>Nostalji sever yeti\u015fkinler i\u00e7in ge\u00e7mi\u015fe d\u00f6nmenin e\u011flenceli bir yolu, \u00e7ocuklar i\u00e7inse yeni nesil oyunlara alternatif yarat\u0131c\u0131 bir deneyim! Kullan\u0131m\u0131 kolay aray\u00fcz\u00fc, sade tasar\u0131m\u0131 ve geni\u015f oyun yelpazesi sayesinde her ya\u015f grubuna hitap eder. Do\u011fum g\u00fcn\u00fc, bayram veya \u00f6zel g\u00fcnlerde hediye olarak tercih edilebilir. <\/p>\n<p><b>1 adet fiyat\u0131d\u0131r<\/b> <\/p>\n<p><p><b>\u00dcretici Markas\u0131 : ZERO LAND<\/b><\/p>\n<p><b>\u00dcretici Kodu : UCZZZX7M6<\/b><\/p>\n<p><b>1 ADET F\u0130YATIDIR<\/b><\/p>\n<\/h4>\n<p><\/p>\n","protected":false},"excerpt":{"rendered":"<p>X7M- Oyun Konsolu<\/p>\n","protected":false},"featured_media":190665,"comment_status":"open","ping_status":"closed","template":"","meta":[],"product_brand":[],"product_cat":[379,725],"product_tag":[3998,3997,14137],"class_list":{"0":"post-190670","1":"product","2":"type-product","3":"status-publish","4":"has-post-thumbnail","6":"product_cat-ev-yasam","7":"product_cat-psp-and-vita-oyunu","8":"product_tag-konsolu","9":"product_tag-oyun","10":"product_tag-x7m","12":"first","13":"instock","14":"taxable","15":"shipping-taxable","16":"purchasable","17":"product-type-simple"},"_links":{"self":[{"href":"https:\/\/depodanmusteriye.com\/urunler\/wp-json\/wp\/v2\/product\/190670","targetHints":{"allow":["GET"]}}],"collection":[{"href":"https:\/\/depodanmusteriye.com\/urunler\/wp-json\/wp\/v2\/product"}],"about":[{"href":"https:\/\/depodanmusteriye.com\/urunler\/wp-json\/wp\/v2\/types\/product"}],"replies":[{"embeddable":true,"href":"https:\/\/depodanmusteriye.com\/urunler\/wp-json\/wp\/v2\/comments?post=190670"}],"version-history":[{"count":0,"href":"https:\/\/depodanmusteriye.com\/urunler\/wp-json\/wp\/v2\/product\/190670\/revisions"}],"wp:featuredmedia":[{"embeddable":true,"href":"https:\/\/depodanmusteriye.com\/urunler\/wp-json\/wp\/v2\/media\/190665"}],"wp:attachment":[{"href":"https:\/\/depodanmusteriye.com\/urunler\/wp-json\/wp\/v2\/media?parent=190670"}],"wp:term":[{"taxonomy":"product_brand","embeddable":true,"href":"https:\/\/depodanmusteriye.com\/urunler\/wp-json\/wp\/v2\/product_brand?post=190670"},{"taxonomy":"product_cat","embeddable":true,"href":"https:\/\/depodanmusteriye.com\/urunler\/wp-json\/wp\/v2\/product_cat?post=190670"},{"taxonomy":"product_tag","embeddable":true,"href":"https:\/\/depodanmusteriye.com\/urunler\/wp-json\/wp\/v2\/product_tag?post=190670"}],"curies":[{"name":"wp","href":"https:\/\/api.w.org\/{rel}","templated":true}]}}