{"id":190646,"date":"2025-12-15T10:33:07","date_gmt":"2025-12-15T10:33:07","guid":{"rendered":"https:\/\/b2b.depodanmusteriye.com\/urun\/g5-tasinabilir-retro-oyun-konsolu-cocuk-ve-yetiskinler-icin-2\/"},"modified":"2025-12-15T10:33:07","modified_gmt":"2025-12-15T10:33:07","slug":"g5-tasinabilir-retro-oyun-konsolu-cocuk-ve-yetiskinler-icin-2","status":"publish","type":"product","link":"https:\/\/depodanmusteriye.com\/urunler\/urun\/g5-tasinabilir-retro-oyun-konsolu-cocuk-ve-yetiskinler-icin-2\/","title":{"rendered":"G5 Ta\u015f\u0131nabilir Retro Oyun Konsolu \u2013 \u00c7ocuk ve Yeti\u015fkinler \u0130\u00e7in"},"content":{"rendered":"<h4>Cihaz dahili \u015farjl\u0131 bataryaya sahiptir ve USB kablosu ile kolayca \u015farj edilebilir. Tam \u015farjla uzun saatler boyunca oyun oynaman\u0131za olanak tan\u0131r. Elektrik ba\u011flant\u0131s\u0131 olmadan diledi\u011finiz yerde kesintisiz e\u011flence sunar.<br \/>\n&nbsp; <\/p>\n<p><b>1 adet fiyat\u0131d\u0131r<\/b> <\/p>\n<p><p><b>\u00dcretici Markas\u0131 : ZERO LAND<\/b><\/p>\n<p><b>\u00dcretici Kodu : UCZZZG5ATER\u01303<\/b><\/p>\n<p><b>1 ADET F\u0130YATIDIR<\/b><\/p>\n<\/h4>\n<p><\/p>\n","protected":false},"excerpt":{"rendered":"<p>G5 Ta\u015f\u0131nabilir Retro Oyun Konsolu \u2013 \u00c7ocuk ve Yeti\u015fkinler \u0130\u00e7in<\/p>\n","protected":false},"featured_media":190641,"comment_status":"open","ping_status":"closed","template":"","meta":[],"product_brand":[],"product_cat":[379,725],"product_tag":[2338,1853,3998,3997,1963,2982,2104,8585],"class_list":{"0":"post-190646","1":"product","2":"type-product","3":"status-publish","4":"has-post-thumbnail","6":"product_cat-ev-yasam","7":"product_cat-psp-and-vita-oyunu","8":"product_tag-cocuk","9":"product_tag-icin","10":"product_tag-konsolu","11":"product_tag-oyun","12":"product_tag-retro","13":"product_tag-tasinabilir","14":"product_tag-ve","15":"product_tag-yetiskinler","17":"first","18":"instock","19":"taxable","20":"shipping-taxable","21":"purchasable","22":"product-type-simple"},"_links":{"self":[{"href":"https:\/\/depodanmusteriye.com\/urunler\/wp-json\/wp\/v2\/product\/190646","targetHints":{"allow":["GET"]}}],"collection":[{"href":"https:\/\/depodanmusteriye.com\/urunler\/wp-json\/wp\/v2\/product"}],"about":[{"href":"https:\/\/depodanmusteriye.com\/urunler\/wp-json\/wp\/v2\/types\/product"}],"replies":[{"embeddable":true,"href":"https:\/\/depodanmusteriye.com\/urunler\/wp-json\/wp\/v2\/comments?post=190646"}],"version-history":[{"count":0,"href":"https:\/\/depodanmusteriye.com\/urunler\/wp-json\/wp\/v2\/product\/190646\/revisions"}],"wp:featuredmedia":[{"embeddable":true,"href":"https:\/\/depodanmusteriye.com\/urunler\/wp-json\/wp\/v2\/media\/190641"}],"wp:attachment":[{"href":"https:\/\/depodanmusteriye.com\/urunler\/wp-json\/wp\/v2\/media?parent=190646"}],"wp:term":[{"taxonomy":"product_brand","embeddable":true,"href":"https:\/\/depodanmusteriye.com\/urunler\/wp-json\/wp\/v2\/product_brand?post=190646"},{"taxonomy":"product_cat","embeddable":true,"href":"https:\/\/depodanmusteriye.com\/urunler\/wp-json\/wp\/v2\/product_cat?post=190646"},{"taxonomy":"product_tag","embeddable":true,"href":"https:\/\/depodanmusteriye.com\/urunler\/wp-json\/wp\/v2\/product_tag?post=190646"}],"curies":[{"name":"wp","href":"https:\/\/api.w.org\/{rel}","templated":true}]}}