{"id":190634,"date":"2025-12-15T10:32:33","date_gmt":"2025-12-15T10:32:33","guid":{"rendered":"https:\/\/b2b.depodanmusteriye.com\/urun\/g5-ateri-2\/"},"modified":"2025-12-15T10:32:33","modified_gmt":"2025-12-15T10:32:33","slug":"g5-ateri-2","status":"publish","type":"product","link":"https:\/\/depodanmusteriye.com\/urunler\/urun\/g5-ateri-2\/","title":{"rendered":"G5-Ateri"},"content":{"rendered":"<h4>Geli\u015fmi\u015f renkli 3 in\u00e7 LCD ekran\u0131, oyun deneyimini daha net ve canl\u0131 hale getirirken, ergonomik tu\u015f yerle\u015fimi sayesinde uzun s\u00fcreli kullan\u0131mda konfor sa\u011flar. Oyunlar do\u011frudan cihaz\u0131n haf\u0131zas\u0131na y\u00fckl\u00fc olarak geldi\u011fi i\u00e7in ekstra indirme, kurulum veya internet ba\u011flant\u0131s\u0131na gerek yoktur. Ayr\u0131ca cihaz, AV kablo yard\u0131m\u0131yla televizyona ba\u011flanarak daha b\u00fcy\u00fck ekranda da oynanabilir \u2013 bu \u00f6zellik \u00f6zellikle ailece e\u011flenmek isteyenler i\u00e7in b\u00fcy\u00fck avantaj sunar.<br \/>\nUSB kablo ile \u015farj edilen dahili bataryas\u0131, tek \u015farjla uzun s\u00fcreli kullan\u0131m sa\u011flar. Elektrik ba\u011f\u0131ml\u0131l\u0131\u011f\u0131 olmadan \u00f6zg\u00fcrce oyun oynayabilirsiniz. Dayan\u0131kl\u0131 plastik kasas\u0131, d\u00fc\u015fmelere ve \u00e7izilmelere kar\u015f\u0131 diren\u00e7lidir. G5 Game Box, hem ge\u00e7mi\u015fin oyunlar\u0131n\u0131 ya\u015fatmak isteyen yeti\u015fkinler hem de ke\u015ffetmeye hevesli \u00e7ocuklar i\u00e7in e\u011flenceli, kullan\u0131\u015fl\u0131 ve duygusal de\u011feri y\u00fcksek bir cihazd\u0131r. <\/p>\n<p><b>1 adet fiyat\u0131d\u0131r<\/b> <\/p>\n<p><p><b>\u00dcretici Markas\u0131 : ZERO LAND<\/b><\/p>\n<p><b>\u00dcretici Kodu : UCZZZG5ATER\u013041<\/b><\/p>\n<p><b>1 ADET F\u0130YATIDIR<\/b><\/p>\n<\/h4>\n<p><\/p>\n","protected":false},"excerpt":{"rendered":"<p>G5-Ateri<\/p>\n","protected":false},"featured_media":190629,"comment_status":"open","ping_status":"closed","template":"","meta":[],"product_brand":[],"product_cat":[379,725],"product_tag":[14135],"class_list":{"0":"post-190634","1":"product","2":"type-product","3":"status-publish","4":"has-post-thumbnail","6":"product_cat-ev-yasam","7":"product_cat-psp-and-vita-oyunu","8":"product_tag-g5-ateri","10":"first","11":"instock","12":"taxable","13":"shipping-taxable","14":"purchasable","15":"product-type-simple"},"_links":{"self":[{"href":"https:\/\/depodanmusteriye.com\/urunler\/wp-json\/wp\/v2\/product\/190634","targetHints":{"allow":["GET"]}}],"collection":[{"href":"https:\/\/depodanmusteriye.com\/urunler\/wp-json\/wp\/v2\/product"}],"about":[{"href":"https:\/\/depodanmusteriye.com\/urunler\/wp-json\/wp\/v2\/types\/product"}],"replies":[{"embeddable":true,"href":"https:\/\/depodanmusteriye.com\/urunler\/wp-json\/wp\/v2\/comments?post=190634"}],"version-history":[{"count":0,"href":"https:\/\/depodanmusteriye.com\/urunler\/wp-json\/wp\/v2\/product\/190634\/revisions"}],"wp:featuredmedia":[{"embeddable":true,"href":"https:\/\/depodanmusteriye.com\/urunler\/wp-json\/wp\/v2\/media\/190629"}],"wp:attachment":[{"href":"https:\/\/depodanmusteriye.com\/urunler\/wp-json\/wp\/v2\/media?parent=190634"}],"wp:term":[{"taxonomy":"product_brand","embeddable":true,"href":"https:\/\/depodanmusteriye.com\/urunler\/wp-json\/wp\/v2\/product_brand?post=190634"},{"taxonomy":"product_cat","embeddable":true,"href":"https:\/\/depodanmusteriye.com\/urunler\/wp-json\/wp\/v2\/product_cat?post=190634"},{"taxonomy":"product_tag","embeddable":true,"href":"https:\/\/depodanmusteriye.com\/urunler\/wp-json\/wp\/v2\/product_tag?post=190634"}],"curies":[{"name":"wp","href":"https:\/\/api.w.org\/{rel}","templated":true}]}}