{"id":190610,"date":"2025-12-15T10:31:13","date_gmt":"2025-12-15T10:31:13","guid":{"rendered":"https:\/\/b2b.depodanmusteriye.com\/urun\/m15-game-stick-oyun-konsolu-2\/"},"modified":"2025-12-15T10:31:13","modified_gmt":"2025-12-15T10:31:13","slug":"m15-game-stick-oyun-konsolu-2","status":"publish","type":"product","link":"https:\/\/depodanmusteriye.com\/urunler\/urun\/m15-game-stick-oyun-konsolu-2\/","title":{"rendered":"M15 Game Stick Oyun Konsolu"},"content":{"rendered":"<h4>Cihaz, Bluetooth ba\u011flant\u0131 deste\u011fiyle bir\u00e7ok cihaza kablosuz olarak ba\u011flanabilir. Ayn\u0131 zamanda PS, PC, projeksiyon cihazlar\u0131 ve HDMI destekli t\u00fcm TV&#8217;lerle uyumlu \u00e7al\u0131\u015f\u0131r. Bu da onu evde, ofiste veya e\u011flence alanlar\u0131nda \u00e7ok y\u00f6nl\u00fc bir \u00e7\u00f6z\u00fcm haline getirir. Her ortamda kolay kullan\u0131m i\u00e7in geli\u015ftirilmi\u015ftir. <\/p>\n<p><b>1 adet fiyat\u0131d\u0131r<\/b> <\/p>\n<p><p><b>\u00dcretici Markas\u0131 : ZERO LAND<\/b><\/p>\n<p><b>\u00dcretici Kodu : UCZZZ3DGAMEST\u0130CK3<\/b><\/p>\n<p><b>1 ADET F\u0130YATIDIR<\/b><\/p>\n<\/h4>\n<p><\/p>\n","protected":false},"excerpt":{"rendered":"<p>M15 Game Stick Oyun Konsolu<\/p>\n","protected":false},"featured_media":190605,"comment_status":"open","ping_status":"closed","template":"","meta":[],"product_brand":[],"product_cat":[379,725],"product_tag":[1960,3998,3398,3997,1961],"class_list":{"0":"post-190610","1":"product","2":"type-product","3":"status-publish","4":"has-post-thumbnail","6":"product_cat-ev-yasam","7":"product_cat-psp-and-vita-oyunu","8":"product_tag-game","9":"product_tag-konsolu","10":"product_tag-m15","11":"product_tag-oyun","12":"product_tag-stick","14":"first","15":"instock","16":"taxable","17":"shipping-taxable","18":"purchasable","19":"product-type-simple"},"_links":{"self":[{"href":"https:\/\/depodanmusteriye.com\/urunler\/wp-json\/wp\/v2\/product\/190610","targetHints":{"allow":["GET"]}}],"collection":[{"href":"https:\/\/depodanmusteriye.com\/urunler\/wp-json\/wp\/v2\/product"}],"about":[{"href":"https:\/\/depodanmusteriye.com\/urunler\/wp-json\/wp\/v2\/types\/product"}],"replies":[{"embeddable":true,"href":"https:\/\/depodanmusteriye.com\/urunler\/wp-json\/wp\/v2\/comments?post=190610"}],"version-history":[{"count":0,"href":"https:\/\/depodanmusteriye.com\/urunler\/wp-json\/wp\/v2\/product\/190610\/revisions"}],"wp:featuredmedia":[{"embeddable":true,"href":"https:\/\/depodanmusteriye.com\/urunler\/wp-json\/wp\/v2\/media\/190605"}],"wp:attachment":[{"href":"https:\/\/depodanmusteriye.com\/urunler\/wp-json\/wp\/v2\/media?parent=190610"}],"wp:term":[{"taxonomy":"product_brand","embeddable":true,"href":"https:\/\/depodanmusteriye.com\/urunler\/wp-json\/wp\/v2\/product_brand?post=190610"},{"taxonomy":"product_cat","embeddable":true,"href":"https:\/\/depodanmusteriye.com\/urunler\/wp-json\/wp\/v2\/product_cat?post=190610"},{"taxonomy":"product_tag","embeddable":true,"href":"https:\/\/depodanmusteriye.com\/urunler\/wp-json\/wp\/v2\/product_tag?post=190610"}],"curies":[{"name":"wp","href":"https:\/\/api.w.org\/{rel}","templated":true}]}}