{"id":190604,"date":"2025-12-15T10:30:55","date_gmt":"2025-12-15T10:30:55","guid":{"rendered":"https:\/\/b2b.depodanmusteriye.com\/urun\/m15-retro-konsol-20-000-oyunlu-cift-gamepadli-4k-hdmi-2\/"},"modified":"2025-12-15T10:30:55","modified_gmt":"2025-12-15T10:30:55","slug":"m15-retro-konsol-20-000-oyunlu-cift-gamepadli-4k-hdmi-2","status":"publish","type":"product","link":"https:\/\/depodanmusteriye.com\/urunler\/urun\/m15-retro-konsol-20-000-oyunlu-cift-gamepadli-4k-hdmi-2\/","title":{"rendered":"M15 Retro Konsol \u2013 20.000 Oyunlu, \u00c7ift Gamepadli, 4K HDMI"},"content":{"rendered":"<h4>M15; PS1, SFC, FC, GB, GBC, GBA, MD, Atari, MAME gibi bir\u00e7ok retro oyun konsolunu tek bir cihazda toplar. Her platform i\u00e7in optimize edilmi\u015f performans sunar ve oyunlar aras\u0131nda h\u0131zl\u0131 ge\u00e7i\u015f yapman\u0131za olanak tan\u0131r. Oyunlar cihaz\u0131n haf\u0131zas\u0131nda y\u00fckl\u00fc geldi\u011fi i\u00e7in internet ba\u011flant\u0131s\u0131na veya y\u00fckleme i\u015flemine gerek yoktur. <\/p>\n<p><b>1 adet fiyat\u0131d\u0131r<\/b> <\/p>\n<p><p><b>\u00dcretici Markas\u0131 : ZERO LAND<\/b><\/p>\n<p><b>\u00dcretici Kodu : UCZZZ3DGAMEST\u0130CK4<\/b><\/p>\n<p><b>1 ADET F\u0130YATIDIR<\/b><\/p>\n<\/h4>\n<p><\/p>\n","protected":false},"excerpt":{"rendered":"<p>M15 Retro Konsol \u2013 20.000 Oyunlu, \u00c7ift Gamepadli, 4K HDMI<\/p>\n","protected":false},"featured_media":190599,"comment_status":"open","ping_status":"closed","template":"","meta":[],"product_brand":[],"product_cat":[379,725],"product_tag":[9580,1959,1747,14133,4278,13486,3398,4167,1963],"class_list":{"0":"post-190604","1":"product","2":"type-product","3":"status-publish","4":"has-post-thumbnail","6":"product_cat-ev-yasam","7":"product_cat-psp-and-vita-oyunu","8":"product_tag-20-000","9":"product_tag-4k","10":"product_tag-cift","11":"product_tag-gamepadli","12":"product_tag-hdmi","13":"product_tag-konsol","14":"product_tag-m15","15":"product_tag-oyunlu","16":"product_tag-retro","18":"first","19":"instock","20":"taxable","21":"shipping-taxable","22":"purchasable","23":"product-type-simple"},"_links":{"self":[{"href":"https:\/\/depodanmusteriye.com\/urunler\/wp-json\/wp\/v2\/product\/190604","targetHints":{"allow":["GET"]}}],"collection":[{"href":"https:\/\/depodanmusteriye.com\/urunler\/wp-json\/wp\/v2\/product"}],"about":[{"href":"https:\/\/depodanmusteriye.com\/urunler\/wp-json\/wp\/v2\/types\/product"}],"replies":[{"embeddable":true,"href":"https:\/\/depodanmusteriye.com\/urunler\/wp-json\/wp\/v2\/comments?post=190604"}],"version-history":[{"count":0,"href":"https:\/\/depodanmusteriye.com\/urunler\/wp-json\/wp\/v2\/product\/190604\/revisions"}],"wp:featuredmedia":[{"embeddable":true,"href":"https:\/\/depodanmusteriye.com\/urunler\/wp-json\/wp\/v2\/media\/190599"}],"wp:attachment":[{"href":"https:\/\/depodanmusteriye.com\/urunler\/wp-json\/wp\/v2\/media?parent=190604"}],"wp:term":[{"taxonomy":"product_brand","embeddable":true,"href":"https:\/\/depodanmusteriye.com\/urunler\/wp-json\/wp\/v2\/product_brand?post=190604"},{"taxonomy":"product_cat","embeddable":true,"href":"https:\/\/depodanmusteriye.com\/urunler\/wp-json\/wp\/v2\/product_cat?post=190604"},{"taxonomy":"product_tag","embeddable":true,"href":"https:\/\/depodanmusteriye.com\/urunler\/wp-json\/wp\/v2\/product_tag?post=190604"}],"curies":[{"name":"wp","href":"https:\/\/api.w.org\/{rel}","templated":true}]}}