{"id":190598,"date":"2025-12-15T10:30:34","date_gmt":"2025-12-15T10:30:34","guid":{"rendered":"https:\/\/b2b.depodanmusteriye.com\/urun\/m15-oyun-konsolu-2\/"},"modified":"2025-12-15T10:30:34","modified_gmt":"2025-12-15T10:30:34","slug":"m15-oyun-konsolu-2","status":"publish","type":"product","link":"https:\/\/depodanmusteriye.com\/urunler\/urun\/m15-oyun-konsolu-2\/","title":{"rendered":"M15-Oyun Konsolu"},"content":{"rendered":"<h4>\u00c7ocuklar i\u00e7in e\u011flenceli, yeti\u015fkinler i\u00e7in nostaljik bir deneyim sunan M15 retro oyun konsolu; do\u011fum g\u00fcn\u00fc, bayram veya \u00f6zel g\u00fcnlerde hediye olarak harika bir tercihtir. Kullan\u0131m\u0131 kolay aray\u00fcz\u00fc, sade kurulumu ve geni\u015f oyun ar\u015fivi sayesinde herkesin rahatl\u0131kla kullanabilece\u011fi, ailecek keyif al\u0131nabilecek bir cihazd\u0131r. <\/p>\n<p><b>1 adet fiyat\u0131d\u0131r<\/b> <\/p>\n<p><p><b>\u00dcretici Markas\u0131 : ZERO LAND<\/b><\/p>\n<p><b>\u00dcretici Kodu : UCZZZ3DGAMEST\u0130CK5<\/b><\/p>\n<p><b>1 ADET F\u0130YATIDIR<\/b><\/p>\n<\/h4>\n<p><\/p>\n","protected":false},"excerpt":{"rendered":"<p>M15-Oyun Konsolu<\/p>\n","protected":false},"featured_media":190593,"comment_status":"open","ping_status":"closed","template":"","meta":[],"product_brand":[],"product_cat":[1036,374],"product_tag":[3998,14132],"class_list":{"0":"post-190598","1":"product","2":"type-product","3":"status-publish","4":"has-post-thumbnail","6":"product_cat-konsol-gamepad-ve-joystick","7":"product_cat-mobil-aksesuar","8":"product_tag-konsolu","9":"product_tag-m15-oyun","11":"first","12":"instock","13":"taxable","14":"shipping-taxable","15":"purchasable","16":"product-type-simple"},"_links":{"self":[{"href":"https:\/\/depodanmusteriye.com\/urunler\/wp-json\/wp\/v2\/product\/190598","targetHints":{"allow":["GET"]}}],"collection":[{"href":"https:\/\/depodanmusteriye.com\/urunler\/wp-json\/wp\/v2\/product"}],"about":[{"href":"https:\/\/depodanmusteriye.com\/urunler\/wp-json\/wp\/v2\/types\/product"}],"replies":[{"embeddable":true,"href":"https:\/\/depodanmusteriye.com\/urunler\/wp-json\/wp\/v2\/comments?post=190598"}],"version-history":[{"count":0,"href":"https:\/\/depodanmusteriye.com\/urunler\/wp-json\/wp\/v2\/product\/190598\/revisions"}],"wp:featuredmedia":[{"embeddable":true,"href":"https:\/\/depodanmusteriye.com\/urunler\/wp-json\/wp\/v2\/media\/190593"}],"wp:attachment":[{"href":"https:\/\/depodanmusteriye.com\/urunler\/wp-json\/wp\/v2\/media?parent=190598"}],"wp:term":[{"taxonomy":"product_brand","embeddable":true,"href":"https:\/\/depodanmusteriye.com\/urunler\/wp-json\/wp\/v2\/product_brand?post=190598"},{"taxonomy":"product_cat","embeddable":true,"href":"https:\/\/depodanmusteriye.com\/urunler\/wp-json\/wp\/v2\/product_cat?post=190598"},{"taxonomy":"product_tag","embeddable":true,"href":"https:\/\/depodanmusteriye.com\/urunler\/wp-json\/wp\/v2\/product_tag?post=190598"}],"curies":[{"name":"wp","href":"https:\/\/api.w.org\/{rel}","templated":true}]}}