{"id":190538,"date":"2025-12-15T10:27:05","date_gmt":"2025-12-15T10:27:05","guid":{"rendered":"https:\/\/b2b.depodanmusteriye.com\/urun\/sik-ve-sessiz-tasarimli-isikli-klavye-mouse-seti-sarjli-wireless-2\/"},"modified":"2025-12-15T10:27:05","modified_gmt":"2025-12-15T10:27:05","slug":"sik-ve-sessiz-tasarimli-isikli-klavye-mouse-seti-sarjli-wireless-2","status":"publish","type":"product","link":"https:\/\/depodanmusteriye.com\/urunler\/urun\/sik-ve-sessiz-tasarimli-isikli-klavye-mouse-seti-sarjli-wireless-2\/","title":{"rendered":"\u015e\u0131k ve Sessiz Tasar\u0131ml\u0131 I\u015f\u0131kl\u0131 Klavye Mouse Seti \u2013 \u015earjl\u0131, Wireless"},"content":{"rendered":"<h4>Multimedya tu\u015flar\u0131n\u0131n bulunmamas\u0131, sade bir klavye yap\u0131s\u0131 arayanlar i\u00e7in daha sessiz ve odaklanm\u0131\u015f bir yaz\u0131m ortam\u0131 sunar. 2 y\u0131l \u00fcretici garantisi ile gelen bu \u00fcr\u00fcn, uzun vadeli ve g\u00fcvenli bir kullan\u0131m deneyimi sa\u011flar. Siyah renkli sade tasar\u0131m\u0131, hem ofis hem ev dekorasyonlar\u0131na uyum sa\u011flar, dikkat da\u011f\u0131tmaz, profesyonel bir atmosfer olu\u015fturur. <\/p>\n<p><b>1 adet fiyat\u0131d\u0131r<\/b> <\/p>\n<p><p><b>\u00dcretici Markas\u0131 : ZERO LAND<\/b><\/p>\n<p><b>\u00dcretici Kodu : UCZZZDT80333<\/b><\/p>\n<p><b>1 ADET F\u0130YATIDIR<\/b><\/p>\n<\/h4>\n<p><\/p>\n","protected":false},"excerpt":{"rendered":"<p>\u015e\u0131k ve Sessiz Tasar\u0131ml\u0131 I\u015f\u0131kl\u0131 Klavye Mouse Seti \u2013 \u015earjl\u0131, Wireless<\/p>\n","protected":false},"featured_media":190533,"comment_status":"open","ping_status":"closed","template":"","meta":[],"product_brand":[],"product_cat":[962,374],"product_tag":[3901,3532,4071,3975,3973,1172,4001,3987,2104,4350],"class_list":{"0":"post-190538","1":"product","2":"type-product","3":"status-publish","4":"has-post-thumbnail","6":"product_cat-klavye-mouse-set","7":"product_cat-mobil-aksesuar","8":"product_tag-isikli","9":"product_tag-klavye","10":"product_tag-mouse","11":"product_tag-sarjli","12":"product_tag-sessiz","13":"product_tag-seti","14":"product_tag-sik","15":"product_tag-tasarimli","16":"product_tag-ve","17":"product_tag-wireless","19":"first","20":"instock","21":"taxable","22":"shipping-taxable","23":"purchasable","24":"product-type-simple"},"_links":{"self":[{"href":"https:\/\/depodanmusteriye.com\/urunler\/wp-json\/wp\/v2\/product\/190538","targetHints":{"allow":["GET"]}}],"collection":[{"href":"https:\/\/depodanmusteriye.com\/urunler\/wp-json\/wp\/v2\/product"}],"about":[{"href":"https:\/\/depodanmusteriye.com\/urunler\/wp-json\/wp\/v2\/types\/product"}],"replies":[{"embeddable":true,"href":"https:\/\/depodanmusteriye.com\/urunler\/wp-json\/wp\/v2\/comments?post=190538"}],"version-history":[{"count":0,"href":"https:\/\/depodanmusteriye.com\/urunler\/wp-json\/wp\/v2\/product\/190538\/revisions"}],"wp:featuredmedia":[{"embeddable":true,"href":"https:\/\/depodanmusteriye.com\/urunler\/wp-json\/wp\/v2\/media\/190533"}],"wp:attachment":[{"href":"https:\/\/depodanmusteriye.com\/urunler\/wp-json\/wp\/v2\/media?parent=190538"}],"wp:term":[{"taxonomy":"product_brand","embeddable":true,"href":"https:\/\/depodanmusteriye.com\/urunler\/wp-json\/wp\/v2\/product_brand?post=190538"},{"taxonomy":"product_cat","embeddable":true,"href":"https:\/\/depodanmusteriye.com\/urunler\/wp-json\/wp\/v2\/product_cat?post=190538"},{"taxonomy":"product_tag","embeddable":true,"href":"https:\/\/depodanmusteriye.com\/urunler\/wp-json\/wp\/v2\/product_tag?post=190538"}],"curies":[{"name":"wp","href":"https:\/\/api.w.org\/{rel}","templated":true}]}}