{"id":190520,"date":"2025-12-15T10:26:08","date_gmt":"2025-12-15T10:26:08","guid":{"rendered":"https:\/\/b2b.depodanmusteriye.com\/urun\/akilli-ekranli-bluetooth-5-4-kablosuz-kulaklik-dokunmatik-ve-sarj-kutulu-2\/"},"modified":"2025-12-15T10:26:08","modified_gmt":"2025-12-15T10:26:08","slug":"akilli-ekranli-bluetooth-5-4-kablosuz-kulaklik-dokunmatik-ve-sarj-kutulu-2","status":"publish","type":"product","link":"https:\/\/depodanmusteriye.com\/urunler\/urun\/akilli-ekranli-bluetooth-5-4-kablosuz-kulaklik-dokunmatik-ve-sarj-kutulu-2\/","title":{"rendered":"Ak\u0131ll\u0131 Ekranl\u0131 Bluetooth 5.4 Kablosuz Kulakl\u0131k \u2013 Dokunmatik ve \u015earj Kutulu"},"content":{"rendered":"<h4>Bu kulakl\u0131k, sadece ses de\u011fil, teknoloji ve stil sunar. \u015earj kutusunun \u00fczerinde yer alan ak\u0131ll\u0131 LED ekran, saat, tarih, pil durumu ve daha fazlas\u0131n\u0131 anl\u0131k olarak g\u00f6sterir. \u00dcstelik ekran temas\u0131n\u0131 de\u011fi\u015ftirebilir, hatta kendi foto\u011fraf\u0131n\u0131z\u0131 y\u00fckleyerek ki\u015fisel bir dokunu\u015f ekleyebilirsiniz. Bu \u00f6zellik sayesinde cihaz\u0131n\u0131z sadece i\u015flevsel de\u011fil, ayn\u0131 zamanda tarz sahibi bir aksesuara d\u00f6n\u00fc\u015f\u00fcr. <\/p>\n<p><b>1 adet fiyat\u0131d\u0131r<\/b> <\/p>\n<p><p><b>\u00dcretici Markas\u0131 : ZERO LAND<\/b><\/p>\n<p><b>\u00dcretici Kodu : UCZZZSEONEKULAKLIK<\/b><\/p>\n<p><b>1 ADET F\u0130YATIDIR<\/b><\/p>\n<\/h4>\n<p><\/p>\n","protected":false},"excerpt":{"rendered":"<p>Ak\u0131ll\u0131 Ekranl\u0131 Bluetooth 5.4 Kablosuz Kulakl\u0131k \u2013 Dokunmatik ve \u015earj Kutulu<\/p>\n","protected":false},"featured_media":190515,"comment_status":"open","ping_status":"closed","template":"","meta":[],"product_brand":[],"product_cat":[494,374],"product_tag":[13372,3636,3605,1985,4085,1640,1641,5220,2755,2104],"class_list":{"0":"post-190520","1":"product","2":"type-product","3":"status-publish","4":"has-post-thumbnail","6":"product_cat-kulak-ici-tws-bluetooth-kulaklik","7":"product_cat-mobil-aksesuar","8":"product_tag-5-4","9":"product_tag-akilli","10":"product_tag-bluetooth","11":"product_tag-dokunmatik","12":"product_tag-ekranli","13":"product_tag-kablosuz","14":"product_tag-kulaklik","15":"product_tag-kutulu","16":"product_tag-sarj","17":"product_tag-ve","19":"first","20":"instock","21":"taxable","22":"shipping-taxable","23":"purchasable","24":"product-type-simple"},"_links":{"self":[{"href":"https:\/\/depodanmusteriye.com\/urunler\/wp-json\/wp\/v2\/product\/190520","targetHints":{"allow":["GET"]}}],"collection":[{"href":"https:\/\/depodanmusteriye.com\/urunler\/wp-json\/wp\/v2\/product"}],"about":[{"href":"https:\/\/depodanmusteriye.com\/urunler\/wp-json\/wp\/v2\/types\/product"}],"replies":[{"embeddable":true,"href":"https:\/\/depodanmusteriye.com\/urunler\/wp-json\/wp\/v2\/comments?post=190520"}],"version-history":[{"count":0,"href":"https:\/\/depodanmusteriye.com\/urunler\/wp-json\/wp\/v2\/product\/190520\/revisions"}],"wp:featuredmedia":[{"embeddable":true,"href":"https:\/\/depodanmusteriye.com\/urunler\/wp-json\/wp\/v2\/media\/190515"}],"wp:attachment":[{"href":"https:\/\/depodanmusteriye.com\/urunler\/wp-json\/wp\/v2\/media?parent=190520"}],"wp:term":[{"taxonomy":"product_brand","embeddable":true,"href":"https:\/\/depodanmusteriye.com\/urunler\/wp-json\/wp\/v2\/product_brand?post=190520"},{"taxonomy":"product_cat","embeddable":true,"href":"https:\/\/depodanmusteriye.com\/urunler\/wp-json\/wp\/v2\/product_cat?post=190520"},{"taxonomy":"product_tag","embeddable":true,"href":"https:\/\/depodanmusteriye.com\/urunler\/wp-json\/wp\/v2\/product_tag?post=190520"}],"curies":[{"name":"wp","href":"https:\/\/api.w.org\/{rel}","templated":true}]}}