{"id":19031,"date":"2025-12-05T08:07:38","date_gmt":"2025-12-05T08:07:38","guid":{"rendered":"https:\/\/b2b.depodanmusteriye.com\/urun\/eurogold-dogal-dal-dari-250-gr\/"},"modified":"2025-12-05T08:07:38","modified_gmt":"2025-12-05T08:07:38","slug":"eurogold-dogal-dal-dari-250-gr","status":"publish","type":"product","link":"https:\/\/depodanmusteriye.com\/urunler\/urun\/eurogold-dogal-dal-dari-250-gr\/","title":{"rendered":"EuroGold Do\u011fal Dal Dar\u0131 250 Gr"},"content":{"rendered":"<h4>EuroGold Do\u011fal Dal Dar\u0131 250 Gr <\/p>\n<p><b>1 adet fiyat\u0131d\u0131r<\/b> <\/p>\n<p><p><b>\u00dcretici Markas\u0131 : EUROGOLD<\/b><\/p>\n<p><b>\u00dcretici Kodu : 4513028<\/b><\/p>\n<p><b>1 ADET F\u0130YATIDIR<\/b><\/p>\n<\/h4>\n<p><\/p>\n","protected":false},"excerpt":{"rendered":"<p>EuroGold Do\u011fal Dal Dar\u0131 250 Gr<\/p>\n","protected":false},"featured_media":19030,"comment_status":"open","ping_status":"closed","template":"","meta":[],"product_brand":[],"product_cat":[528,370],"product_tag":[1769,2950,2951,1827,3245,1563],"class_list":{"0":"post-19031","1":"product","2":"type-product","3":"status-publish","4":"has-post-thumbnail","6":"product_cat-kus-yemi","7":"product_cat-pet-shop","8":"product_tag-1769","9":"product_tag-dal","10":"product_tag-dari","11":"product_tag-dogal","12":"product_tag-eurogold","13":"product_tag-gr","15":"first","16":"instock","17":"taxable","18":"shipping-taxable","19":"purchasable","20":"product-type-simple"},"_links":{"self":[{"href":"https:\/\/depodanmusteriye.com\/urunler\/wp-json\/wp\/v2\/product\/19031","targetHints":{"allow":["GET"]}}],"collection":[{"href":"https:\/\/depodanmusteriye.com\/urunler\/wp-json\/wp\/v2\/product"}],"about":[{"href":"https:\/\/depodanmusteriye.com\/urunler\/wp-json\/wp\/v2\/types\/product"}],"replies":[{"embeddable":true,"href":"https:\/\/depodanmusteriye.com\/urunler\/wp-json\/wp\/v2\/comments?post=19031"}],"version-history":[{"count":0,"href":"https:\/\/depodanmusteriye.com\/urunler\/wp-json\/wp\/v2\/product\/19031\/revisions"}],"wp:featuredmedia":[{"embeddable":true,"href":"https:\/\/depodanmusteriye.com\/urunler\/wp-json\/wp\/v2\/media\/19030"}],"wp:attachment":[{"href":"https:\/\/depodanmusteriye.com\/urunler\/wp-json\/wp\/v2\/media?parent=19031"}],"wp:term":[{"taxonomy":"product_brand","embeddable":true,"href":"https:\/\/depodanmusteriye.com\/urunler\/wp-json\/wp\/v2\/product_brand?post=19031"},{"taxonomy":"product_cat","embeddable":true,"href":"https:\/\/depodanmusteriye.com\/urunler\/wp-json\/wp\/v2\/product_cat?post=19031"},{"taxonomy":"product_tag","embeddable":true,"href":"https:\/\/depodanmusteriye.com\/urunler\/wp-json\/wp\/v2\/product_tag?post=19031"}],"curies":[{"name":"wp","href":"https:\/\/api.w.org\/{rel}","templated":true}]}}