{"id":18973,"date":"2025-12-05T08:05:35","date_gmt":"2025-12-05T08:05:35","guid":{"rendered":"https:\/\/b2b.depodanmusteriye.com\/urun\/dajana-guppy-gourmet-flakes-80-ml-13-gr\/"},"modified":"2025-12-05T08:05:35","modified_gmt":"2025-12-05T08:05:35","slug":"dajana-guppy-gourmet-flakes-80-ml-13-gr","status":"publish","type":"product","link":"https:\/\/depodanmusteriye.com\/urunler\/urun\/dajana-guppy-gourmet-flakes-80-ml-13-gr\/","title":{"rendered":"Dajana Guppy Gourmet Flakes 80 Ml 13 Gr"},"content":{"rendered":"<h4>Dajana Guppy Gourmet Flakes Lepistesler \u0130\u00e7in Pul Yem-nbsp;-nbsp;80 Ml-nbsp;13 Gr<\/p>\n<p>Lepistes bal\u0131klar\u0131 i\u00e7in g\u00fcnl\u00fck kullan\u0131lan \u00fcst kalite tam mini pul yemdir. Bal\u0131klar\u0131n\u0131z\u0131n sa\u011fl\u0131kl\u0131 bir \u015fekilde b\u00fcy\u00fcmesi i\u00e7in gerekli olan <STRONG>sar\u0131msak (y\u00fcksek oranda),<STRONG> protein, vitamin ve mineralleri i\u00e7ermektedir. <\/p>\n<p>Kolayca yenilen ve sindirilen bu yem h\u0131zl\u0131 bir \u015fekilde bal\u0131\u011f\u0131n\u0131z\u0131n g\u00fcnl\u00fck yemi haline gelecektir. <\/p>\n<p>\u0130\u00e7erik  Bitkisel protein konsantreleri, kabuk, yosun, bal\u0131k ve bal\u0131k \u00fcr\u00fcnleri, tah\u0131l, kuru maya, sar\u0131msak, spirulina yosunu, ya\u011f, lesitin, antioksidan.<\/p>\n<p>Analitik Bile\u015fenler  Protein  45,4 Ya\u011f  5,1<\/p>\n<p>Beslenme Tavsiyesi;<br \/>* Birka\u00e7 dakika i\u00e7erisinde t\u00fcketebilecekleri miktarda, g\u00fcnde 1 &#8211; 2 kere beslenmesi tavsiye edilmektedir. <\/p>\n<p><b>25 adet fiyat\u0131d\u0131r<\/b> <\/p>\n<p><p><b>\u00dcretici Markas\u0131 : DAJANA<\/b><\/p>\n<p><b>\u00dcretici Kodu : 410DP003S<\/b><\/p>\n<p><b>25 ADET F\u0130YATIDIR<\/b><\/p>\n<\/h4>\n<p><\/p>\n","protected":false},"excerpt":{"rendered":"<p>Dajana Guppy Gourmet Flakes 80 Ml 13 Gr<\/p>\n","protected":false},"featured_media":18972,"comment_status":"open","ping_status":"closed","template":"","meta":[],"product_brand":[],"product_cat":[521,370],"product_tag":[1647,1108,4898,4899,4900,1563,4754,1581],"class_list":{"0":"post-18973","1":"product","2":"type-product","3":"status-publish","4":"has-post-thumbnail","6":"product_cat-akvaryum-balik-yemi","7":"product_cat-pet-shop","8":"product_tag-1647","9":"product_tag-1108","10":"product_tag-dajana","11":"product_tag-flakes","12":"product_tag-gourmet","13":"product_tag-gr","14":"product_tag-guppy","15":"product_tag-ml","17":"first","18":"instock","19":"taxable","20":"shipping-taxable","21":"purchasable","22":"product-type-simple"},"_links":{"self":[{"href":"https:\/\/depodanmusteriye.com\/urunler\/wp-json\/wp\/v2\/product\/18973","targetHints":{"allow":["GET"]}}],"collection":[{"href":"https:\/\/depodanmusteriye.com\/urunler\/wp-json\/wp\/v2\/product"}],"about":[{"href":"https:\/\/depodanmusteriye.com\/urunler\/wp-json\/wp\/v2\/types\/product"}],"replies":[{"embeddable":true,"href":"https:\/\/depodanmusteriye.com\/urunler\/wp-json\/wp\/v2\/comments?post=18973"}],"version-history":[{"count":0,"href":"https:\/\/depodanmusteriye.com\/urunler\/wp-json\/wp\/v2\/product\/18973\/revisions"}],"wp:featuredmedia":[{"embeddable":true,"href":"https:\/\/depodanmusteriye.com\/urunler\/wp-json\/wp\/v2\/media\/18972"}],"wp:attachment":[{"href":"https:\/\/depodanmusteriye.com\/urunler\/wp-json\/wp\/v2\/media?parent=18973"}],"wp:term":[{"taxonomy":"product_brand","embeddable":true,"href":"https:\/\/depodanmusteriye.com\/urunler\/wp-json\/wp\/v2\/product_brand?post=18973"},{"taxonomy":"product_cat","embeddable":true,"href":"https:\/\/depodanmusteriye.com\/urunler\/wp-json\/wp\/v2\/product_cat?post=18973"},{"taxonomy":"product_tag","embeddable":true,"href":"https:\/\/depodanmusteriye.com\/urunler\/wp-json\/wp\/v2\/product_tag?post=18973"}],"curies":[{"name":"wp","href":"https:\/\/api.w.org\/{rel}","templated":true}]}}