{"id":189416,"date":"2025-12-15T09:18:26","date_gmt":"2025-12-15T09:18:26","guid":{"rendered":"https:\/\/b2b.depodanmusteriye.com\/urun\/hs-71-katlanabilir-lamba\/"},"modified":"2025-12-15T09:18:26","modified_gmt":"2025-12-15T09:18:26","slug":"hs-71-katlanabilir-lamba","status":"publish","type":"product","link":"https:\/\/depodanmusteriye.com\/urunler\/urun\/hs-71-katlanabilir-lamba\/","title":{"rendered":"HS-71 KATLANAB\u0130L\u0130R LAMBA"},"content":{"rendered":"<h4>Katlanabilir 3 Kademeli 1200 mAh Dokunmatik Led Lamba Zarif tasar\u0131m\u015e\u0131k bir ah\u015fap standa sahip Led Lamba, akordiyon fener g\u00f6r\u00fcn\u00fcm\u00fcyle kullan\u0131m alanlar\u0131n\u0131za &#8220;haval\u0131&#8221; bir katk\u0131 sa\u011flayacak. Dokunmatik ON\/OFF &amp; Ayar TeknolojisiDokunmatik sens\u00f6r\u00fcyle cihaz\u0131n\u0131z\u0131 a\u00e7\u0131p kapatabilir ve gerekti\u011finde ayd\u0131nlatma d\u00fczeyini diledi\u011finiz gibi ayarlayabilirsiniz. Kolay Kullan\u0131m\u0131 sayesinde de\u011ferli vaktinizden \u00e7almaz, size ihtiya\u00e7lar\u0131n\u0131za uygun se\u00e7enekleri saniyeler i\u00e7erisinde sunar. \u00dc\u00e7 farkl\u0131 ayd\u0131nlatma d\u00fczeyiAyarlanabilir parlakl\u0131k \u00f6zelli\u011fiyle g\u00f6zleriniz art\u0131k daha rahat. Tek dokunu\u015funuzla d\u00fc\u015f\u00fck, orta ve y\u00fcksek modlar aras\u0131nda dile\u011finiz gibi ge\u00e7i\u015f yapabilirsiniz. Hafif ve ta\u015f\u0131nabilirElektrik kesintilerinde el feneri olarak kullanabilece\u011finiz Led Lamba, kamp ya da a\u00e7\u0131k hava etkinliklerinizde pratik bir ayd\u0131nlatma imk\u00e2n\u0131 sunuyor. Farkl\u0131 alanlarda kullan\u0131mPortatif Led Lamba\u2019y\u0131 ister kapal\u0131 ister akordiyon \u015feklinde a\u00e7\u0131k olarak bir\u00e7ok aktivitede kullanabilirsiniz. Okuma \u0131\u015f\u0131\u011f\u0131, gece lambas\u0131, kamp feneri, barbek\u00fc partisi ayd\u0131nlatmas\u0131. size t\u00fcm aktivitelerinizde e\u015flik edebilecek harika bir ayd\u0131nlatma \u00e7\u00f6z\u00fcm\u00fcd\u00fcr. <\/p>\n<p><b>1 adet fiyat\u0131d\u0131r<\/b> <\/p>\n<p><p><b>\u00dcretici Markas\u0131 : ZERO LAND<\/b><\/p>\n<p><b>\u00dcretici Kodu : UUCZHS71LAMBA<\/b><\/p>\n<p><b>1 ADET F\u0130YATIDIR<\/b><\/p>\n<\/h4>\n<p><\/p>\n","protected":false},"excerpt":{"rendered":"<p>HS-71 KATLANAB\u0130L\u0130R LAMBA<\/p>\n","protected":false},"featured_media":189411,"comment_status":"open","ping_status":"closed","template":"","meta":[],"product_brand":[],"product_cat":[598,374],"product_tag":[14577,4097,1892],"class_list":{"0":"post-189416","1":"product","2":"type-product","3":"status-publish","4":"has-post-thumbnail","6":"product_cat-masa-ve-gece-lambasi","7":"product_cat-mobil-aksesuar","8":"product_tag-hs-71","9":"product_tag-katlanabilir","10":"product_tag-lamba","12":"first","13":"instock","14":"taxable","15":"shipping-taxable","16":"purchasable","17":"product-type-simple"},"_links":{"self":[{"href":"https:\/\/depodanmusteriye.com\/urunler\/wp-json\/wp\/v2\/product\/189416","targetHints":{"allow":["GET"]}}],"collection":[{"href":"https:\/\/depodanmusteriye.com\/urunler\/wp-json\/wp\/v2\/product"}],"about":[{"href":"https:\/\/depodanmusteriye.com\/urunler\/wp-json\/wp\/v2\/types\/product"}],"replies":[{"embeddable":true,"href":"https:\/\/depodanmusteriye.com\/urunler\/wp-json\/wp\/v2\/comments?post=189416"}],"version-history":[{"count":0,"href":"https:\/\/depodanmusteriye.com\/urunler\/wp-json\/wp\/v2\/product\/189416\/revisions"}],"wp:featuredmedia":[{"embeddable":true,"href":"https:\/\/depodanmusteriye.com\/urunler\/wp-json\/wp\/v2\/media\/189411"}],"wp:attachment":[{"href":"https:\/\/depodanmusteriye.com\/urunler\/wp-json\/wp\/v2\/media?parent=189416"}],"wp:term":[{"taxonomy":"product_brand","embeddable":true,"href":"https:\/\/depodanmusteriye.com\/urunler\/wp-json\/wp\/v2\/product_brand?post=189416"},{"taxonomy":"product_cat","embeddable":true,"href":"https:\/\/depodanmusteriye.com\/urunler\/wp-json\/wp\/v2\/product_cat?post=189416"},{"taxonomy":"product_tag","embeddable":true,"href":"https:\/\/depodanmusteriye.com\/urunler\/wp-json\/wp\/v2\/product_tag?post=189416"}],"curies":[{"name":"wp","href":"https:\/\/api.w.org\/{rel}","templated":true}]}}