{"id":189410,"date":"2025-12-15T09:18:10","date_gmt":"2025-12-15T09:18:10","guid":{"rendered":"https:\/\/b2b.depodanmusteriye.com\/urun\/jf-508-kontrol-kalemi\/"},"modified":"2025-12-15T09:18:10","modified_gmt":"2025-12-15T09:18:10","slug":"jf-508-kontrol-kalemi","status":"publish","type":"product","link":"https:\/\/depodanmusteriye.com\/urunler\/urun\/jf-508-kontrol-kalemi\/","title":{"rendered":"JF-508 KONTROL KALEM\u0130"},"content":{"rendered":"<h4>METAL Y\u00dcZEYE BASILI LOGO TAM SIZDIRMAZLIK SA\u011eLAYAN A\u00c7ILMAYAN P\u0130R\u0130N\u00c7 KAPAK. ELEKTR\u0130K YALITKANLI\u011eI SA\u011eLAYAN,DARBE DAYANIMI Y\u00dcKSEK SEFFAF SAP. 110V-220V ARASINDA \u00c7ALI\u015eAN ELEKTR\u0130K D\u0130RENC\u0130 VE KOLAY G\u00d6R\u00dcNEB\u0130LEN NEON LAMBA. N\u0130KEL KAPLAMA \u0130LE KOROZYON D\u0130RENC\u0130NDE \u00dcST SEV\u0130YE KORUMA. V\u0130DA YUVALARINA TAM OTURMAYI SA\u011eLAYAN HASSAS \u0130\u015eLENM\u0130\u015e U\u00c7LAR. <\/p>\n<p><b>1 adet fiyat\u0131d\u0131r<\/b> <\/p>\n<p><p><b>\u00dcretici Markas\u0131 : ZERO LAND<\/b><\/p>\n<p><b>\u00dcretici Kodu : UUCZLF508KNROL<\/b><\/p>\n<p><b>1 ADET F\u0130YATIDIR<\/b><\/p>\n<\/h4>\n<p><\/p>\n","protected":false},"excerpt":{"rendered":"<p>JF-508 KONTROL KALEM\u0130<\/p>\n","protected":false},"featured_media":189405,"comment_status":"open","ping_status":"closed","template":"","meta":[],"product_brand":[],"product_cat":[379,714],"product_tag":[14576,4369,2615],"class_list":{"0":"post-189410","1":"product","2":"type-product","3":"status-publish","4":"has-post-thumbnail","6":"product_cat-ev-yasam","7":"product_cat-tornavida","8":"product_tag-jf-508","9":"product_tag-kalemi","10":"product_tag-kontrol","12":"first","13":"instock","14":"taxable","15":"shipping-taxable","16":"purchasable","17":"product-type-simple"},"_links":{"self":[{"href":"https:\/\/depodanmusteriye.com\/urunler\/wp-json\/wp\/v2\/product\/189410","targetHints":{"allow":["GET"]}}],"collection":[{"href":"https:\/\/depodanmusteriye.com\/urunler\/wp-json\/wp\/v2\/product"}],"about":[{"href":"https:\/\/depodanmusteriye.com\/urunler\/wp-json\/wp\/v2\/types\/product"}],"replies":[{"embeddable":true,"href":"https:\/\/depodanmusteriye.com\/urunler\/wp-json\/wp\/v2\/comments?post=189410"}],"version-history":[{"count":0,"href":"https:\/\/depodanmusteriye.com\/urunler\/wp-json\/wp\/v2\/product\/189410\/revisions"}],"wp:featuredmedia":[{"embeddable":true,"href":"https:\/\/depodanmusteriye.com\/urunler\/wp-json\/wp\/v2\/media\/189405"}],"wp:attachment":[{"href":"https:\/\/depodanmusteriye.com\/urunler\/wp-json\/wp\/v2\/media?parent=189410"}],"wp:term":[{"taxonomy":"product_brand","embeddable":true,"href":"https:\/\/depodanmusteriye.com\/urunler\/wp-json\/wp\/v2\/product_brand?post=189410"},{"taxonomy":"product_cat","embeddable":true,"href":"https:\/\/depodanmusteriye.com\/urunler\/wp-json\/wp\/v2\/product_cat?post=189410"},{"taxonomy":"product_tag","embeddable":true,"href":"https:\/\/depodanmusteriye.com\/urunler\/wp-json\/wp\/v2\/product_tag?post=189410"}],"curies":[{"name":"wp","href":"https:\/\/api.w.org\/{rel}","templated":true}]}}