{"id":18912,"date":"2025-12-05T08:03:39","date_gmt":"2025-12-05T08:03:39","guid":{"rendered":"https:\/\/b2b.depodanmusteriye.com\/urun\/kopekler-icin-koruyucu-govde-kiyafeti-s-m-40cm-gri\/"},"modified":"2025-12-05T08:03:39","modified_gmt":"2025-12-05T08:03:39","slug":"kopekler-icin-koruyucu-govde-kiyafeti-s-m-40cm-gri","status":"publish","type":"product","link":"https:\/\/depodanmusteriye.com\/urunler\/urun\/kopekler-icin-koruyucu-govde-kiyafeti-s-m-40cm-gri\/","title":{"rendered":"K\u00f6pekler \u0130\u00e7in Koruyucu G\u00f6vde K\u0131yafeti S-M 40cm Gri"},"content":{"rendered":"<h4>K\u00f6pekler \u0130\u00e7in Koruyucu G\u00f6vde K\u0131yafeti S-M 40cm Gri <br \/>Trixie K\u00f6pekler \u0130\u00e7in Koruyucu G\u00f6vde K\u0131yafeti S-M 40cm Gri\u00d6zel tasar\u0131m\u0131 ve nefes alan kuma\u015f\u0131 sayesinde t\u00fcm ameliyatlar sonras\u0131 iyile\u015fme d\u00f6neminde kullan\u0131labilecek \u00e7ok kullan\u0131\u015fl\u0131 ve pratik bir \u00fcr\u00fcnd\u00fcr. Ayn\u0131 zamanda egzama, deri problemleri vb durumlarda \u00e7ok kullan\u0131\u015fl\u0131d\u0131r. Hem k\u00f6pe\u011fin hem de sahibinin \u00e7ok rahat etmesini sa\u011flar. Elastenli \u00f6zel pamuklu kuma\u015ftan \u00fcretilmi\u015ftir. Malzemenin nefes almas\u0131 sayesinde iyile\u015fme s\u00fcrecine olumlu katk\u0131 sa\u011flar. Ak\u0131nt\u0131 vb durumlarda y\u0131kanabilir malzeme olmas\u0131 sebebiyle tekrar tekrar kullan\u0131labilir. K\u00f6pe\u011finizin v\u00fccuduna g\u00f6re ayarlanabilir \u00f6zelli\u011fi ile \u00e7ok kullan\u0131\u015fl\u0131d\u0131r. Gezdirme tasmas\u0131n\u0131n boyun tasmas\u0131na ba\u011flanabilmesi i\u00e7in gereken a\u00e7\u0131kl\u0131k sayesinde gezdirme kay\u0131\u015f\u0131 tak\u0131p \u00e7\u0131karmak \u00e7ok kolayd\u0131r. Gri renklidir, 40C de \u00e7ama\u015f\u0131r makinas\u0131nda y\u0131kanabilir. <\/p>\n<p><b>1 adet fiyat\u0131d\u0131r<\/b> <\/p>\n<p><p><b>\u00dcretici Markas\u0131 : Trixie<\/b><\/p>\n<p><b>\u00dcretici Kodu : 4011905195346<\/b><\/p>\n<p><b>1 ADET F\u0130YATIDIR<\/b><\/p>\n<\/h4>\n<p><\/p>\n","protected":false},"excerpt":{"rendered":"<p>K\u00f6pekler \u0130\u00e7in Koruyucu G\u00f6vde K\u0131yafeti S-M 40cm Gri<\/p>\n","protected":false},"featured_media":18908,"comment_status":"open","ping_status":"closed","template":"","meta":[],"product_brand":[],"product_cat":[546,370],"product_tag":[4867,2710,1684,1853,4866,3409,2775],"class_list":{"0":"post-18912","1":"product","2":"type-product","3":"status-publish","4":"has-post-thumbnail","6":"product_cat-kopek-kiyafeti","7":"product_cat-pet-shop","8":"product_tag-40cm","9":"product_tag-govde","10":"product_tag-gri","11":"product_tag-icin","12":"product_tag-kiyafeti","13":"product_tag-kopekler","14":"product_tag-koruyucu","16":"first","17":"instock","18":"taxable","19":"shipping-taxable","20":"purchasable","21":"product-type-simple"},"_links":{"self":[{"href":"https:\/\/depodanmusteriye.com\/urunler\/wp-json\/wp\/v2\/product\/18912","targetHints":{"allow":["GET"]}}],"collection":[{"href":"https:\/\/depodanmusteriye.com\/urunler\/wp-json\/wp\/v2\/product"}],"about":[{"href":"https:\/\/depodanmusteriye.com\/urunler\/wp-json\/wp\/v2\/types\/product"}],"replies":[{"embeddable":true,"href":"https:\/\/depodanmusteriye.com\/urunler\/wp-json\/wp\/v2\/comments?post=18912"}],"version-history":[{"count":0,"href":"https:\/\/depodanmusteriye.com\/urunler\/wp-json\/wp\/v2\/product\/18912\/revisions"}],"wp:featuredmedia":[{"embeddable":true,"href":"https:\/\/depodanmusteriye.com\/urunler\/wp-json\/wp\/v2\/media\/18908"}],"wp:attachment":[{"href":"https:\/\/depodanmusteriye.com\/urunler\/wp-json\/wp\/v2\/media?parent=18912"}],"wp:term":[{"taxonomy":"product_brand","embeddable":true,"href":"https:\/\/depodanmusteriye.com\/urunler\/wp-json\/wp\/v2\/product_brand?post=18912"},{"taxonomy":"product_cat","embeddable":true,"href":"https:\/\/depodanmusteriye.com\/urunler\/wp-json\/wp\/v2\/product_cat?post=18912"},{"taxonomy":"product_tag","embeddable":true,"href":"https:\/\/depodanmusteriye.com\/urunler\/wp-json\/wp\/v2\/product_tag?post=18912"}],"curies":[{"name":"wp","href":"https:\/\/api.w.org\/{rel}","templated":true}]}}