{"id":189104,"date":"2025-12-15T08:54:24","date_gmt":"2025-12-15T08:54:24","guid":{"rendered":"https:\/\/b2b.depodanmusteriye.com\/urun\/hs-93-meyve-sikacagi\/"},"modified":"2025-12-15T08:54:24","modified_gmt":"2025-12-15T08:54:24","slug":"hs-93-meyve-sikacagi","status":"publish","type":"product","link":"https:\/\/depodanmusteriye.com\/urunler\/urun\/hs-93-meyve-sikacagi\/","title":{"rendered":"HS-93 MEYVE SIKACA\u011eI"},"content":{"rendered":"<h4>2 y\u0131l ithalat\u00e7\u0131 garantisi ile g\u00fcvenle kullan\u0131m sunar, olas\u0131 teknik sorunlarda endi\u015fe etmenize gerek kalmaz Modern tasar\u0131m\u0131 ve \u015f\u0131k g\u00f6r\u00fcn\u00fcm\u00fcyle mutfak dekorasyonunuza estetik bir dokunu\u015f katar G\u00fcvenlik kilidi \u00f6zelli\u011fi sayesinde \u00e7ocuklar\u0131n ve evcil hayvanlar\u0131n kazara kullan\u0131m\u0131n\u0131 \u00f6nler, g\u00fcvenli bir kullan\u0131m sa\u011flar 2000 watt ve alt\u0131 g\u00fc\u00e7 t\u00fcketimi ile enerji verimlili\u011fi sunar, elektrik faturalar\u0131n\u0131zda tasarruf etmenize yard\u0131mc\u0131 olur Kat\u0131 meyve s\u0131kaca\u011f\u0131 modeli, meyve ve sebzelerinizi kolayca s\u0131karak sa\u011fl\u0131kl\u0131 i\u00e7ecekler haz\u0131rlaman\u0131z\u0131 sa\u011flar Dayan\u0131kl\u0131 plastik materyali ile uzun \u00f6m\u00fcrl\u00fc kullan\u0131m vaat eder ve temizli\u011fi kolayd\u0131r USB \u015earj Edilebilir Ta\u015f\u0131nabilir Mini Meyve S\u0131kaca\u011f\u0131 \u00d6zellikler: Voltaj: 7.4V G\u00fc\u00e7: 45W \u015earj USB \u015farj\u0131 Ambalaj boyutu: 138*112*237*5mm Kesici kafa tipi: \u00e7ift kesici Tortu kutusu kapasitesi: 500ml&#8217;nin alt\u0131nda (500ml dahil) G\u00fc\u00e7: 200W Meyve s\u0131kaca\u011f\u0131 maksimum h\u0131z\u0131: 18000 rpm G\u00f6vde Malzemesi: Plastik Bir seferde maksimum Kapasite: 400 mL Ek \u00f6zellikler: \u015farj edilebilir ve ta\u015f\u0131nabilir <\/p>\n<p><b>1 adet fiyat\u0131d\u0131r<\/b> <\/p>\n<p><p><b>\u00dcretici Markas\u0131 : ZERO LAND<\/b><\/p>\n<p><b>\u00dcretici Kodu : UUCZHS93MEYVESIKACA\u011e<\/b><\/p>\n<p><b>1 ADET F\u0130YATIDIR<\/b><\/p>\n<\/h4>\n<p><\/p>\n","protected":false},"excerpt":{"rendered":"<p>HS-93 MEYVE SIKACA\u011eI<\/p>\n","protected":false},"featured_media":189099,"comment_status":"open","ping_status":"closed","template":"","meta":[],"product_brand":[],"product_cat":[379,465],"product_tag":[14548,4149,14311],"class_list":{"0":"post-189104","1":"product","2":"type-product","3":"status-publish","4":"has-post-thumbnail","6":"product_cat-ev-yasam","7":"product_cat-meyve-and-sebze-sikacagi","8":"product_tag-hs-93","9":"product_tag-meyve","10":"product_tag-sikacagi","12":"first","13":"instock","14":"taxable","15":"shipping-taxable","16":"purchasable","17":"product-type-simple"},"_links":{"self":[{"href":"https:\/\/depodanmusteriye.com\/urunler\/wp-json\/wp\/v2\/product\/189104","targetHints":{"allow":["GET"]}}],"collection":[{"href":"https:\/\/depodanmusteriye.com\/urunler\/wp-json\/wp\/v2\/product"}],"about":[{"href":"https:\/\/depodanmusteriye.com\/urunler\/wp-json\/wp\/v2\/types\/product"}],"replies":[{"embeddable":true,"href":"https:\/\/depodanmusteriye.com\/urunler\/wp-json\/wp\/v2\/comments?post=189104"}],"version-history":[{"count":0,"href":"https:\/\/depodanmusteriye.com\/urunler\/wp-json\/wp\/v2\/product\/189104\/revisions"}],"wp:featuredmedia":[{"embeddable":true,"href":"https:\/\/depodanmusteriye.com\/urunler\/wp-json\/wp\/v2\/media\/189099"}],"wp:attachment":[{"href":"https:\/\/depodanmusteriye.com\/urunler\/wp-json\/wp\/v2\/media?parent=189104"}],"wp:term":[{"taxonomy":"product_brand","embeddable":true,"href":"https:\/\/depodanmusteriye.com\/urunler\/wp-json\/wp\/v2\/product_brand?post=189104"},{"taxonomy":"product_cat","embeddable":true,"href":"https:\/\/depodanmusteriye.com\/urunler\/wp-json\/wp\/v2\/product_cat?post=189104"},{"taxonomy":"product_tag","embeddable":true,"href":"https:\/\/depodanmusteriye.com\/urunler\/wp-json\/wp\/v2\/product_tag?post=189104"}],"curies":[{"name":"wp","href":"https:\/\/api.w.org\/{rel}","templated":true}]}}