{"id":18907,"date":"2025-12-05T08:03:33","date_gmt":"2025-12-05T08:03:33","guid":{"rendered":"https:\/\/b2b.depodanmusteriye.com\/urun\/pet-comfort-oscar-leo-25-kedi-ve-kopek-yatagi-s-50cm\/"},"modified":"2025-12-05T08:03:33","modified_gmt":"2025-12-05T08:03:33","slug":"pet-comfort-oscar-leo-25-kedi-ve-kopek-yatagi-s-50cm","status":"publish","type":"product","link":"https:\/\/depodanmusteriye.com\/urunler\/urun\/pet-comfort-oscar-leo-25-kedi-ve-kopek-yatagi-s-50cm\/","title":{"rendered":"Pet Comfort Oscar Leo 25 Kedi ve K\u00f6pek Yata\u011f\u0131 S 50cm"},"content":{"rendered":"<h4>Pet Comfort Oscar Leo 25 Kedi ve K\u00f6pek Yata\u011f\u0131 S 50cm <br \/>Yeti\u015fkin a\u011f\u0131rl\u0131\u011f\u0131 10Kg yi ge\u00e7meyen k\u00fc\u00e7\u00fck \u0131rk k\u00f6pe\u011finizin veya t\u00fcm ya\u015f ve boylardaki kedinizin konforu ve rahat\u0131 i\u00e7in her ayr\u0131nt\u0131s\u0131 d\u00fc\u015f\u00fcn\u00fclm\u00fc\u015f, ergonomik, \u015f\u0131k ve \u00e7ok kaliteli kedi ve k\u00f6pek yata\u011f\u0131d\u0131r. Yata\u011f\u0131n y\u00fcksekli\u011fi 18cm dir. Yatak k\u0131l\u0131f\u0131 \u00e7ok kaliteli hayvan sa\u011fl\u0131\u011f\u0131na uygun kuma\u015ftan, i\u00e7 b\u00f6l\u00fcm\u00fc ayr\u0131 \u00f6zel k\u0131l\u0131f i\u00e7erisine 1. s\u0131n\u0131f elyaf dolgu ile \u00fcretilmi\u015ftir. D\u0131\u015f k\u0131l\u0131f d\u00fc\u015f\u00fck \u0131s\u0131 kuru temizleme ile temizlenebilir veya \u00e7ama\u015f\u0131r makinas\u0131nda 30C de y\u0131kanabilirler. \u00d6zel k\u0131l\u0131f i\u00e7erisindeki kaliteli elyaf yast\u0131k elde d\u00fc\u015f\u00fck \u0131s\u0131da veya \u00e7ama\u015f\u0131r makinas\u0131 elde y\u0131kama program\u0131nda d\u00fc\u015f\u00fck \u0131s\u0131da y\u0131kanabilirler. \u00dcr\u00fcn\u00fcn alt taraf\u0131nda yer alan \u00f6zel \u00fcretim kaymaz kuma\u015f sayesinde k\u00f6pek yata\u011f\u0131, parke, mermer vb y\u00fczeylerde kaymaz. K\u00f6pe\u011finiz g\u00fcvenle \u00fczerine \u00e7\u0131kabilir, yatabilir ve oldu\u011fu yerde aya\u011fa kalk\u0131p kendi etraf\u0131nda d\u00f6nebilir. \u00d6zel vakumlu ambalaj\u0131nda el de\u011fmeden paketlenmekte ve size g\u00fcvenle ula\u015ft\u0131r\u0131lmaktad\u0131r. Do\u011fru k\u00f6pek yata\u011f\u0131 se\u00e7imi i\u00e7in blog yaz\u0131m\u0131z\u0131 okumay\u0131 unutmay\u0131n l\u00fctfen. <\/p>\n<p><b>1 adet fiyat\u0131d\u0131r<\/b> <\/p>\n<p><p><b>\u00dcretici Markas\u0131 : Pet Comfort<\/b><\/p>\n<p><b>\u00dcretici Kodu : 8683181131774<\/b><\/p>\n<p><b>1 ADET F\u0130YATIDIR<\/b><\/p>\n<\/h4>\n<p><\/p>\n","protected":false},"excerpt":{"rendered":"<p>Pet Comfort Oscar Leo 25 Kedi ve K\u00f6pek Yata\u011f\u0131 S 50cm<\/p>\n","protected":false},"featured_media":18905,"comment_status":"open","ping_status":"closed","template":"","meta":[],"product_brand":[],"product_cat":[509,370],"product_tag":[3123,4497,3194,1550,1491,4798,4797,1573,1583,2104,3300],"class_list":{"0":"post-18907","1":"product","2":"type-product","3":"status-publish","4":"has-post-thumbnail","6":"product_cat-kedi-ve-kopek-yatagi","7":"product_cat-pet-shop","8":"product_tag-3123","9":"product_tag-50cm","10":"product_tag-comfort","11":"product_tag-kedi","12":"product_tag-kopek","13":"product_tag-leo","14":"product_tag-oscar","15":"product_tag-pet","16":"product_tag-s","17":"product_tag-ve","18":"product_tag-yatagi","20":"first","21":"instock","22":"taxable","23":"shipping-taxable","24":"purchasable","25":"product-type-simple"},"_links":{"self":[{"href":"https:\/\/depodanmusteriye.com\/urunler\/wp-json\/wp\/v2\/product\/18907","targetHints":{"allow":["GET"]}}],"collection":[{"href":"https:\/\/depodanmusteriye.com\/urunler\/wp-json\/wp\/v2\/product"}],"about":[{"href":"https:\/\/depodanmusteriye.com\/urunler\/wp-json\/wp\/v2\/types\/product"}],"replies":[{"embeddable":true,"href":"https:\/\/depodanmusteriye.com\/urunler\/wp-json\/wp\/v2\/comments?post=18907"}],"version-history":[{"count":0,"href":"https:\/\/depodanmusteriye.com\/urunler\/wp-json\/wp\/v2\/product\/18907\/revisions"}],"wp:featuredmedia":[{"embeddable":true,"href":"https:\/\/depodanmusteriye.com\/urunler\/wp-json\/wp\/v2\/media\/18905"}],"wp:attachment":[{"href":"https:\/\/depodanmusteriye.com\/urunler\/wp-json\/wp\/v2\/media?parent=18907"}],"wp:term":[{"taxonomy":"product_brand","embeddable":true,"href":"https:\/\/depodanmusteriye.com\/urunler\/wp-json\/wp\/v2\/product_brand?post=18907"},{"taxonomy":"product_cat","embeddable":true,"href":"https:\/\/depodanmusteriye.com\/urunler\/wp-json\/wp\/v2\/product_cat?post=18907"},{"taxonomy":"product_tag","embeddable":true,"href":"https:\/\/depodanmusteriye.com\/urunler\/wp-json\/wp\/v2\/product_tag?post=18907"}],"curies":[{"name":"wp","href":"https:\/\/api.w.org\/{rel}","templated":true}]}}