{"id":18904,"date":"2025-12-05T08:03:25","date_gmt":"2025-12-05T08:03:25","guid":{"rendered":"https:\/\/b2b.depodanmusteriye.com\/urun\/miamor-vd-tavuklu-yavru-kedi-corbasi-135-ml\/"},"modified":"2025-12-05T08:03:25","modified_gmt":"2025-12-05T08:03:25","slug":"miamor-vd-tavuklu-yavru-kedi-corbasi-135-ml","status":"publish","type":"product","link":"https:\/\/depodanmusteriye.com\/urunler\/urun\/miamor-vd-tavuklu-yavru-kedi-corbasi-135-ml\/","title":{"rendered":"MIAMOR VD TAVUKLU YAVRU KEDI \u00c7ORBASI 135 ML"},"content":{"rendered":"<h4>\n<p>\u00d6zellikle yavru kedilerin ihtiya\u00e7lar\u0131 d\u00fc\u015f\u00fcn\u00fclerek \u00fcretilmi\u015ftir:<\/p>\n<p>&nbsp;<\/p>\n<p>*Tah\u0131l i\u00e7ermez<\/p>\n<p>*Soya i\u00e7ermez<\/p>\n<p>*Renklendirici ve koruyucu i\u00e7ermez<\/p>\n<p>&nbsp;<\/p>\n<p>Analiz bile\u015fenleri: Ham protein% 10,5, ya\u011f i\u00e7eri\u011fi% 8,5, ham k\u00fcl% 2,0, ham lif% 0,5, nem i\u00e7eri\u011fi% 78,0<\/p>\n<p>Kalori i\u00e7eri\u011fi \/ 100g: 115 kcal<\/p>\n<p>&nbsp;<\/p>\n<p>\u0130\u00e7indekiler: % 32 k\u00fcmes hayvanlar\u0131 (karaci\u011fer, et, y\u00fcrek, i\u015fkembe), akci\u011ferler, mide, karaci\u011fer, mineraller,% 0,5 somon ya\u011f\u0131<\/p>\n<p>&nbsp;<\/p>\n<p>Katk\u0131 maddeleri: Besin katk\u0131 maddeleri \/ kg: D3 vitamini: 200lU, E vitamini: 20mg, \u00e7inko (E6): 5mg, iyot (3b201): 0.2mg, manganez (3b503): 2mg<\/p>\n<p><b>24 adet fiyat\u0131d\u0131r<\/b> <\/p>\n<p><p><b>\u00dcretici Markas\u0131 : MIAMOR<\/b><\/p>\n<p><b>\u00dcretici Kodu : 4000158743695<\/b><\/p>\n<p><b>24 ADET F\u0130YATIDIR<\/b><\/p>\n<\/h4>\n<p><\/p>\n","protected":false},"excerpt":{"rendered":"<p>MIAMOR VD TAVUKLU YAVRU KEDI \u00c7ORBASI 135 ML<\/p>\n","protected":false},"featured_media":18903,"comment_status":"open","ping_status":"closed","template":"","meta":[],"product_brand":[],"product_cat":[508,370],"product_tag":[4865,4864,1550,1753,1581,3680,4863,1790],"class_list":{"0":"post-18904","1":"product","2":"type-product","3":"status-publish","4":"has-post-thumbnail","6":"product_cat-kedi-konserve-mamasi","7":"product_cat-pet-shop","8":"product_tag-4865","9":"product_tag-corbasi","10":"product_tag-kedi","11":"product_tag-miamor","12":"product_tag-ml","13":"product_tag-tavuklu","14":"product_tag-vd","15":"product_tag-yavru","17":"first","18":"instock","19":"taxable","20":"shipping-taxable","21":"purchasable","22":"product-type-simple"},"_links":{"self":[{"href":"https:\/\/depodanmusteriye.com\/urunler\/wp-json\/wp\/v2\/product\/18904","targetHints":{"allow":["GET"]}}],"collection":[{"href":"https:\/\/depodanmusteriye.com\/urunler\/wp-json\/wp\/v2\/product"}],"about":[{"href":"https:\/\/depodanmusteriye.com\/urunler\/wp-json\/wp\/v2\/types\/product"}],"replies":[{"embeddable":true,"href":"https:\/\/depodanmusteriye.com\/urunler\/wp-json\/wp\/v2\/comments?post=18904"}],"version-history":[{"count":0,"href":"https:\/\/depodanmusteriye.com\/urunler\/wp-json\/wp\/v2\/product\/18904\/revisions"}],"wp:featuredmedia":[{"embeddable":true,"href":"https:\/\/depodanmusteriye.com\/urunler\/wp-json\/wp\/v2\/media\/18903"}],"wp:attachment":[{"href":"https:\/\/depodanmusteriye.com\/urunler\/wp-json\/wp\/v2\/media?parent=18904"}],"wp:term":[{"taxonomy":"product_brand","embeddable":true,"href":"https:\/\/depodanmusteriye.com\/urunler\/wp-json\/wp\/v2\/product_brand?post=18904"},{"taxonomy":"product_cat","embeddable":true,"href":"https:\/\/depodanmusteriye.com\/urunler\/wp-json\/wp\/v2\/product_cat?post=18904"},{"taxonomy":"product_tag","embeddable":true,"href":"https:\/\/depodanmusteriye.com\/urunler\/wp-json\/wp\/v2\/product_tag?post=18904"}],"curies":[{"name":"wp","href":"https:\/\/api.w.org\/{rel}","templated":true}]}}