{"id":18902,"date":"2025-12-05T08:03:22","date_gmt":"2025-12-05T08:03:22","guid":{"rendered":"https:\/\/b2b.depodanmusteriye.com\/urun\/rinti-chicko-plus-tavukbudu-kopek-odulu-80-g\/"},"modified":"2025-12-05T08:03:22","modified_gmt":"2025-12-05T08:03:22","slug":"rinti-chicko-plus-tavukbudu-kopek-odulu-80-g","status":"publish","type":"product","link":"https:\/\/depodanmusteriye.com\/urunler\/urun\/rinti-chicko-plus-tavukbudu-kopek-odulu-80-g\/","title":{"rendered":"R\u0131nt\u0131 Chicko Plus Tavukbudu K\u00f6pek \u00d6d\u00fcl\u00fc 80 G"},"content":{"rendered":"<h4>\n<p>Rinti Chicko Plus &ndash;&nbsp; Tavuk Budu&nbsp; Yeti\u015fkin K\u00f6pekler i\u00e7in \u00d6d\u00fcl Mamas\u0131<\/p>\n<p>Kalsiyumlu Tavuk budu &ndash; Taze tavuk g\u00f6\u011fs\u00fcnden yap\u0131lm\u0131\u015ft\u0131r.&nbsp; Et unu, soya unu i\u00e7ermez. Sterilize edilmi\u015ftir. M\u00fckemmel lezzetinin yan\u0131nda sindirimi kolayd\u0131r.<\/p>\n<p>Analiz bile\u015fenleri: Protein %35; Nem%18; Ham k\u00fcl %5,5; Ham ya\u011f %2; Ham Lif %0,5. \u0130\u00e7indekiler: Tavuk eti %70; sebze yan \u00fcr\u00fcnleri, mineraller.<\/p>\n<p>G\u00fcnl\u00fck beslenme tavsiyesi: \u00d6\u011f\u00fcn aralar\u0131nda verilebilir. A\u00e7\u0131ld\u0131ktan sonra 2 hafta i\u00e7inde paket t\u00fcketilmelidir. Beslenme s\u0131ras\u0131nda yan\u0131nda daima temiz su bulundurulmas\u0131 tavsiye edilir.<br \/>\nYaln\u0131zca hayvan t\u00fcketimi i\u00e7indir. Serin ve kuru bir yerde saklay\u0131n\u0131z.<\/p>\n<p><b>12 adet fiyat\u0131d\u0131r<\/b> <\/p>\n<p><p><b>\u00dcretici Markas\u0131 : RINTI<\/b><\/p>\n<p><b>\u00dcretici Kodu : 4000158914262<\/b><\/p>\n<p><b>12 ADET F\u0130YATIDIR<\/b><\/p>\n<\/h4>\n<p><\/p>\n","protected":false},"excerpt":{"rendered":"<p>R\u0131nt\u0131 Chicko Plus Tavukbudu K\u00f6pek \u00d6d\u00fcl\u00fc 80 G<\/p>\n","protected":false},"featured_media":18901,"comment_status":"open","ping_status":"closed","template":"","meta":[],"product_brand":[],"product_cat":[542,370],"product_tag":[1108,4861,1491,1756,2498,2890,4862],"class_list":{"0":"post-18902","1":"product","2":"type-product","3":"status-publish","4":"has-post-thumbnail","6":"product_cat-kopek-odulu","7":"product_cat-pet-shop","8":"product_tag-1108","9":"product_tag-chicko","10":"product_tag-kopek","11":"product_tag-odulu","12":"product_tag-plus","13":"product_tag-rinti","14":"product_tag-tavukbudu","16":"first","17":"instock","18":"taxable","19":"shipping-taxable","20":"purchasable","21":"product-type-simple"},"_links":{"self":[{"href":"https:\/\/depodanmusteriye.com\/urunler\/wp-json\/wp\/v2\/product\/18902","targetHints":{"allow":["GET"]}}],"collection":[{"href":"https:\/\/depodanmusteriye.com\/urunler\/wp-json\/wp\/v2\/product"}],"about":[{"href":"https:\/\/depodanmusteriye.com\/urunler\/wp-json\/wp\/v2\/types\/product"}],"replies":[{"embeddable":true,"href":"https:\/\/depodanmusteriye.com\/urunler\/wp-json\/wp\/v2\/comments?post=18902"}],"version-history":[{"count":0,"href":"https:\/\/depodanmusteriye.com\/urunler\/wp-json\/wp\/v2\/product\/18902\/revisions"}],"wp:featuredmedia":[{"embeddable":true,"href":"https:\/\/depodanmusteriye.com\/urunler\/wp-json\/wp\/v2\/media\/18901"}],"wp:attachment":[{"href":"https:\/\/depodanmusteriye.com\/urunler\/wp-json\/wp\/v2\/media?parent=18902"}],"wp:term":[{"taxonomy":"product_brand","embeddable":true,"href":"https:\/\/depodanmusteriye.com\/urunler\/wp-json\/wp\/v2\/product_brand?post=18902"},{"taxonomy":"product_cat","embeddable":true,"href":"https:\/\/depodanmusteriye.com\/urunler\/wp-json\/wp\/v2\/product_cat?post=18902"},{"taxonomy":"product_tag","embeddable":true,"href":"https:\/\/depodanmusteriye.com\/urunler\/wp-json\/wp\/v2\/product_tag?post=18902"}],"curies":[{"name":"wp","href":"https:\/\/api.w.org\/{rel}","templated":true}]}}