{"id":18900,"date":"2025-12-05T08:03:19","date_gmt":"2025-12-05T08:03:19","guid":{"rendered":"https:\/\/b2b.depodanmusteriye.com\/urun\/rinti-ex-xs-tavuklu-kopek-odulu-80-gr\/"},"modified":"2025-12-05T08:03:19","modified_gmt":"2025-12-05T08:03:19","slug":"rinti-ex-xs-tavuklu-kopek-odulu-80-gr","status":"publish","type":"product","link":"https:\/\/depodanmusteriye.com\/urunler\/urun\/rinti-ex-xs-tavuklu-kopek-odulu-80-gr\/","title":{"rendered":"RINTI EX.XS TAVUKLU K\u00d6PEK \u00d6D\u00dcL\u00dc 80 GR"},"content":{"rendered":"<h4>\n<p><span style=\"font-family:calibri,sans-serif;font-size:11.0pt\">Yumu\u015fac\u0131k, et i\u00e7eren \u00f6d\u00fcl mamas\u0131d\u0131r. Taze tavukg\u00f6\u011fs\u00fc i\u00e7erir. Et unu veya soya unu i\u00e7ermez. Sterilize edilmi\u015ftir. Kolay sindirilebilir, lezzetli, k\u00f6pe\u011finiz i\u00e7in vazge\u00e7ilmez bir \u00f6d\u00fcld\u00fcr.<\/span><\/p>\n<p><strong><span style=\"font-family:calibri,sans-serif;font-size:11.0pt\">Analiz bile\u015fenleri:<\/span><\/strong><span style=\"font-family:calibri,sans-serif;font-size:11.0pt\"> Ham protein %50; Nem %16; Ham ya\u011f %8,5; Ham k\u00fcl %6; Ham Lif %0,5. <strong>\u0130\u00e7indekiler: <\/strong>%90 tavuk eti, sebze ve sebze yan \u00fcr\u00fcnleri; mineraller.<strong> <\/strong>&nbsp;<strong>G\u00fcnl\u00fck beslenme tavsiyesi: <\/strong>A\u00e7\u0131ld\u0131ktan sonra serin ve kuru bir yerde saklay\u0131n\u0131z ve paketi 1 hafta i\u00e7inde t\u00fcketiniz. K\u00fc\u00e7\u00fck \u0131rklar (10kg): 20g \/ g\u00fcn &ndash; Orta \u0131rklar (20kg): 35g \/ g\u00fcn &ndash; B\u00fcy\u00fck \u0131rklar (40kg): yakla\u015f\u0131k 55g \/ g\u00fcn. A\u00e7\u0131ld\u0131ktan sonra paketin a\u011fz\u0131n\u0131 s\u0131k\u0131ca<strong> <\/strong>kapat\u0131n\u0131z. Beslenme s\u0131ras\u0131nda yan\u0131nda daima temiz su bulundurulmas\u0131 tavsiye edilir. Yaln\u0131zca hayvan t\u00fcketimi i\u00e7indir.<strong> <\/strong><\/span><\/p>\n<p><span style=\"font-family:calibri,sans-serif;font-size:11.0pt\">Son t\u00fcketim tarihi \u00fcretim tarihinden itibaren 24 ayd\u0131r. <\/span><\/p>\n<p><b>12 adet fiyat\u0131d\u0131r<\/b> <\/p>\n<p><p><b>\u00dcretici Markas\u0131 : RINTI<\/b><\/p>\n<p><b>\u00dcretici Kodu : 4000158914439<\/b><\/p>\n<p><b>12 ADET F\u0130YATIDIR<\/b><\/p>\n<\/h4>\n<p><\/p>\n","protected":false},"excerpt":{"rendered":"<p>RINTI EX.XS TAVUKLU K\u00d6PEK \u00d6D\u00dcL\u00dc 80 GR<\/p>\n","protected":false},"featured_media":18899,"comment_status":"open","ping_status":"closed","template":"","meta":[],"product_brand":[],"product_cat":[542,370],"product_tag":[1108,4860,1563,1491,1756,2890,3680],"class_list":{"0":"post-18900","1":"product","2":"type-product","3":"status-publish","4":"has-post-thumbnail","6":"product_cat-kopek-odulu","7":"product_cat-pet-shop","8":"product_tag-1108","9":"product_tag-ex-xs","10":"product_tag-gr","11":"product_tag-kopek","12":"product_tag-odulu","13":"product_tag-rinti","14":"product_tag-tavuklu","16":"first","17":"instock","18":"taxable","19":"shipping-taxable","20":"purchasable","21":"product-type-simple"},"_links":{"self":[{"href":"https:\/\/depodanmusteriye.com\/urunler\/wp-json\/wp\/v2\/product\/18900","targetHints":{"allow":["GET"]}}],"collection":[{"href":"https:\/\/depodanmusteriye.com\/urunler\/wp-json\/wp\/v2\/product"}],"about":[{"href":"https:\/\/depodanmusteriye.com\/urunler\/wp-json\/wp\/v2\/types\/product"}],"replies":[{"embeddable":true,"href":"https:\/\/depodanmusteriye.com\/urunler\/wp-json\/wp\/v2\/comments?post=18900"}],"version-history":[{"count":0,"href":"https:\/\/depodanmusteriye.com\/urunler\/wp-json\/wp\/v2\/product\/18900\/revisions"}],"wp:featuredmedia":[{"embeddable":true,"href":"https:\/\/depodanmusteriye.com\/urunler\/wp-json\/wp\/v2\/media\/18899"}],"wp:attachment":[{"href":"https:\/\/depodanmusteriye.com\/urunler\/wp-json\/wp\/v2\/media?parent=18900"}],"wp:term":[{"taxonomy":"product_brand","embeddable":true,"href":"https:\/\/depodanmusteriye.com\/urunler\/wp-json\/wp\/v2\/product_brand?post=18900"},{"taxonomy":"product_cat","embeddable":true,"href":"https:\/\/depodanmusteriye.com\/urunler\/wp-json\/wp\/v2\/product_cat?post=18900"},{"taxonomy":"product_tag","embeddable":true,"href":"https:\/\/depodanmusteriye.com\/urunler\/wp-json\/wp\/v2\/product_tag?post=18900"}],"curies":[{"name":"wp","href":"https:\/\/api.w.org\/{rel}","templated":true}]}}