{"id":18898,"date":"2025-12-05T08:03:17","date_gmt":"2025-12-05T08:03:17","guid":{"rendered":"https:\/\/b2b.depodanmusteriye.com\/urun\/rinti-extra-tavuklu-kopek-odulu-90-gr\/"},"modified":"2025-12-05T08:03:17","modified_gmt":"2025-12-05T08:03:17","slug":"rinti-extra-tavuklu-kopek-odulu-90-gr","status":"publish","type":"product","link":"https:\/\/depodanmusteriye.com\/urunler\/urun\/rinti-extra-tavuklu-kopek-odulu-90-gr\/","title":{"rendered":"RINTI EXTRA TAVUKLU K\u00d6PEK \u00d6D\u00dcL\u00dc 90 GR"},"content":{"rendered":"<h4>\n<p><strong>Rinti &nbsp;Chicko &ndash; Tavuklu &ndash; Yeti\u015fkin k\u00f6pekler i\u00e7in tamamlay\u0131c\u0131 mama<\/strong><\/p>\n<p>Yumu\u015fac\u0131k, et i\u00e7eren \u00f6d\u00fcl mamas\u0131d\u0131r. Taze tavuk eti i\u00e7erir. Et unu veya soya unu i\u00e7ermez. Sterilize edilmi\u015ftir. Kolay sindirilebilir, lezzetli, k\u00f6pe\u011finiz i\u00e7in vazge\u00e7ilmez bir \u00f6d\u00fcld\u00fcr.<\/p>\n<p><strong>Analiz bile\u015fenleri:<\/strong> Ham protein %70; Nem %16; Ham K\u00fcl %5,5; Ya\u011f %4; Ham Lif %0,5.<\/p>\n<p><strong>\u0130\u00e7indekiler: <\/strong>%97 Tavuk eti; sebze ve sebze yan \u00fcr\u00fcnleri; mineraller. &nbsp;<\/p>\n<p><strong>G\u00fcnl\u00fck beslenme tavsiyesi: <\/strong>\u00dcr\u00fcn a\u00e7\u0131ld\u0131ktan sonra da fermuarl\u0131 paket olmas\u0131 sayesinde, uygun bir \u015fekilde kapat\u0131l\u0131rsa tazeli\u011fini uzun bir s\u00fcre koruyabilir. A\u00e7\u0131ld\u0131ktan sonra &nbsp;serin ve kuru bir yerde saklay\u0131n\u0131z ve paketi 2 hafta i\u00e7inde t\u00fcketiniz. Paketin i\u00e7indeki &ldquo;oksijen emici&rdquo; \u00fcr\u00fcn\u00fc taze tutmas\u0131 i\u00e7in koyulmu\u015ftur. YEN\u0130LMEZ! \u00d6\u011f\u00fcn aralar\u0131nda \u00f6d\u00fcl mama verilebilir. V\u00fccut a\u011f\u0131rl\u0131\u011f\u0131na g\u00f6re g\u00fcnl\u00fck tavsiye edilen miktarlar \u015fu \u015fekildedir: 10 kg&rsquo;a kadar; g\u00fcnde en fazla 2 \u00e7ubuk \/ 10-20 kg aras\u0131 k\u00f6pekler;&nbsp; g\u00fcnde en fazla 4 \u00e7ubuk \/ 20-40 kg aras\u0131 g\u00fcnde en fazla 7 \u00e7ubuk. &nbsp;A\u00e7\u0131ld\u0131ktan sonra paketin a\u011fz\u0131n\u0131 s\u0131k\u0131ca kapat\u0131n\u0131z. Beslenme s\u0131ras\u0131nda yan\u0131nda daima temiz su bulundurulmas\u0131 tavsiye edilir. Yaln\u0131zca hayvan t\u00fcketimi i\u00e7indir.<\/p>\n<p><b>12 adet fiyat\u0131d\u0131r<\/b> <\/p>\n<p><p><b>\u00dcretici Markas\u0131 : RINTI<\/b><\/p>\n<p><b>\u00dcretici Kodu : 4000158913258<\/b><\/p>\n<p><b>12 ADET F\u0130YATIDIR<\/b><\/p>\n<\/h4>\n<p><\/p>\n","protected":false},"excerpt":{"rendered":"<p>RINTI EXTRA TAVUKLU K\u00d6PEK \u00d6D\u00dcL\u00dc 90 GR<\/p>\n","protected":false},"featured_media":18897,"comment_status":"open","ping_status":"closed","template":"","meta":[],"product_brand":[],"product_cat":[542,370],"product_tag":[2437,2891,1563,1491,1756,2890,3680],"class_list":{"0":"post-18898","1":"product","2":"type-product","3":"status-publish","4":"has-post-thumbnail","6":"product_cat-kopek-odulu","7":"product_cat-pet-shop","8":"product_tag-2437","9":"product_tag-extra","10":"product_tag-gr","11":"product_tag-kopek","12":"product_tag-odulu","13":"product_tag-rinti","14":"product_tag-tavuklu","16":"first","17":"instock","18":"taxable","19":"shipping-taxable","20":"purchasable","21":"product-type-simple"},"_links":{"self":[{"href":"https:\/\/depodanmusteriye.com\/urunler\/wp-json\/wp\/v2\/product\/18898","targetHints":{"allow":["GET"]}}],"collection":[{"href":"https:\/\/depodanmusteriye.com\/urunler\/wp-json\/wp\/v2\/product"}],"about":[{"href":"https:\/\/depodanmusteriye.com\/urunler\/wp-json\/wp\/v2\/types\/product"}],"replies":[{"embeddable":true,"href":"https:\/\/depodanmusteriye.com\/urunler\/wp-json\/wp\/v2\/comments?post=18898"}],"version-history":[{"count":0,"href":"https:\/\/depodanmusteriye.com\/urunler\/wp-json\/wp\/v2\/product\/18898\/revisions"}],"wp:featuredmedia":[{"embeddable":true,"href":"https:\/\/depodanmusteriye.com\/urunler\/wp-json\/wp\/v2\/media\/18897"}],"wp:attachment":[{"href":"https:\/\/depodanmusteriye.com\/urunler\/wp-json\/wp\/v2\/media?parent=18898"}],"wp:term":[{"taxonomy":"product_brand","embeddable":true,"href":"https:\/\/depodanmusteriye.com\/urunler\/wp-json\/wp\/v2\/product_brand?post=18898"},{"taxonomy":"product_cat","embeddable":true,"href":"https:\/\/depodanmusteriye.com\/urunler\/wp-json\/wp\/v2\/product_cat?post=18898"},{"taxonomy":"product_tag","embeddable":true,"href":"https:\/\/depodanmusteriye.com\/urunler\/wp-json\/wp\/v2\/product_tag?post=18898"}],"curies":[{"name":"wp","href":"https:\/\/api.w.org\/{rel}","templated":true}]}}