{"id":18896,"date":"2025-12-05T08:03:14","date_gmt":"2025-12-05T08:03:14","guid":{"rendered":"https:\/\/b2b.depodanmusteriye.com\/urun\/verselelaga-grit-with-coral-kus-kumu-2-5-kg\/"},"modified":"2025-12-05T08:03:14","modified_gmt":"2025-12-05T08:03:14","slug":"verselelaga-grit-with-coral-kus-kumu-2-5-kg","status":"publish","type":"product","link":"https:\/\/depodanmusteriye.com\/urunler\/urun\/verselelaga-grit-with-coral-kus-kumu-2-5-kg\/","title":{"rendered":"Verselelaga Gr\u0131t W\u0131th Coral Ku\u015f Kumu 2.5 Kg"},"content":{"rendered":"<h4>\n<p><b>1 adet fiyat\u0131d\u0131r<\/b> <\/p>\n<p><p><b>\u00dcretici Markas\u0131 : VERSELE LAGA<\/b><\/p>\n<p><b>\u00dcretici Kodu : 808423111H<\/b><\/p>\n<p><b>1 ADET F\u0130YATIDIR<\/b><\/p>\n<\/h4>\n<p><\/p>\n","protected":false},"excerpt":{"rendered":"<p>Verselelaga Gr\u0131t W\u0131th Coral Ku\u015f Kumu 2.5 Kg<\/p>\n","protected":false},"featured_media":18895,"comment_status":"open","ping_status":"closed","template":"","meta":[],"product_brand":[],"product_cat":[529,370],"product_tag":[2261,1540,1538,1543,1542,1541,1531,1539],"class_list":{"0":"post-18896","1":"product","2":"type-product","3":"status-publish","4":"has-post-thumbnail","6":"product_cat-kus-kumu","7":"product_cat-pet-shop","8":"product_tag-2-5","9":"product_tag-coral","10":"product_tag-grit","11":"product_tag-kg","12":"product_tag-kumu","13":"product_tag-kus","14":"product_tag-verselelaga","15":"product_tag-with","17":"first","18":"instock","19":"taxable","20":"shipping-taxable","21":"purchasable","22":"product-type-simple"},"_links":{"self":[{"href":"https:\/\/depodanmusteriye.com\/urunler\/wp-json\/wp\/v2\/product\/18896","targetHints":{"allow":["GET"]}}],"collection":[{"href":"https:\/\/depodanmusteriye.com\/urunler\/wp-json\/wp\/v2\/product"}],"about":[{"href":"https:\/\/depodanmusteriye.com\/urunler\/wp-json\/wp\/v2\/types\/product"}],"replies":[{"embeddable":true,"href":"https:\/\/depodanmusteriye.com\/urunler\/wp-json\/wp\/v2\/comments?post=18896"}],"version-history":[{"count":0,"href":"https:\/\/depodanmusteriye.com\/urunler\/wp-json\/wp\/v2\/product\/18896\/revisions"}],"wp:featuredmedia":[{"embeddable":true,"href":"https:\/\/depodanmusteriye.com\/urunler\/wp-json\/wp\/v2\/media\/18895"}],"wp:attachment":[{"href":"https:\/\/depodanmusteriye.com\/urunler\/wp-json\/wp\/v2\/media?parent=18896"}],"wp:term":[{"taxonomy":"product_brand","embeddable":true,"href":"https:\/\/depodanmusteriye.com\/urunler\/wp-json\/wp\/v2\/product_brand?post=18896"},{"taxonomy":"product_cat","embeddable":true,"href":"https:\/\/depodanmusteriye.com\/urunler\/wp-json\/wp\/v2\/product_cat?post=18896"},{"taxonomy":"product_tag","embeddable":true,"href":"https:\/\/depodanmusteriye.com\/urunler\/wp-json\/wp\/v2\/product_tag?post=18896"}],"curies":[{"name":"wp","href":"https:\/\/api.w.org\/{rel}","templated":true}]}}