{"id":18880,"date":"2025-12-05T08:02:46","date_gmt":"2025-12-05T08:02:46","guid":{"rendered":"https:\/\/b2b.depodanmusteriye.com\/urun\/pet-comfort-uniform-bej-puantiyeli-kopek-yatagi-m-60x70cm\/"},"modified":"2025-12-05T08:02:46","modified_gmt":"2025-12-05T08:02:46","slug":"pet-comfort-uniform-bej-puantiyeli-kopek-yatagi-m-60x70cm","status":"publish","type":"product","link":"https:\/\/depodanmusteriye.com\/urunler\/urun\/pet-comfort-uniform-bej-puantiyeli-kopek-yatagi-m-60x70cm\/","title":{"rendered":"Pet Comfort Uniform Bej Puantiyeli K\u00f6pek Yata\u011f\u0131 M 60x70cm"},"content":{"rendered":"<h4>Pet Comfort Uniform Bej Puantiyeli K\u00f6pek Yata\u011f\u0131 L 70x60cm <\/p>\n<p>Pet Comfort Uniform Bej Puantiyeli K\u00f6pek Yata\u011f\u0131 L 60x70cmYeti\u015fkin a\u011f\u0131rl\u0131\u011f\u0131 11-25Kg aras\u0131 orta \u0131rk k\u00f6pekler i\u00e7in uygun konforlu ve rahat k\u00f6pek yata\u011f\u0131d\u0131r.Ekonomik, modern, \u015f\u0131k ve \u00e7ok konforludurModern, dekoratif tasar\u0131m\u0131 ile evinize \u015f\u0131kl\u0131k katarYata\u011f\u0131n y\u00fcksekli\u011fi 19cm&#8217;dir\u0130\u00e7 \u00f6l\u00e7\u00fcleri 37x42cm\u2019dirSabit yast\u0131kl\u0131d\u0131rY\u00fcksek kaliteli bask\u0131l\u0131 kuma\u015ftan yap\u0131lm\u0131\u015f k\u0131l\u0131fYanlarda ve minderlerde birinci kalite elyaf dolguY\u00fcksek kaliteli evcil hayvan dostu kuma\u015fYatak k\u0131l\u0131f\u0131, 30C&#8217;de \u00e7ama\u015f\u0131r makinesinde y\u0131kanabilirY\u00fcksek kaliteli kaymaz tabanPE po\u015fet i\u00e7erisinde normal veya vakumlu paketlemeT\u00fcrk Mal\u0131 <\/p>\n<p><b>1 adet fiyat\u0131d\u0131r<\/b> <\/p>\n<p><p><b>\u00dcretici Markas\u0131 : Pet Comfort<\/b><\/p>\n<p><b>\u00dcretici Kodu : 8683181134300<\/b><\/p>\n<p><b>1 ADET F\u0130YATIDIR<\/b><\/p>\n<\/h4>\n<p><\/p>\n","protected":false},"excerpt":{"rendered":"<p>Pet Comfort Uniform Bej Puantiyeli K\u00f6pek Yata\u011f\u0131 M 60x70cm<\/p>\n","protected":false},"featured_media":18876,"comment_status":"open","ping_status":"closed","template":"","meta":[],"product_brand":[],"product_cat":[509,370],"product_tag":[4850,2647,3194,1491,1500,1573,4859,4847,3300],"class_list":{"0":"post-18880","1":"product","2":"type-product","3":"status-publish","4":"has-post-thumbnail","6":"product_cat-kedi-ve-kopek-yatagi","7":"product_cat-pet-shop","8":"product_tag-60x70cm","9":"product_tag-bej","10":"product_tag-comfort","11":"product_tag-kopek","12":"product_tag-m","13":"product_tag-pet","14":"product_tag-puantiyeli","15":"product_tag-uniform","16":"product_tag-yatagi","18":"first","19":"instock","20":"taxable","21":"shipping-taxable","22":"purchasable","23":"product-type-simple"},"_links":{"self":[{"href":"https:\/\/depodanmusteriye.com\/urunler\/wp-json\/wp\/v2\/product\/18880","targetHints":{"allow":["GET"]}}],"collection":[{"href":"https:\/\/depodanmusteriye.com\/urunler\/wp-json\/wp\/v2\/product"}],"about":[{"href":"https:\/\/depodanmusteriye.com\/urunler\/wp-json\/wp\/v2\/types\/product"}],"replies":[{"embeddable":true,"href":"https:\/\/depodanmusteriye.com\/urunler\/wp-json\/wp\/v2\/comments?post=18880"}],"version-history":[{"count":0,"href":"https:\/\/depodanmusteriye.com\/urunler\/wp-json\/wp\/v2\/product\/18880\/revisions"}],"wp:featuredmedia":[{"embeddable":true,"href":"https:\/\/depodanmusteriye.com\/urunler\/wp-json\/wp\/v2\/media\/18876"}],"wp:attachment":[{"href":"https:\/\/depodanmusteriye.com\/urunler\/wp-json\/wp\/v2\/media?parent=18880"}],"wp:term":[{"taxonomy":"product_brand","embeddable":true,"href":"https:\/\/depodanmusteriye.com\/urunler\/wp-json\/wp\/v2\/product_brand?post=18880"},{"taxonomy":"product_cat","embeddable":true,"href":"https:\/\/depodanmusteriye.com\/urunler\/wp-json\/wp\/v2\/product_cat?post=18880"},{"taxonomy":"product_tag","embeddable":true,"href":"https:\/\/depodanmusteriye.com\/urunler\/wp-json\/wp\/v2\/product_tag?post=18880"}],"curies":[{"name":"wp","href":"https:\/\/api.w.org\/{rel}","templated":true}]}}