{"id":18870,"date":"2025-12-05T06:13:43","date_gmt":"2025-12-05T06:13:43","guid":{"rendered":"https:\/\/b2b.depodanmusteriye.com\/urun\/pet-comfort-uniform-gri-puantiyeli-kedi-ve-kopek-yatagi-s-50x60cm\/"},"modified":"2025-12-05T06:13:43","modified_gmt":"2025-12-05T06:13:43","slug":"pet-comfort-uniform-gri-puantiyeli-kedi-ve-kopek-yatagi-s-50x60cm","status":"publish","type":"product","link":"https:\/\/depodanmusteriye.com\/urunler\/urun\/pet-comfort-uniform-gri-puantiyeli-kedi-ve-kopek-yatagi-s-50x60cm\/","title":{"rendered":"Pet Comfort Uniform Gri Puantiyeli Kedi ve K\u00f6pek Yata\u011f\u0131 S 50x60cm"},"content":{"rendered":"<h4>Pet Comfort Uniform Gri Puantiyeli Kedi ve K\u00f6pek Yata\u011f\u0131 M 60x50cm <\/p>\n<p>Pet Comfort Uniform Gri Puantiyeli Kedi ve K\u00f6pek Yata\u011f\u0131 M 50x60cmYeti\u015fkin a\u011f\u0131rl\u0131\u011f\u0131 10Kg\u2019dan az, k\u00fc\u00e7\u00fck \u0131rk k\u00f6pekler ve t\u00fcm kedi \u0131rklar\u0131 i\u00e7in uygun konforlu ve rahat k\u00f6pek ve kedi yata\u011f\u0131d\u0131r.Ekonomik, modern, \u015f\u0131k ve \u00e7ok konforludurModern, dekoratif tasar\u0131m\u0131 ile evinize \u015f\u0131kl\u0131k katarYata\u011f\u0131n y\u00fcksekli\u011fi 17cm&#8217;dir\u0130\u00e7 \u00f6l\u00e7\u00fcleri 31x36cm\u2019dirSabit yast\u0131kl\u0131d\u0131rY\u00fcksek kaliteli bask\u0131l\u0131 kuma\u015ftan yap\u0131lm\u0131\u015f k\u0131l\u0131fYanlarda ve minderlerde birinci kalite elyaf dolguY\u00fcksek kaliteli evcil hayvan dostu kuma\u015fYatak k\u0131l\u0131f\u0131, 30C&#8217;de \u00e7ama\u015f\u0131r makinesinde y\u0131kanabilirY\u00fcksek kaliteli kaymaz tabanPE po\u015fet i\u00e7erisinde normal veya vakumlu paketlemeT\u00fcrk Mal\u0131 <\/p>\n<p><b>1 adet fiyat\u0131d\u0131r<\/b> <\/p>\n<p><p><b>\u00dcretici Markas\u0131 : Pet Comfort<\/b><\/p>\n<p><b>\u00dcretici Kodu : 8683181134263<\/b><\/p>\n<p><b>1 ADET F\u0130YATIDIR<\/b><\/p>\n<\/h4>\n<p><\/p>\n","protected":false},"excerpt":{"rendered":"<p>Pet Comfort Uniform Gri Puantiyeli Kedi ve K\u00f6pek Yata\u011f\u0131 S 50x60cm<\/p>\n","protected":false},"featured_media":18866,"comment_status":"open","ping_status":"closed","template":"","meta":[],"product_brand":[],"product_cat":[509,370],"product_tag":[4786,3194,1684,1550,1491,1573,4859,1583,4847,2104,3300],"class_list":{"0":"post-18870","1":"product","2":"type-product","3":"status-publish","4":"has-post-thumbnail","6":"product_cat-kedi-ve-kopek-yatagi","7":"product_cat-pet-shop","8":"product_tag-50x60cm","9":"product_tag-comfort","10":"product_tag-gri","11":"product_tag-kedi","12":"product_tag-kopek","13":"product_tag-pet","14":"product_tag-puantiyeli","15":"product_tag-s","16":"product_tag-uniform","17":"product_tag-ve","18":"product_tag-yatagi","20":"first","21":"instock","22":"taxable","23":"shipping-taxable","24":"purchasable","25":"product-type-simple"},"_links":{"self":[{"href":"https:\/\/depodanmusteriye.com\/urunler\/wp-json\/wp\/v2\/product\/18870","targetHints":{"allow":["GET"]}}],"collection":[{"href":"https:\/\/depodanmusteriye.com\/urunler\/wp-json\/wp\/v2\/product"}],"about":[{"href":"https:\/\/depodanmusteriye.com\/urunler\/wp-json\/wp\/v2\/types\/product"}],"replies":[{"embeddable":true,"href":"https:\/\/depodanmusteriye.com\/urunler\/wp-json\/wp\/v2\/comments?post=18870"}],"version-history":[{"count":0,"href":"https:\/\/depodanmusteriye.com\/urunler\/wp-json\/wp\/v2\/product\/18870\/revisions"}],"wp:featuredmedia":[{"embeddable":true,"href":"https:\/\/depodanmusteriye.com\/urunler\/wp-json\/wp\/v2\/media\/18866"}],"wp:attachment":[{"href":"https:\/\/depodanmusteriye.com\/urunler\/wp-json\/wp\/v2\/media?parent=18870"}],"wp:term":[{"taxonomy":"product_brand","embeddable":true,"href":"https:\/\/depodanmusteriye.com\/urunler\/wp-json\/wp\/v2\/product_brand?post=18870"},{"taxonomy":"product_cat","embeddable":true,"href":"https:\/\/depodanmusteriye.com\/urunler\/wp-json\/wp\/v2\/product_cat?post=18870"},{"taxonomy":"product_tag","embeddable":true,"href":"https:\/\/depodanmusteriye.com\/urunler\/wp-json\/wp\/v2\/product_tag?post=18870"}],"curies":[{"name":"wp","href":"https:\/\/api.w.org\/{rel}","templated":true}]}}