{"id":18860,"date":"2025-12-05T06:13:25","date_gmt":"2025-12-05T06:13:25","guid":{"rendered":"https:\/\/b2b.depodanmusteriye.com\/urun\/pet-comfort-golf-neva-mavi-kopek-yatagi-xl-80x105cm\/"},"modified":"2025-12-05T06:13:25","modified_gmt":"2025-12-05T06:13:25","slug":"pet-comfort-golf-neva-mavi-kopek-yatagi-xl-80x105cm","status":"publish","type":"product","link":"https:\/\/depodanmusteriye.com\/urunler\/urun\/pet-comfort-golf-neva-mavi-kopek-yatagi-xl-80x105cm\/","title":{"rendered":"Pet Comfort Golf Neva Mavi K\u00f6pek Yata\u011f\u0131 XL 80x105cm"},"content":{"rendered":"<h4>Pet Comfort Golf  Mavi K\u00f6pek Yata\u011f\u0131 L 105x80cm <\/p>\n<p>Super yumu\u015fak i\u00e7 dolgu.Sabit yatak.Evcil hayvan dostu 100% polyester yumu\u015fak kadife kuma\u015f.Pet Comfort taraf\u0131ndan geli\u015ftirilmi\u015f \u00f6zel taban kaymaz kuma\u015f.T\u00fcm k\u0131l\u0131f tek par\u00e7a \u00e7\u0131kar\u0131labilir.K\u0131l\u0131f \u00e7ama\u015f\u0131r makinas\u0131nda 30C y\u0131kanabilir.T\u00fcm i\u00e7 yast\u0131klar \u00e7ama\u015f\u0131r makinas\u0131nda d\u00fc\u015f\u00fck \u0131s\u0131da ve elde y\u0131kama program\u0131nda y\u0131kanabilir.\u00d6zel PE \u015feffaf ambalaj i\u00e7erisiPE ambalaj i\u00e7erisinde Normal veya Vakum paketleme%100 T\u00fcrk Mal\u0131 <\/p>\n<p><b>1 adet fiyat\u0131d\u0131r<\/b> <\/p>\n<p><p><b>\u00dcretici Markas\u0131 : Pet Comfort<\/b><\/p>\n<p><b>\u00dcretici Kodu : 8683181134232<\/b><\/p>\n<p><b>1 ADET F\u0130YATIDIR<\/b><\/p>\n<\/h4>\n<p><\/p>\n","protected":false},"excerpt":{"rendered":"<p>Pet Comfort Golf Neva Mavi K\u00f6pek Yata\u011f\u0131 XL 80x105cm<\/p>\n","protected":false},"featured_media":18856,"comment_status":"open","ping_status":"closed","template":"","meta":[],"product_brand":[],"product_cat":[509,370],"product_tag":[4807,3194,1076,1491,1737,4858,1573,4724,3300],"class_list":{"0":"post-18860","1":"product","2":"type-product","3":"status-publish","4":"has-post-thumbnail","6":"product_cat-kedi-ve-kopek-yatagi","7":"product_cat-pet-shop","8":"product_tag-80x105cm","9":"product_tag-comfort","10":"product_tag-golf","11":"product_tag-kopek","12":"product_tag-mavi","13":"product_tag-neva","14":"product_tag-pet","15":"product_tag-xl","16":"product_tag-yatagi","18":"first","19":"instock","20":"taxable","21":"shipping-taxable","22":"purchasable","23":"product-type-simple"},"_links":{"self":[{"href":"https:\/\/depodanmusteriye.com\/urunler\/wp-json\/wp\/v2\/product\/18860","targetHints":{"allow":["GET"]}}],"collection":[{"href":"https:\/\/depodanmusteriye.com\/urunler\/wp-json\/wp\/v2\/product"}],"about":[{"href":"https:\/\/depodanmusteriye.com\/urunler\/wp-json\/wp\/v2\/types\/product"}],"replies":[{"embeddable":true,"href":"https:\/\/depodanmusteriye.com\/urunler\/wp-json\/wp\/v2\/comments?post=18860"}],"version-history":[{"count":0,"href":"https:\/\/depodanmusteriye.com\/urunler\/wp-json\/wp\/v2\/product\/18860\/revisions"}],"wp:featuredmedia":[{"embeddable":true,"href":"https:\/\/depodanmusteriye.com\/urunler\/wp-json\/wp\/v2\/media\/18856"}],"wp:attachment":[{"href":"https:\/\/depodanmusteriye.com\/urunler\/wp-json\/wp\/v2\/media?parent=18860"}],"wp:term":[{"taxonomy":"product_brand","embeddable":true,"href":"https:\/\/depodanmusteriye.com\/urunler\/wp-json\/wp\/v2\/product_brand?post=18860"},{"taxonomy":"product_cat","embeddable":true,"href":"https:\/\/depodanmusteriye.com\/urunler\/wp-json\/wp\/v2\/product_cat?post=18860"},{"taxonomy":"product_tag","embeddable":true,"href":"https:\/\/depodanmusteriye.com\/urunler\/wp-json\/wp\/v2\/product_tag?post=18860"}],"curies":[{"name":"wp","href":"https:\/\/api.w.org\/{rel}","templated":true}]}}