{"id":188450,"date":"2025-12-15T08:10:43","date_gmt":"2025-12-15T08:10:43","guid":{"rendered":"https:\/\/b2b.depodanmusteriye.com\/urun\/4-tarakli-profesyonel-sarjli-sac-ve-sakal-kesme-tiras-makinesi-seti\/"},"modified":"2025-12-15T08:10:43","modified_gmt":"2025-12-15T08:10:43","slug":"4-tarakli-profesyonel-sarjli-sac-ve-sakal-kesme-tiras-makinesi-seti","status":"publish","type":"product","link":"https:\/\/depodanmusteriye.com\/urunler\/urun\/4-tarakli-profesyonel-sarjli-sac-ve-sakal-kesme-tiras-makinesi-seti\/","title":{"rendered":"4 Tarakl\u0131 Profesyonel \u015earjl\u0131 Sa\u00e7 ve Sakal Kesme T\u0131ra\u015f Makinesi Seti"},"content":{"rendered":"<h4>Bu \u015farjl\u0131 profesyonel sa\u00e7 ve sakal kesme t\u0131ra\u015f makinesi seti, size en iyi t\u0131ra\u015f deneyimini sunmay\u0131 ama\u00e7layan y\u00fcksek kaliteli bir \u00fcr\u00fcnd\u00fcr. Geli\u015fmi\u015f tasar\u0131m\u0131 ve fonksiyonlar\u0131 sayesinde, hem evde hem de kuaf\u00f6rlerde kullan\u0131labilecek ideal bir se\u00e7imdir. H\u0131zl\u0131 ve pratik bir kullan\u0131m i\u00e7in tasarlanm\u0131\u015f bu makine, yo\u011fun g\u00fcnlerde bile sizi zaman kayb\u0131ndan kurtar\u0131r ve etkili bir \u015fekilde sonu\u00e7 alman\u0131z\u0131 sa\u011flar.\u00c7ok Y\u00f6nl\u00fc Kullan\u0131m ve Pratik Tasar\u0131m:Bu t\u0131ra\u015f makinesi, sa\u00e7, sakal, b\u0131y\u0131k, favori veya ense kesimi i\u00e7in ideal ba\u015fl\u0131klarla donat\u0131lm\u0131\u015ft\u0131r. Ayn\u0131 zamanda, \u015fekilli ve e\u015fit boyda sakallar olu\u015fturma veya tamamen kesme imkan\u0131 sa\u011flar. Makineyi ki\u015fisel bak\u0131m ihtiya\u00e7lar\u0131n\u0131za g\u00f6re \u00f6zelle\u015ftirebilir, her kullan\u0131mda m\u00fckemmel sonu\u00e7lar elde edebilirsiniz. T\u00fcm bunlar, kolayca de\u011fi\u015ftirebilece\u011finiz ba\u015fl\u0131klar sayesinde m\u00fcmk\u00fcnd\u00fcr. Ayr\u0131ca, ergonomik tasar\u0131m\u0131 sayesinde cihaz elinize rahat\u00e7a oturur, bu da uzun s\u00fcreli kullan\u0131mlarda bile konfor sa\u011flar.Y\u00fcksek Performansl\u0131 Motor ve Hassas B\u0131\u00e7aklar:Makinenin g\u00fc\u00e7l\u00fc motoru, daha verimli ve h\u0131zl\u0131 bir \u015fekilde t\u0131ra\u015f yapman\u0131za olanak tan\u0131r. Paslanmaz \u00e7elik b\u0131\u00e7aklar, hassas kesim sa\u011flar ve sakallar\u0131n\u0131z\u0131 \u00e7ekmeden, as\u0131lmadan veya kesintiye u\u011framadan h\u0131zl\u0131 bir \u015fekilde al\u0131r. Bu \u00f6zellik, \u00f6zellikle yo\u011fun sakallar\u0131n veya uzun t\u00fcylerin kesilmesi gerekti\u011finde olduk\u00e7a faydal\u0131d\u0131r. Ayr\u0131ca, t\u0131ra\u015f s\u0131ras\u0131nda cildinize zarar vermez, tahri\u015fe neden olmaz ve her zaman p\u00fcr\u00fczs\u00fcz bir sonu\u00e7 elde etmenizi sa\u011flar.Kablosuz ve Kolay \u015earj Edilebilir Kullan\u0131m:\u015earj edilebilir \u00f6zelli\u011fi sayesinde kablosuz olarak kullan\u0131labilen bu t\u0131ra\u015f makinesi, size maksimum esneklik sunar. Sadece 1 saatlik \u015farj ile 60 dakika boyunca kesintisiz kullan\u0131m imkan\u0131 sa\u011flar. Bu sayede, t\u0131ra\u015f esnas\u0131nda kablo karma\u015fas\u0131ndan kurtulmu\u015f olur, hareket \u00f6zg\u00fcrl\u00fc\u011f\u00fcn\u00fcz\u00fc art\u0131r\u0131r ve daha pratik bir kullan\u0131m sa\u011flar. Y\u00fcksek kapasiteli bataryas\u0131 uzun s\u00fcre dayan\u0131r ve her zaman g\u00fcvende kalman\u0131z\u0131 sa\u011flar.Sessiz \u00c7al\u0131\u015fma ve Konforlu Deneyim:Geli\u015fmi\u015f izolasyon teknolojisi ve g\u00fc\u00e7l\u00fc motoru sayesinde, bu t\u0131ra\u015f makinesi olduk\u00e7a sessiz \u00e7al\u0131\u015f\u0131r. T\u0131ra\u015f esnas\u0131nda sizi rahats\u0131z etmeyen d\u00fc\u015f\u00fck ses seviyesi, t\u0131ra\u015f deneyiminizi daha konforlu hale getirir. Ayr\u0131ca, makine \u00fczerinde bulunan a\u00e7ma\/kapama d\u00fc\u011fmesi ve ba\u015fl\u0131k de\u011fi\u015ftirme \u00f6zelli\u011fi sayesinde, cihaz\u0131 \u00e7ok kolay bir \u015fekilde kontrol edebilirsiniz. Bu da kullan\u0131c\u0131lara b\u00fcy\u00fck bir kullan\u0131m kolayl\u0131\u011f\u0131 sa\u011flar.Bak\u0131m ve Temizlik Kolayl\u0131\u011f\u0131:Makine, dayan\u0131kl\u0131 ve uzun \u00f6m\u00fcrl\u00fc paslanmaz \u00e7elik b\u0131\u00e7aklara sahip olup, her kullan\u0131m sonras\u0131nda kolayca temizlenebilir. Cihaz ile birlikte gelen temizleme f\u0131r\u00e7as\u0131 sayesinde, makinenin performans\u0131n\u0131 uzun s\u00fcre boyunca y\u00fcksek tutabilirsiniz. Ayr\u0131ca, cihaz\u0131n tasar\u0131m\u0131, uzun \u00f6m\u00fcrl\u00fc ve sa\u011flam bataryas\u0131, d\u00fczenli bak\u0131m ile y\u0131llarca kullanabilece\u011finiz g\u00fcvenli bir \u00fcr\u00fcn sunar.Paket \u0130\u00e7eri\u011fi: 1 Adet \u015earjl\u0131 T\u0131ra\u015f Makinesi 5 Adet Kesim Tara\u011f\u0131 (Farkl\u0131 uzunluk se\u00e7enekleri) 1 Adet Ya\u011f \u015ei\u015fesi (Makine bak\u0131m\u0131 i\u00e7in) 1 Adet Temizleme F\u0131r\u00e7as\u0131 1 Adet \u015earj Adapt\u00f6r\u00fc <\/p>\n<p><b>1 adet fiyat\u0131d\u0131r<\/b> <\/p>\n<p><p><b>\u00dcretici Markas\u0131 : ZERO LAND<\/b><\/p>\n<p><b>\u00dcretici Kodu : UUCZPROFESYONELTIRA\u015eM1<\/b><\/p>\n<p><b>1 ADET F\u0130YATIDIR<\/b><\/p>\n<\/h4>\n<p><\/p>\n","protected":false},"excerpt":{"rendered":"<p>4 Tarakl\u0131 Profesyonel \u015earjl\u0131 Sa\u00e7 ve Sakal Kesme T\u0131ra\u015f Makinesi Seti<\/p>\n","protected":false},"featured_media":188445,"comment_status":"open","ping_status":"closed","template":"","meta":[],"product_brand":[],"product_cat":[374,2200],"product_tag":[1058,3995,3446,3984,2321,8905,3975,1172,8691,3445,2104],"class_list":{"0":"post-188450","1":"product","2":"type-product","3":"status-publish","4":"has-post-thumbnail","6":"product_cat-mobil-aksesuar","7":"product_cat-tiras-makinesi-mobil-aksesuar","8":"product_tag-1058","9":"product_tag-kesme","10":"product_tag-makinesi","11":"product_tag-profesyonel","12":"product_tag-sac","13":"product_tag-sakal","14":"product_tag-sarjli","15":"product_tag-seti","16":"product_tag-tarakli","17":"product_tag-tiras","18":"product_tag-ve","20":"first","21":"instock","22":"taxable","23":"shipping-taxable","24":"purchasable","25":"product-type-simple"},"_links":{"self":[{"href":"https:\/\/depodanmusteriye.com\/urunler\/wp-json\/wp\/v2\/product\/188450","targetHints":{"allow":["GET"]}}],"collection":[{"href":"https:\/\/depodanmusteriye.com\/urunler\/wp-json\/wp\/v2\/product"}],"about":[{"href":"https:\/\/depodanmusteriye.com\/urunler\/wp-json\/wp\/v2\/types\/product"}],"replies":[{"embeddable":true,"href":"https:\/\/depodanmusteriye.com\/urunler\/wp-json\/wp\/v2\/comments?post=188450"}],"version-history":[{"count":0,"href":"https:\/\/depodanmusteriye.com\/urunler\/wp-json\/wp\/v2\/product\/188450\/revisions"}],"wp:featuredmedia":[{"embeddable":true,"href":"https:\/\/depodanmusteriye.com\/urunler\/wp-json\/wp\/v2\/media\/188445"}],"wp:attachment":[{"href":"https:\/\/depodanmusteriye.com\/urunler\/wp-json\/wp\/v2\/media?parent=188450"}],"wp:term":[{"taxonomy":"product_brand","embeddable":true,"href":"https:\/\/depodanmusteriye.com\/urunler\/wp-json\/wp\/v2\/product_brand?post=188450"},{"taxonomy":"product_cat","embeddable":true,"href":"https:\/\/depodanmusteriye.com\/urunler\/wp-json\/wp\/v2\/product_cat?post=188450"},{"taxonomy":"product_tag","embeddable":true,"href":"https:\/\/depodanmusteriye.com\/urunler\/wp-json\/wp\/v2\/product_tag?post=188450"}],"curies":[{"name":"wp","href":"https:\/\/api.w.org\/{rel}","templated":true}]}}