{"id":188444,"date":"2025-12-15T08:10:08","date_gmt":"2025-12-15T08:10:08","guid":{"rendered":"https:\/\/b2b.depodanmusteriye.com\/urun\/erkeklere-ozel-sarjli-sac-ve-sakal-kesme-tiras-makinesi-seti\/"},"modified":"2025-12-15T08:10:08","modified_gmt":"2025-12-15T08:10:08","slug":"erkeklere-ozel-sarjli-sac-ve-sakal-kesme-tiras-makinesi-seti","status":"publish","type":"product","link":"https:\/\/depodanmusteriye.com\/urunler\/urun\/erkeklere-ozel-sarjli-sac-ve-sakal-kesme-tiras-makinesi-seti\/","title":{"rendered":"Erkeklere \u00d6zel \u015earjl\u0131 Sa\u00e7 ve Sakal Kesme T\u0131ra\u015f Makinesi Seti"},"content":{"rendered":"<h4>Evinizde veya kuaf\u00f6rde profesyonel t\u0131ra\u015f deneyimi ya\u015famak isteyenler i\u00e7in m\u00fckemmel bir \u00e7\u00f6z\u00fcm sunan bu \u015farjl\u0131 sa\u00e7 ve sakal kesme t\u0131ra\u015f makinesi, g\u00fc\u00e7l\u00fc motoru, y\u00fcksek kaliteli paslanmaz \u00e7elik b\u0131\u00e7aklar\u0131 ve ergonomik tasar\u0131m\u0131yla kullan\u0131m kolayl\u0131\u011f\u0131 sa\u011flar. Sa\u00e7 ve sakal \u015fekillendirme konusunda size maksimum kontrol sunarak m\u00fckemmel sonu\u00e7lar elde etmenize yard\u0131mc\u0131 olur. Bu cihaz, zamandan tasarruf etmek ve kesintisiz sonu\u00e7lar almak isteyen herkes i\u00e7in ideal bir tercihtir.Profesyonel Sonu\u00e7lar, Ev Konforunda:Bu \u015farjl\u0131 t\u0131ra\u015f makinesi, evde kullanabilece\u011finiz profesyonel d\u00fczeyde bir makine olup, sa\u00e7, sakal ve b\u0131y\u0131k kesimi gibi t\u00fcm ki\u015fisel bak\u0131m ihtiya\u00e7lar\u0131n\u0131z\u0131 kar\u015f\u0131lar. S\u0131f\u0131r kesim ba\u015fl\u0131\u011f\u0131 ile k\u0131sa ve keskin bir t\u0131ra\u015f, ayarlanabilir tarakl\u0131 ba\u015fl\u0131k ile ise sakallar\u0131n\u0131z\u0131 \u015fekillendirerek uzunlu\u011fu ayarlayabilirsiniz. Makinenin geli\u015fmi\u015f motoru sayesinde, yo\u011fun sakallar\u0131n\u0131zda bile zahmetsiz ve h\u0131zl\u0131 bir kesim deneyimi ya\u015fars\u0131n\u0131z. Bu cihaz, size profesyonel kuaf\u00f6r salonu kalitesinde t\u0131ra\u015f sonu\u00e7lar\u0131 sunar.Kusursuz Konfor ve Kullan\u0131m Kolayl\u0131\u011f\u0131:Geli\u015fmi\u015f tasar\u0131m\u0131 sayesinde makine, elinize rahat\u00e7a oturur ve uzun s\u00fcre kullan\u0131mda dahi konfor sunar. Kaymay\u0131 engelleyen d\u0131\u015f y\u00fczeyi, cihaz\u0131 elinizde g\u00fcvenle tutman\u0131z\u0131 sa\u011flar. Ayr\u0131ca, olduk\u00e7a sessiz \u00e7al\u0131\u015fan motoru sayesinde t\u0131ra\u015f esnas\u0131nda rahats\u0131zl\u0131k vermez. Kolayca a\u00e7\u0131l\u0131p kapanabilen g\u00fc\u00e7 d\u00fc\u011fmesi, ba\u015fl\u0131k de\u011fi\u015ftirme sistemi ve pratik kullan\u0131m\u0131 sayesinde, t\u0131ra\u015f i\u015flemini zahmetsizce tamamlayabilirsiniz. Cihaz\u0131n kablosuz tasar\u0131m\u0131, sizi hareket \u00f6zg\u00fcrl\u00fc\u011f\u00fc konusunda hi\u00e7bir \u015fekilde k\u0131s\u0131tlamaz.Uzun \u00d6m\u00fcrl\u00fc ve Verimli:Bu profesyonel t\u0131ra\u015f makinesi, dayan\u0131kl\u0131 paslanmaz \u00e7elik b\u0131\u00e7aklar sayesinde uzun \u00f6m\u00fcrl\u00fcd\u00fcr ve her kullan\u0131mda keskinli\u011fini korur. \u015earj edilebilir \u00f6zelli\u011fi ile kablosuz kullan\u0131m sa\u011flar ve 1 saatlik \u015farj ile 60 dakika boyunca kesintisiz kullan\u0131m imkan\u0131 sunar. Y\u00fcksek kapasiteli bataryas\u0131, uzun s\u00fcreli kullan\u0131mda bile m\u00fckemmel performans sa\u011flar. Ayr\u0131ca, otomatik g\u00fcvenlik modlar\u0131 sayesinde g\u00fcvenli bir kullan\u0131m deneyimi sa\u011flar. T\u00fcm bunlar, cihaz\u0131n \u00f6mr\u00fcn\u00fc uzat\u0131r ve bak\u0131m\u0131n\u0131z\u0131 uzun s\u00fcre kaliteli bir \u015fekilde yapman\u0131za yard\u0131mc\u0131 olur.Paket \u0130\u00e7eri\u011fi: 1 Adet \u015earjl\u0131 T\u0131ra\u015f Makinesi 5 Adet Ayarlanabilir Kesim Tara\u011f\u0131 1 Adet Ya\u011f \u015ei\u015fesi 1 Adet Temizleme F\u0131r\u00e7as\u0131 1 Adet \u015earj Adapt\u00f6r\u00fc <\/p>\n<p><b>1 adet fiyat\u0131d\u0131r<\/b> <\/p>\n<p><p><b>\u00dcretici Markas\u0131 : ZERO LAND<\/b><\/p>\n<p><b>\u00dcretici Kodu : UUCZPROFESYONELTIRA\u015eM2<\/b><\/p>\n<p><b>1 ADET F\u0130YATIDIR<\/b><\/p>\n<\/h4>\n<p><\/p>\n","protected":false},"excerpt":{"rendered":"<p>Erkeklere \u00d6zel \u015earjl\u0131 Sa\u00e7 ve Sakal Kesme T\u0131ra\u015f Makinesi Seti<\/p>\n","protected":false},"featured_media":188439,"comment_status":"open","ping_status":"closed","template":"","meta":[],"product_brand":[],"product_cat":[374,2200],"product_tag":[13923,3995,3446,3698,2321,8905,3975,1172,3445,2104],"class_list":{"0":"post-188444","1":"product","2":"type-product","3":"status-publish","4":"has-post-thumbnail","6":"product_cat-mobil-aksesuar","7":"product_cat-tiras-makinesi-mobil-aksesuar","8":"product_tag-erkeklere","9":"product_tag-kesme","10":"product_tag-makinesi","11":"product_tag-ozel","12":"product_tag-sac","13":"product_tag-sakal","14":"product_tag-sarjli","15":"product_tag-seti","16":"product_tag-tiras","17":"product_tag-ve","19":"first","20":"instock","21":"taxable","22":"shipping-taxable","23":"purchasable","24":"product-type-simple"},"_links":{"self":[{"href":"https:\/\/depodanmusteriye.com\/urunler\/wp-json\/wp\/v2\/product\/188444","targetHints":{"allow":["GET"]}}],"collection":[{"href":"https:\/\/depodanmusteriye.com\/urunler\/wp-json\/wp\/v2\/product"}],"about":[{"href":"https:\/\/depodanmusteriye.com\/urunler\/wp-json\/wp\/v2\/types\/product"}],"replies":[{"embeddable":true,"href":"https:\/\/depodanmusteriye.com\/urunler\/wp-json\/wp\/v2\/comments?post=188444"}],"version-history":[{"count":0,"href":"https:\/\/depodanmusteriye.com\/urunler\/wp-json\/wp\/v2\/product\/188444\/revisions"}],"wp:featuredmedia":[{"embeddable":true,"href":"https:\/\/depodanmusteriye.com\/urunler\/wp-json\/wp\/v2\/media\/188439"}],"wp:attachment":[{"href":"https:\/\/depodanmusteriye.com\/urunler\/wp-json\/wp\/v2\/media?parent=188444"}],"wp:term":[{"taxonomy":"product_brand","embeddable":true,"href":"https:\/\/depodanmusteriye.com\/urunler\/wp-json\/wp\/v2\/product_brand?post=188444"},{"taxonomy":"product_cat","embeddable":true,"href":"https:\/\/depodanmusteriye.com\/urunler\/wp-json\/wp\/v2\/product_cat?post=188444"},{"taxonomy":"product_tag","embeddable":true,"href":"https:\/\/depodanmusteriye.com\/urunler\/wp-json\/wp\/v2\/product_tag?post=188444"}],"curies":[{"name":"wp","href":"https:\/\/api.w.org\/{rel}","templated":true}]}}