{"id":188432,"date":"2025-12-15T08:09:07","date_gmt":"2025-12-15T08:09:07","guid":{"rendered":"https:\/\/b2b.depodanmusteriye.com\/urun\/cocuklara-ozel-sup-400-oyunlu-mini-oyun-konsolu\/"},"modified":"2025-12-15T08:09:07","modified_gmt":"2025-12-15T08:09:07","slug":"cocuklara-ozel-sup-400-oyunlu-mini-oyun-konsolu","status":"publish","type":"product","link":"https:\/\/depodanmusteriye.com\/urunler\/urun\/cocuklara-ozel-sup-400-oyunlu-mini-oyun-konsolu\/","title":{"rendered":"\u00c7ocuklara \u00d6zel SUP 400 Oyunlu Mini Oyun Konsolu"},"content":{"rendered":"<h4>SUP 400 oyunlu mini el konsolu, oyun severler i\u00e7in m\u00fckemmel bir se\u00e7enek sunuyor. \u0130\u00e7erisinde 400 farkl\u0131 oyun bar\u0131nd\u0131ran bu mini konsol, klasik atari oyunlar\u0131n\u0131n nostaljik havas\u0131n\u0131 ve modern oyun t\u00fcrlerinin heyecan\u0131n\u0131 bir araya getiriyor. Tek ki\u015filik oyun keyfini her yerde ya\u015fayabilece\u011finiz bu cihaz, ta\u015f\u0131nabilirli\u011fi ile dikkat \u00e7ekiyor. 3 in\u00e7 ekran\u0131 sayesinde oyunlar\u0131 rahat\u00e7a oynayabilir, k\u00fc\u00e7\u00fck boyutlar\u0131 sayesinde her an yan\u0131n\u0131zda ta\u015f\u0131yabilirsiniz.Ta\u015f\u0131nabilir ve Kolay Kullan\u0131labilirSUP 400, hafif ve kompakt tasar\u0131m\u0131 ile tam anlam\u0131yla ta\u015f\u0131nabilir bir oyun cihaz\u0131d\u0131r. Bu cihaz, \u015farj edilebilir 700 mAh bataryas\u0131 ile 5 saate kadar kesintisiz oyun oynama imkan\u0131 sunar. Tek bir oyun kolu ile oyunlar\u0131 kontrol edebilir, diledi\u011finiz zaman diledi\u011finiz yerde oyun keyfini ya\u015fayabilirsiniz. USB ba\u011flant\u0131s\u0131 sayesinde televizyonunuza ba\u011flanarak b\u00fcy\u00fck ekranda oynama imkan\u0131 da sa\u011flar.E\u011flencenin Merkezi: 400 Oyun ve Kolay Eri\u015fimSUP 400, 400 oyunluk dev bir k\u00fct\u00fcphane sunar. Bu geni\u015f oyun yelpazesi, her ya\u015f grubuna hitap eder ve uzun saatler boyunca e\u011flenceli bir oyun deneyimi ya\u015faman\u0131z\u0131 sa\u011flar. Klasik atari oyunlar\u0131ndan e\u011flenceli macera oyunlar\u0131na kadar bir\u00e7ok farkl\u0131 kategoriye sahip bu cihaz, tek kol deste\u011fi ile rahat\u00e7a kullan\u0131labilir.Paket \u0130\u00e7eri\u011fi: 1 Adet SUP 400 Oyunlu Oyun Konsolu 1 Adet \u015earj Kablosu 1 Adet AV Kablosu <\/p>\n<p><b>1 adet fiyat\u0131d\u0131r<\/b> <\/p>\n<p><p><b>\u00dcretici Markas\u0131 : ZERO LAND<\/b><\/p>\n<p><b>\u00dcretici Kodu : UUCZSUP400OYUNLU1<\/b><\/p>\n<p><b>1 ADET F\u0130YATIDIR<\/b><\/p>\n<\/h4>\n<p><\/p>\n","protected":false},"excerpt":{"rendered":"<p>\u00c7ocuklara \u00d6zel SUP 400 Oyunlu Mini Oyun Konsolu<\/p>\n","protected":false},"featured_media":188427,"comment_status":"open","ping_status":"closed","template":"","meta":[],"product_brand":[],"product_cat":[1036,374],"product_tag":[4428,13623,3998,2265,3997,4167,3698,14297],"class_list":{"0":"post-188432","1":"product","2":"type-product","3":"status-publish","4":"has-post-thumbnail","6":"product_cat-konsol-gamepad-ve-joystick","7":"product_cat-mobil-aksesuar","8":"product_tag-4428","9":"product_tag-cocuklara","10":"product_tag-konsolu","11":"product_tag-mini","12":"product_tag-oyun","13":"product_tag-oyunlu","14":"product_tag-ozel","15":"product_tag-sup","17":"first","18":"instock","19":"taxable","20":"shipping-taxable","21":"purchasable","22":"product-type-simple"},"_links":{"self":[{"href":"https:\/\/depodanmusteriye.com\/urunler\/wp-json\/wp\/v2\/product\/188432","targetHints":{"allow":["GET"]}}],"collection":[{"href":"https:\/\/depodanmusteriye.com\/urunler\/wp-json\/wp\/v2\/product"}],"about":[{"href":"https:\/\/depodanmusteriye.com\/urunler\/wp-json\/wp\/v2\/types\/product"}],"replies":[{"embeddable":true,"href":"https:\/\/depodanmusteriye.com\/urunler\/wp-json\/wp\/v2\/comments?post=188432"}],"version-history":[{"count":0,"href":"https:\/\/depodanmusteriye.com\/urunler\/wp-json\/wp\/v2\/product\/188432\/revisions"}],"wp:featuredmedia":[{"embeddable":true,"href":"https:\/\/depodanmusteriye.com\/urunler\/wp-json\/wp\/v2\/media\/188427"}],"wp:attachment":[{"href":"https:\/\/depodanmusteriye.com\/urunler\/wp-json\/wp\/v2\/media?parent=188432"}],"wp:term":[{"taxonomy":"product_brand","embeddable":true,"href":"https:\/\/depodanmusteriye.com\/urunler\/wp-json\/wp\/v2\/product_brand?post=188432"},{"taxonomy":"product_cat","embeddable":true,"href":"https:\/\/depodanmusteriye.com\/urunler\/wp-json\/wp\/v2\/product_cat?post=188432"},{"taxonomy":"product_tag","embeddable":true,"href":"https:\/\/depodanmusteriye.com\/urunler\/wp-json\/wp\/v2\/product_tag?post=188432"}],"curies":[{"name":"wp","href":"https:\/\/api.w.org\/{rel}","templated":true}]}}