{"id":188426,"date":"2025-12-15T08:08:37","date_gmt":"2025-12-15T08:08:37","guid":{"rendered":"https:\/\/b2b.depodanmusteriye.com\/urun\/tasinabilir-el-atarisi-sup-400-oyunlu-mini-oyun-konsolu\/"},"modified":"2025-12-15T08:08:37","modified_gmt":"2025-12-15T08:08:37","slug":"tasinabilir-el-atarisi-sup-400-oyunlu-mini-oyun-konsolu","status":"publish","type":"product","link":"https:\/\/depodanmusteriye.com\/urunler\/urun\/tasinabilir-el-atarisi-sup-400-oyunlu-mini-oyun-konsolu\/","title":{"rendered":"Ta\u015f\u0131nabilir El Atarisi SUP 400 Oyunlu Mini Oyun Konsolu"},"content":{"rendered":"<h4>SUP 400 oyunlu mini oyun konsolu, geni\u015f oyun koleksiyonu ve ta\u015f\u0131mas\u0131 son derece kolay olan tasar\u0131m\u0131 ile m\u00fckemmel bir oyun deneyimi sunuyor. \u0130\u00e7erisinde 400 oyun bulunan bu konsol, nostaljik atari oyunlar\u0131n\u0131 ve modern oyun t\u00fcrlerini bir araya getiriyor. Tek bir oyun kolu ile rahatl\u0131kla kontrol edebilece\u011finiz bu cihaz, her an her yerde oyun oynaman\u0131z\u0131 sa\u011flar.Kompakt ve Hafif Tasar\u0131mSUP 400, 3 in\u00e7lik ekran\u0131 ve 700 mAh bataryas\u0131 ile ta\u015f\u0131nabilirli\u011fi y\u00fcksek bir cihazd\u0131r. Bu konsol, 5 saate kadar kesintisiz oyun deneyimi sunarak uzun s\u00fcreli oyun keyfi ya\u015fat\u0131r. Tek kol ile oyunlar\u0131 kolayca kontrol edebilirsiniz. USB ba\u011flant\u0131s\u0131 sayesinde televizyonunuza ba\u011flayarak oyunlar\u0131 b\u00fcy\u00fck ekranda oynayabilirsiniz.Geni\u015f Oyun K\u00fct\u00fcphanesi ve E\u011flence Dolu AnlarSUP 400, 400 farkl\u0131 oyun sunarak her ya\u015fa hitap eden geni\u015f bir oyun yelpazesi sa\u011flar. Bu cihazla, hem nostaljik atari oyunlar\u0131n\u0131n keyfini \u00e7\u0131karabilir hem de yeni nesil oyunlarla e\u011flenceli zamanlar ge\u00e7irebilirsiniz. Tek bir oyun kolu ile basit\u00e7e kontrol edebilir, her an yan\u0131n\u0131zda ta\u015f\u0131yabilirsiniz.Paket \u0130\u00e7eri\u011fi: 1 Adet SUP 400 Oyunlu Oyun Konsolu 1 Adet \u015earj Kablosu 1 Adet AV Kablosu <\/p>\n<p><b>1 adet fiyat\u0131d\u0131r<\/b> <\/p>\n<p><p><b>\u00dcretici Markas\u0131 : ZERO LAND<\/b><\/p>\n<p><b>\u00dcretici Kodu : UUCZSUP400OYUNLU2<\/b><\/p>\n<p><b>1 ADET F\u0130YATIDIR<\/b><\/p>\n<\/h4>\n<p><\/p>\n","protected":false},"excerpt":{"rendered":"<p>Ta\u015f\u0131nabilir El Atarisi SUP 400 Oyunlu Mini Oyun Konsolu<\/p>\n","protected":false},"featured_media":188421,"comment_status":"open","ping_status":"closed","template":"","meta":[],"product_brand":[],"product_cat":[633,374],"product_tag":[4428,14302,2059,3998,2265,3997,4167,14297,2982],"class_list":{"0":"post-188426","1":"product","2":"type-product","3":"status-publish","4":"has-post-thumbnail","6":"product_cat-diger-oyun-konsollari","7":"product_cat-mobil-aksesuar","8":"product_tag-4428","9":"product_tag-atarisi","10":"product_tag-el","11":"product_tag-konsolu","12":"product_tag-mini","13":"product_tag-oyun","14":"product_tag-oyunlu","15":"product_tag-sup","16":"product_tag-tasinabilir","18":"first","19":"instock","20":"taxable","21":"shipping-taxable","22":"purchasable","23":"product-type-simple"},"_links":{"self":[{"href":"https:\/\/depodanmusteriye.com\/urunler\/wp-json\/wp\/v2\/product\/188426","targetHints":{"allow":["GET"]}}],"collection":[{"href":"https:\/\/depodanmusteriye.com\/urunler\/wp-json\/wp\/v2\/product"}],"about":[{"href":"https:\/\/depodanmusteriye.com\/urunler\/wp-json\/wp\/v2\/types\/product"}],"replies":[{"embeddable":true,"href":"https:\/\/depodanmusteriye.com\/urunler\/wp-json\/wp\/v2\/comments?post=188426"}],"version-history":[{"count":0,"href":"https:\/\/depodanmusteriye.com\/urunler\/wp-json\/wp\/v2\/product\/188426\/revisions"}],"wp:featuredmedia":[{"embeddable":true,"href":"https:\/\/depodanmusteriye.com\/urunler\/wp-json\/wp\/v2\/media\/188421"}],"wp:attachment":[{"href":"https:\/\/depodanmusteriye.com\/urunler\/wp-json\/wp\/v2\/media?parent=188426"}],"wp:term":[{"taxonomy":"product_brand","embeddable":true,"href":"https:\/\/depodanmusteriye.com\/urunler\/wp-json\/wp\/v2\/product_brand?post=188426"},{"taxonomy":"product_cat","embeddable":true,"href":"https:\/\/depodanmusteriye.com\/urunler\/wp-json\/wp\/v2\/product_cat?post=188426"},{"taxonomy":"product_tag","embeddable":true,"href":"https:\/\/depodanmusteriye.com\/urunler\/wp-json\/wp\/v2\/product_tag?post=188426"}],"curies":[{"name":"wp","href":"https:\/\/api.w.org\/{rel}","templated":true}]}}