{"id":188420,"date":"2025-12-15T08:08:05","date_gmt":"2025-12-15T08:08:05","guid":{"rendered":"https:\/\/b2b.depodanmusteriye.com\/urun\/yeni-nesil-cocuklara-ozel-sup-400-oyunlu-mini-el-konsolu\/"},"modified":"2025-12-15T08:08:05","modified_gmt":"2025-12-15T08:08:05","slug":"yeni-nesil-cocuklara-ozel-sup-400-oyunlu-mini-el-konsolu","status":"publish","type":"product","link":"https:\/\/depodanmusteriye.com\/urunler\/urun\/yeni-nesil-cocuklara-ozel-sup-400-oyunlu-mini-el-konsolu\/","title":{"rendered":"Yeni Nesil \u00c7ocuklara \u00d6zel SUP 400 Oyunlu Mini El Konsolu"},"content":{"rendered":"<h4>SUP 400 oyunlu mini el konsolu, 400 farkl\u0131 oyun se\u00e7ene\u011fi sunarak her ya\u015ftan kullan\u0131c\u0131ya hitap eden m\u00fckemmel bir oyun deneyimi sa\u011flar. Tek kol \u00f6zelli\u011fi ile rahat\u00e7a kullan\u0131labilen bu mini konsol, nostaljik atari oyunlar\u0131n\u0131 ve modern oyun t\u00fcrlerini bir araya getiriyor. Hafif ve kompakt tasar\u0131m\u0131 sayesinde, bu oyun konsolunu istedi\u011finiz her yere rahat\u00e7a g\u00f6t\u00fcrebilirsiniz. 3 in\u00e7lik ekran\u0131 ve kullan\u0131c\u0131 dostu aray\u00fcz\u00fc ile oyunlar\u0131 kolayca oynayabilirsiniz.Kesintisiz E\u011flence: 5 Saatlik Oyun S\u00fcresiSUP 400, 700 mAh bataryas\u0131 sayesinde 5 saate kadar kesintisiz oyun oynama imkan\u0131 sunar. \u015earjl\u0131 yap\u0131s\u0131 sayesinde pil de\u011fi\u015ftirme derdi olmadan uzun s\u00fcre oyun keyfini s\u00fcrd\u00fcrebilirsiniz. Ayr\u0131ca, USB ba\u011flant\u0131s\u0131 sayesinde cihaz\u0131 televizyonunuza ba\u011flayarak daha b\u00fcy\u00fck bir ekranda oyun oynayabilirsiniz. Bu oyun konsolu, her an ve her yerde e\u011flenceyi yan\u0131nda ta\u015f\u0131r.Geni\u015f Oyun Koleksiyonu ve Kolay Ta\u015f\u0131ma400 oyunluk geni\u015f oyun koleksiyonu ile SUP 400, her t\u00fcrl\u00fc oyun severin be\u011fenisini kazanacak bir se\u00e7enek sunar. Bu cihaz, kolayca ta\u015f\u0131nabilir ve her an oyun oynama f\u0131rsat\u0131 sunar. Tek kol ile rahat\u00e7a kontrol edilebilir, b\u00f6ylece hareket halindeyken bile oyun keyfinizden \u00f6d\u00fcn vermezsiniz.Paket \u0130\u00e7eri\u011fi: 1 Adet SUP 400 Oyunlu Oyun Konsolu 1 Adet \u015earj Kablosu 1 Adet AV Kablosu <\/p>\n<p><b>1 adet fiyat\u0131d\u0131r<\/b> <\/p>\n<p><p><b>\u00dcretici Markas\u0131 : ZERO LAND<\/b><\/p>\n<p><b>\u00dcretici Kodu : UUCZSUP400OYUNLU3<\/b><\/p>\n<p><b>1 ADET F\u0130YATIDIR<\/b><\/p>\n<\/h4>\n<p><\/p>\n","protected":false},"excerpt":{"rendered":"<p>Yeni Nesil \u00c7ocuklara \u00d6zel SUP 400 Oyunlu Mini El Konsolu<\/p>\n","protected":false},"featured_media":188415,"comment_status":"open","ping_status":"closed","template":"","meta":[],"product_brand":[],"product_cat":[633,374],"product_tag":[4428,13623,2059,3998,2265,4325,4167,3698,14297,3800],"class_list":{"0":"post-188420","1":"product","2":"type-product","3":"status-publish","4":"has-post-thumbnail","6":"product_cat-diger-oyun-konsollari","7":"product_cat-mobil-aksesuar","8":"product_tag-4428","9":"product_tag-cocuklara","10":"product_tag-el","11":"product_tag-konsolu","12":"product_tag-mini","13":"product_tag-nesil","14":"product_tag-oyunlu","15":"product_tag-ozel","16":"product_tag-sup","17":"product_tag-yeni","19":"first","20":"instock","21":"taxable","22":"shipping-taxable","23":"purchasable","24":"product-type-simple"},"_links":{"self":[{"href":"https:\/\/depodanmusteriye.com\/urunler\/wp-json\/wp\/v2\/product\/188420","targetHints":{"allow":["GET"]}}],"collection":[{"href":"https:\/\/depodanmusteriye.com\/urunler\/wp-json\/wp\/v2\/product"}],"about":[{"href":"https:\/\/depodanmusteriye.com\/urunler\/wp-json\/wp\/v2\/types\/product"}],"replies":[{"embeddable":true,"href":"https:\/\/depodanmusteriye.com\/urunler\/wp-json\/wp\/v2\/comments?post=188420"}],"version-history":[{"count":0,"href":"https:\/\/depodanmusteriye.com\/urunler\/wp-json\/wp\/v2\/product\/188420\/revisions"}],"wp:featuredmedia":[{"embeddable":true,"href":"https:\/\/depodanmusteriye.com\/urunler\/wp-json\/wp\/v2\/media\/188415"}],"wp:attachment":[{"href":"https:\/\/depodanmusteriye.com\/urunler\/wp-json\/wp\/v2\/media?parent=188420"}],"wp:term":[{"taxonomy":"product_brand","embeddable":true,"href":"https:\/\/depodanmusteriye.com\/urunler\/wp-json\/wp\/v2\/product_brand?post=188420"},{"taxonomy":"product_cat","embeddable":true,"href":"https:\/\/depodanmusteriye.com\/urunler\/wp-json\/wp\/v2\/product_cat?post=188420"},{"taxonomy":"product_tag","embeddable":true,"href":"https:\/\/depodanmusteriye.com\/urunler\/wp-json\/wp\/v2\/product_tag?post=188420"}],"curies":[{"name":"wp","href":"https:\/\/api.w.org\/{rel}","templated":true}]}}