{"id":187060,"date":"2025-12-15T06:17:25","date_gmt":"2025-12-15T06:17:25","guid":{"rendered":"https:\/\/b2b.depodanmusteriye.com\/urun\/el-feneri-cakmakli-kapak-acma-duduk-toravida-acil-durum-seti\/"},"modified":"2025-12-15T06:17:25","modified_gmt":"2025-12-15T06:17:25","slug":"el-feneri-cakmakli-kapak-acma-duduk-toravida-acil-durum-seti","status":"publish","type":"product","link":"https:\/\/depodanmusteriye.com\/urunler\/urun\/el-feneri-cakmakli-kapak-acma-duduk-toravida-acil-durum-seti\/","title":{"rendered":"El Feneri \u00c7akmakl\u0131 Kapak A\u00e7ma D\u00fcd\u00fck Toravida Acil Durum Seti"},"content":{"rendered":"<h4>Anahtarl\u0131k boyutunda olmas\u0131na ra\u011fmen birden fazla fonksiyonu bir arada sunan bu fener, g\u00fcnl\u00fck ya\u015fam\u0131n\u0131zda veya acil durumlarda size b\u00fcy\u00fck kolayl\u0131k sa\u011flar. Y\u00fcksek parlakl\u0131kta LED \u0131\u015f\u0131\u011f\u0131 sayesinde karanl\u0131kta bile net bir g\u00f6r\u00fc\u015f elde ederken, entegre edilmi\u015f acil durum d\u00fcd\u00fc\u011f\u00fc ile ihtiya\u00e7 an\u0131nda dikkat \u00e7ekebilirsiniz. Tornavida ve \u015fi\u015fe a\u00e7aca\u011f\u0131 gibi ek ara\u00e7lar, \u00f6zellikle kamp yaparken veya a\u00e7\u0131k hava etkinliklerinde i\u015finizi kolayla\u015ft\u0131r\u0131r. \u00dcr\u00fcn, USB \u00fczerinden kolayca \u015farj edilebilen bataryas\u0131yla \u00e7evre dostu bir \u00e7\u00f6z\u00fcm sunar ve sizi s\u00fcrekli pil de\u011fi\u015ftirme zahmetinden kurtar\u0131r. Ayr\u0131ca, farkl\u0131 \u0131\u015f\u0131k modlar\u0131yla enerji tasarrufu yaparken ihtiyac\u0131n\u0131za uygun ayd\u0131nlatma sa\u011flar. Dayan\u0131kl\u0131 ve hafif tasar\u0131m\u0131yla bu \u00e7ok y\u00f6nl\u00fc anahtarl\u0131k feneri, cebinizde veya \u00e7antan\u0131zda rahat\u00e7a ta\u015f\u0131nabilir. Modern bir g\u00f6r\u00fcn\u00fcme ve uzun \u00f6m\u00fcrl\u00fc kullan\u0131ma sahip bu \u00fcr\u00fcn, g\u00fcvenilir bir yol arkada\u015f\u0131 arayanlar i\u00e7in idealdir. <\/p>\n<p><b>1 adet fiyat\u0131d\u0131r<\/b> <\/p>\n<p><p><b>\u00dcretici Markas\u0131 : ZERO LAND<\/b><\/p>\n<p><b>\u00dcretici Kodu : UUCZ\u00c7OK\u0130\u015eLEVLII\u015eIK2<\/b><\/p>\n<p><b>1 ADET F\u0130YATIDIR<\/b><\/p>\n<\/h4>\n<p><\/p>\n","protected":false},"excerpt":{"rendered":"<p>El Feneri \u00c7akmakl\u0131 Kapak A\u00e7ma D\u00fcd\u00fck Toravida Acil Durum Seti<\/p>\n","protected":false},"featured_media":187055,"comment_status":"open","ping_status":"closed","template":"","meta":[],"product_brand":[],"product_cat":[662,379],"product_tag":[4041,1230,14499,14498,4042,2059,4052,1389,1172,14500],"class_list":{"0":"post-187060","1":"product","2":"type-product","3":"status-publish","4":"has-post-thumbnail","6":"product_cat-el-feneri","7":"product_cat-ev-yasam","8":"product_tag-acil","9":"product_tag-acma","10":"product_tag-cakmakli","11":"product_tag-duduk","12":"product_tag-durum","13":"product_tag-el","14":"product_tag-feneri","15":"product_tag-kapak","16":"product_tag-seti","17":"product_tag-toravida","19":"first","20":"instock","21":"taxable","22":"shipping-taxable","23":"purchasable","24":"product-type-simple"},"_links":{"self":[{"href":"https:\/\/depodanmusteriye.com\/urunler\/wp-json\/wp\/v2\/product\/187060","targetHints":{"allow":["GET"]}}],"collection":[{"href":"https:\/\/depodanmusteriye.com\/urunler\/wp-json\/wp\/v2\/product"}],"about":[{"href":"https:\/\/depodanmusteriye.com\/urunler\/wp-json\/wp\/v2\/types\/product"}],"replies":[{"embeddable":true,"href":"https:\/\/depodanmusteriye.com\/urunler\/wp-json\/wp\/v2\/comments?post=187060"}],"version-history":[{"count":0,"href":"https:\/\/depodanmusteriye.com\/urunler\/wp-json\/wp\/v2\/product\/187060\/revisions"}],"wp:featuredmedia":[{"embeddable":true,"href":"https:\/\/depodanmusteriye.com\/urunler\/wp-json\/wp\/v2\/media\/187055"}],"wp:attachment":[{"href":"https:\/\/depodanmusteriye.com\/urunler\/wp-json\/wp\/v2\/media?parent=187060"}],"wp:term":[{"taxonomy":"product_brand","embeddable":true,"href":"https:\/\/depodanmusteriye.com\/urunler\/wp-json\/wp\/v2\/product_brand?post=187060"},{"taxonomy":"product_cat","embeddable":true,"href":"https:\/\/depodanmusteriye.com\/urunler\/wp-json\/wp\/v2\/product_cat?post=187060"},{"taxonomy":"product_tag","embeddable":true,"href":"https:\/\/depodanmusteriye.com\/urunler\/wp-json\/wp\/v2\/product_tag?post=187060"}],"curies":[{"name":"wp","href":"https:\/\/api.w.org\/{rel}","templated":true}]}}