{"id":186887,"date":"2025-12-15T06:03:13","date_gmt":"2025-12-15T06:03:13","guid":{"rendered":"https:\/\/b2b.depodanmusteriye.com\/urun\/gamepad-joystick-500-oyunlu-retro-oyun-konsolu-tv-baglanti-ozellikli-2-kisilik-destekli\/"},"modified":"2025-12-15T06:03:13","modified_gmt":"2025-12-15T06:03:13","slug":"gamepad-joystick-500-oyunlu-retro-oyun-konsolu-tv-baglanti-ozellikli-2-kisilik-destekli","status":"publish","type":"product","link":"https:\/\/depodanmusteriye.com\/urunler\/urun\/gamepad-joystick-500-oyunlu-retro-oyun-konsolu-tv-baglanti-ozellikli-2-kisilik-destekli\/","title":{"rendered":"Gamepad Joystick 500 Oyunlu Retro Oyun Konsolu Tv Ba\u011flant\u0131 \u00d6zellikli 2 Ki\u015filik Destekli"},"content":{"rendered":"<h4>500 klasik retro oyunla dolu bu ta\u015f\u0131nabilir oyun konsolu, 80&#8217;ler ve 90&#8217;lardan unutulmaz \u00e7ocukluk an\u0131lar\u0131n\u0131 canland\u0131r\u0131yor. S\u00fcper Mario, Contra gibi sevilen oyunlarla nostaljik bir yolculu\u011fa \u00e7\u0131kabilir, e\u011flence dolu anlar ya\u015fayabilirsiniz.Her Zaman ve Her Yerde E\u011flenceKompakt tasar\u0131m\u0131 ve 3,5 in\u00e7 HD ekran\u0131yla bu retro oyun konsolu, kolayca ta\u015f\u0131nabilir ve her yerde kullan\u0131labilir. \u00c7ocuklar, yeti\u015fkinler ve retro oyun severler i\u00e7in m\u00fckemmel bir se\u00e7enek. Seyahatlerinizde, bo\u015f zamanlar\u0131n\u0131zda ya da aile etkinliklerinde keyifli bir deneyim sunar.TV Ba\u011flant\u0131s\u0131 ve \u0130ki Oyuncu Deste\u011fiPaket i\u00e7eri\u011findeki gamepad ile iki oyuncu ayn\u0131 anda oyun oynayabilir. Ayr\u0131ca, AV kablosu ile konsolu TV&#8217;ye ba\u011flayarak, daha b\u00fcy\u00fck bir ekranda arkada\u015flar\u0131n\u0131z ve ailenizle e\u011flencenin tad\u0131n\u0131 \u00e7\u0131karabilirsiniz. Bu \u00f6zellik, oyun keyfini daha s\u00fcr\u00fckleyici hale getirir.Uzun S\u00fcreli Pil \u00d6mr\u00fc1200 mAh \u015farj edilebilir pili sayesinde kesintisiz 4-6 saat oyun oynama imkan\u0131 sa\u011flar. \u00c7evre dostu yap\u0131s\u0131yla s\u0131k s\u0131k pil de\u011fi\u015ftirme ihtiyac\u0131n\u0131 ortadan kald\u0131r\u0131r ve seyahatlerinizde ideal bir e\u011flence \u00e7\u00f6z\u00fcm\u00fc sunar.Herkes \u0130\u00e7in Harika Bir HediyeBasit atari stili, oynamas\u0131 kolay yap\u0131s\u0131yla bu oyun konsolu her ya\u015f i\u00e7in uygundur. Do\u011fum g\u00fcn\u00fc, y\u0131lba\u015f\u0131 ya da di\u011fer \u00f6zel g\u00fcnlerde \u00e7ocuklar ve retro oyun hayran\u0131 yeti\u015fkinler i\u00e7in harika bir hediye se\u00e7ene\u011fidir. 80\u2019ler ve 90\u2019lar\u0131n oyunlar\u0131n\u0131 seven herkes bu cihazla nostaljik bir yolculu\u011fa \u00e7\u0131kacak! <\/p>\n<p><b>1 adet fiyat\u0131d\u0131r<\/b> <\/p>\n<p><p><b>\u00dcretici Markas\u0131 : ZERO LAND<\/b><\/p>\n<p><b>\u00dcretici Kodu : UUCZX7MATAR\u01301<\/b><\/p>\n<p><b>1 ADET F\u0130YATIDIR<\/b><\/p>\n<\/h4>\n<p><\/p>\n","protected":false},"excerpt":{"rendered":"<p>Gamepad Joystick 500 Oyunlu Retro Oyun Konsolu Tv Ba\u011flant\u0131 \u00d6zellikli 2 Ki\u015filik Destekli<\/p>\n","protected":false},"featured_media":186882,"comment_status":"open","ping_status":"closed","template":"","meta":[],"product_brand":[],"product_cat":[1036,374],"product_tag":[1613,2836,2645,3695,1964,13073,13485,3998,3997,4167,2025,1963,4014],"class_list":{"0":"post-186887","1":"product","2":"type-product","3":"status-publish","4":"has-post-thumbnail","6":"product_cat-konsol-gamepad-ve-joystick","7":"product_cat-mobil-aksesuar","8":"product_tag-1613","9":"product_tag-2836","10":"product_tag-baglanti","11":"product_tag-destekli","12":"product_tag-gamepad","13":"product_tag-joystick","14":"product_tag-kisilik","15":"product_tag-konsolu","16":"product_tag-oyun","17":"product_tag-oyunlu","18":"product_tag-ozellikli","19":"product_tag-retro","20":"product_tag-tv","22":"first","23":"instock","24":"taxable","25":"shipping-taxable","26":"purchasable","27":"product-type-simple"},"_links":{"self":[{"href":"https:\/\/depodanmusteriye.com\/urunler\/wp-json\/wp\/v2\/product\/186887","targetHints":{"allow":["GET"]}}],"collection":[{"href":"https:\/\/depodanmusteriye.com\/urunler\/wp-json\/wp\/v2\/product"}],"about":[{"href":"https:\/\/depodanmusteriye.com\/urunler\/wp-json\/wp\/v2\/types\/product"}],"replies":[{"embeddable":true,"href":"https:\/\/depodanmusteriye.com\/urunler\/wp-json\/wp\/v2\/comments?post=186887"}],"version-history":[{"count":0,"href":"https:\/\/depodanmusteriye.com\/urunler\/wp-json\/wp\/v2\/product\/186887\/revisions"}],"wp:featuredmedia":[{"embeddable":true,"href":"https:\/\/depodanmusteriye.com\/urunler\/wp-json\/wp\/v2\/media\/186882"}],"wp:attachment":[{"href":"https:\/\/depodanmusteriye.com\/urunler\/wp-json\/wp\/v2\/media?parent=186887"}],"wp:term":[{"taxonomy":"product_brand","embeddable":true,"href":"https:\/\/depodanmusteriye.com\/urunler\/wp-json\/wp\/v2\/product_brand?post=186887"},{"taxonomy":"product_cat","embeddable":true,"href":"https:\/\/depodanmusteriye.com\/urunler\/wp-json\/wp\/v2\/product_cat?post=186887"},{"taxonomy":"product_tag","embeddable":true,"href":"https:\/\/depodanmusteriye.com\/urunler\/wp-json\/wp\/v2\/product_tag?post=186887"}],"curies":[{"name":"wp","href":"https:\/\/api.w.org\/{rel}","templated":true}]}}