{"id":185974,"date":"2025-12-15T04:51:58","date_gmt":"2025-12-15T04:51:58","guid":{"rendered":"https:\/\/b2b.depodanmusteriye.com\/urun\/3-nesil-tws-bluetooth-kulaklik-ve-dokunmatik-ekran-akilli-saat-sesli-gorusme\/"},"modified":"2025-12-15T04:51:58","modified_gmt":"2025-12-15T04:51:58","slug":"3-nesil-tws-bluetooth-kulaklik-ve-dokunmatik-ekran-akilli-saat-sesli-gorusme","status":"publish","type":"product","link":"https:\/\/depodanmusteriye.com\/urunler\/urun\/3-nesil-tws-bluetooth-kulaklik-ve-dokunmatik-ekran-akilli-saat-sesli-gorusme\/","title":{"rendered":"3.Nesil TWS Bluetooth Kulakl\u0131k ve Dokunmatik Ekran Ak\u0131ll\u0131 Saat Sesli G\u00f6r\u00fc\u015fme"},"content":{"rendered":"<h4>KULAKLIK:\u015eeffaf mod ve canl\u0131 dinleme \u00f6zellikleriyle donat\u0131lm\u0131\u015f bu kulakl\u0131k, \u00e7evrenizdeki sesleri net bir \u015fekilde alg\u0131laman\u0131z\u0131 sa\u011flar ve kullan\u0131c\u0131 dostu teknolojilerle g\u00fcnl\u00fck ya\u015fam\u0131n\u0131za kolayl\u0131k katar. Otomatik alg\u0131lama fonksiyonu sayesinde kulakl\u0131\u011f\u0131n\u0131z\u0131 takt\u0131\u011f\u0131n\u0131z anda m\u00fczik ba\u015flar ve \u00e7\u0131kard\u0131\u011f\u0131n\u0131zda otomatik olarak durur. \u0130sim de\u011fi\u015ftirme \u00f6zelli\u011fiyle cihaz\u0131n\u0131z\u0131 ki\u015fiselle\u015ftirebilir, hi\u00e7bir \u015fekilde \u0131\u015f\u0131k yan\u0131p s\u00f6nmeyen tasar\u0131m\u0131yla dikkat da\u011f\u0131n\u0131kl\u0131\u011f\u0131n\u0131 engelleyebilirsiniz. Dokunmatik komutlar\u0131n\u0131z\u0131 diledi\u011finiz gibi atayarak (\u015fark\u0131 de\u011fi\u015ftirme veya durdurma gibi) kullan\u0131m deneyiminizi \u00f6zelle\u015ftirebilirsiniz.Sa\u011f ve sol ayar \u00f6zelli\u011fi, her iki kulakl\u0131k aras\u0131nda ba\u011f\u0131ms\u0131z kontrol sunarken, oynat-duraklat, \u00f6nceki ve sonraki par\u00e7a ge\u00e7i\u015fleri gibi i\u015flevler kolayca y\u00f6netilebilir. Kapa\u011f\u0131 a\u00e7t\u0131\u011f\u0131n\u0131z anda ekrana gelen pop-up men\u00fc sayesinde h\u0131zl\u0131 ba\u011flant\u0131 sa\u011flar ve &#8220;Hey Siri&#8221; deste\u011fiyle sesli asistan\u0131n\u0131z\u0131 kullanabilirsiniz. Cihaz, denetim merkezinde orijinal AirPods olarak g\u00f6r\u00fcn\u00fcr ve kulakl\u0131k kayboldu\u011funda ses \u00e7alma \u00f6zelli\u011fiyle bulunmas\u0131n\u0131 kolayla\u015ft\u0131r\u0131r. Ayr\u0131ca iCloud \u00fczerinden bulma \u00f6zelli\u011fi ile daha fazla g\u00fcvenlik sa\u011flar.\u00c7ift mikrofon teknolojisi sayesinde arayan\u0131n konu\u015fma sesi kar\u015f\u0131 tarafa net bir \u015fekilde iletilirken, 2 kez dokunarak aramalar\u0131 a\u00e7abilir veya kapatabilirsiniz. Stereo HD ses kalitesi ile \u00fcst\u00fcn bir m\u00fczik deneyimi sunan kulakl\u0131k, hem iOS hem de Android cihazlarla tamamen uyumlu \u00e7al\u0131\u015f\u0131r. Bluetooth \u00f6zelli\u011fi olan t\u00fcm cihazlarda sorunsuz bir ba\u011flant\u0131 imkan\u0131 sa\u011flar.Unutmay\u0131n, kulakl\u0131k gibi insan v\u00fccudu ile temas eden \u00fcr\u00fcnler yaln\u0131zca ambalaj\u0131 a\u00e7\u0131lmam\u0131\u015f, denenmemi\u015f, bozulmam\u0131\u015f ve kullan\u0131lmam\u0131\u015f olmalar\u0131 halinde iade edilebilir. Bu \u00fcst\u00fcn \u00f6zelliklerle donat\u0131lm\u0131\u015f kulakl\u0131k, kullan\u0131c\u0131lar\u0131n hem teknoloji hem de konfor a\u00e7\u0131s\u0131ndan t\u00fcm beklentilerini kar\u015f\u0131lamay\u0131 ama\u00e7lar.AKILLI SAAT:T\u00fcm ak\u0131ll\u0131 telefonlarla (iOS ve Android) uyumlu olan bu ak\u0131ll\u0131 saat, g\u00fcnl\u00fck ya\u015fam\u0131n\u0131z\u0131 kolayla\u015ft\u0131rmak ve teknolojiyi ya\u015fam\u0131n\u0131za entegre etmek i\u00e7in bir\u00e7ok geli\u015fmi\u015f \u00f6zellikle donat\u0131lm\u0131\u015ft\u0131r. Siri ses asistan\u0131 deste\u011fi ile sesli komutlar\u0131n\u0131z\u0131 kolayca y\u00f6netebilir, Bluetooth ba\u011flant\u0131s\u0131 sayesinde arama ger\u00e7ekle\u015ftirme, \u00e7a\u011fr\u0131lara cevap verme, reddetme, s\u0131k g\u00f6r\u00fc\u015f\u00fclenler listesi g\u00f6r\u00fcnt\u00fcleme, \u00e7a\u011fr\u0131 ge\u00e7mi\u015fine eri\u015fme ve arayan kimli\u011fi bilgilerini \u00f6\u011frenme gibi bir\u00e7ok i\u015flemi rahatl\u0131kla yapabilirsiniz. Ayr\u0131ca SMS ve di\u011fer t\u00fcm uygulama bildirimlerini g\u00f6r\u00fcnt\u00fcleyip okuyabilirsiniz.280 mAh kapasiteye sahip y\u00fcksek kaliteli Li-Po bataryas\u0131, uzun s\u00fcreli kullan\u0131m sunarken, 44 mm paslanmaz \u00e7elik kasas\u0131 dayan\u0131kl\u0131l\u0131\u011f\u0131 ve \u015f\u0131kl\u0131\u011f\u0131 bir arada sunar. 240&#215;285 piksel \u00e7\u00f6z\u00fcn\u00fcrl\u00fckl\u00fc, k\u00f6\u015feden k\u00f6\u015feye tam dokunmatik OLED yeni nesil parlak ekran\u0131yla benzersiz bir g\u00f6rsel deneyim sa\u011flar. 128 MB bellek kapasitesi, g\u00fcnl\u00fck i\u015flerinizi desteklerken aktif iki yan tu\u015f kullan\u0131m kolayl\u0131\u011f\u0131 sa\u011flar. Saat \u00fczerinden do\u011frudan m\u00fczik dinleme ve uzaktan foto\u011fraf \u00e7ekme gibi e\u011flenceli \u00f6zellikler de kullan\u0131m\u0131n\u0131za sunulmu\u015ftur.Veri (DATA) sekmesi ile g\u00fcnl\u00fck ve anl\u0131k sa\u011fl\u0131k verilerinizi takip edebilir, pedometre \u00f6zelli\u011fiyle egzersiz s\u00fcresi, kat edilen kilometre ve yak\u0131lan kalori gibi detaylar\u0131 \u00f6l\u00e7ebilirsiniz. HI WATCH PRO uygulamas\u0131 \u00fczerinden s\u0131n\u0131rs\u0131z kadran se\u00e7ene\u011fine eri\u015febilir ve ekran\u0131n\u0131za diledi\u011finiz foto\u011fraf\u0131 koyarak cihaz\u0131n\u0131z\u0131 ki\u015fiselle\u015ftirebilirsiniz. Ak\u0131ll\u0131 bileklik hareket sens\u00f6r\u00fc sayesinde ekran\u0131 kolayca a\u00e7\u0131p kapatabilir, de\u011fi\u015ftirilebilir kordonuyla tarz\u0131n\u0131za uygun bir g\u00f6r\u00fcn\u00fcm elde edebilirsiniz.Sa\u011fl\u0131k Uygulamalar\u0131: Kalp at\u0131\u015f h\u0131z\u0131 (EKG), kan bas\u0131nc\u0131 ve tansiyon \u00f6l\u00e7\u00fcm\u00fc, kandaki oksijen oran\u0131 takibi ve \u00fc\u00e7l\u00fc sa\u011fl\u0131k izleme \u00f6zellikleriyle sa\u011fl\u0131k durumunuzu s\u00fcrekli kontrol alt\u0131nda tutabilirsiniz. Uyku takibi, hareketsizlik ve su i\u00e7me hat\u0131rlatmalar\u0131, kronometre, alarm ve \u00e7a\u011fr\u0131 hat\u0131rlatma gibi ek \u00f6zelliklerle g\u00fcnl\u00fck al\u0131\u015fkanl\u0131klar\u0131n\u0131z\u0131 iyile\u015ftirir.\u00c7oklu Spor Modlar\u0131: Ko\u015fu, bisiklet, kuvvet antrenman\u0131, basketbol, tenis, voleybol ve futbol gibi spor aktivitelerini destekleyerek performans\u0131n\u0131z\u0131 \u00f6l\u00e7menize ve takip etmenize olanak tan\u0131r. U\u00e7ak modu ve rahats\u0131z etme modu gibi se\u00e7enekler de mevcuttur.T\u00fcrk\u00e7e dahil 23 farkl\u0131 dil se\u00e7ene\u011fi ile kullan\u0131m kolayl\u0131\u011f\u0131 sa\u011flayan bu ak\u0131ll\u0131 saat, modern ya\u015fam tarz\u0131n\u0131za tam uyum sa\u011flayarak teknolojiyi en verimli \u015fekilde kullanman\u0131za olanak tan\u0131r. <\/p>\n<p><b>1 adet fiyat\u0131d\u0131r<\/b> <\/p>\n<p><p><b>\u00dcretici Markas\u0131 : ZERO LAND<\/b><\/p>\n<p><b>\u00dcretici Kodu : UUCZT700S3NES\u0130LK<\/b><\/p>\n<p><b>1 ADET F\u0130YATIDIR<\/b><\/p>\n<\/h4>\n<p><\/p>\n","protected":false},"excerpt":{"rendered":"<p>3.Nesil TWS Bluetooth Kulakl\u0131k ve Dokunmatik Ekran Ak\u0131ll\u0131 Saat Sesli G\u00f6r\u00fc\u015fme<\/p>\n","protected":false},"featured_media":185969,"comment_status":"open","ping_status":"closed","template":"","meta":[],"product_brand":[],"product_cat":[630,374],"product_tag":[3228,3636,3605,1985,2774,13445,1641,3637,3966,9185,2104],"class_list":{"0":"post-185974","1":"product","2":"type-product","3":"status-publish","4":"has-post-thumbnail","6":"product_cat-akilli-saat","7":"product_cat-mobil-aksesuar","8":"product_tag-3-nesil","9":"product_tag-akilli","10":"product_tag-bluetooth","11":"product_tag-dokunmatik","12":"product_tag-ekran","13":"product_tag-gorusme","14":"product_tag-kulaklik","15":"product_tag-saat","16":"product_tag-sesli","17":"product_tag-tws","18":"product_tag-ve","20":"first","21":"instock","22":"taxable","23":"shipping-taxable","24":"purchasable","25":"product-type-simple"},"_links":{"self":[{"href":"https:\/\/depodanmusteriye.com\/urunler\/wp-json\/wp\/v2\/product\/185974","targetHints":{"allow":["GET"]}}],"collection":[{"href":"https:\/\/depodanmusteriye.com\/urunler\/wp-json\/wp\/v2\/product"}],"about":[{"href":"https:\/\/depodanmusteriye.com\/urunler\/wp-json\/wp\/v2\/types\/product"}],"replies":[{"embeddable":true,"href":"https:\/\/depodanmusteriye.com\/urunler\/wp-json\/wp\/v2\/comments?post=185974"}],"version-history":[{"count":0,"href":"https:\/\/depodanmusteriye.com\/urunler\/wp-json\/wp\/v2\/product\/185974\/revisions"}],"wp:featuredmedia":[{"embeddable":true,"href":"https:\/\/depodanmusteriye.com\/urunler\/wp-json\/wp\/v2\/media\/185969"}],"wp:attachment":[{"href":"https:\/\/depodanmusteriye.com\/urunler\/wp-json\/wp\/v2\/media?parent=185974"}],"wp:term":[{"taxonomy":"product_brand","embeddable":true,"href":"https:\/\/depodanmusteriye.com\/urunler\/wp-json\/wp\/v2\/product_brand?post=185974"},{"taxonomy":"product_cat","embeddable":true,"href":"https:\/\/depodanmusteriye.com\/urunler\/wp-json\/wp\/v2\/product_cat?post=185974"},{"taxonomy":"product_tag","embeddable":true,"href":"https:\/\/depodanmusteriye.com\/urunler\/wp-json\/wp\/v2\/product_tag?post=185974"}],"curies":[{"name":"wp","href":"https:\/\/api.w.org\/{rel}","templated":true}]}}