{"id":185866,"date":"2025-12-15T04:43:33","date_gmt":"2025-12-15T04:43:33","guid":{"rendered":"https:\/\/b2b.depodanmusteriye.com\/urun\/kamp-lambasi-isildak-beyaz-isik-gunes-enerjili-solar-aydinlatma-5-kanatli-katlanabilir\/"},"modified":"2025-12-15T04:43:33","modified_gmt":"2025-12-15T04:43:33","slug":"kamp-lambasi-isildak-beyaz-isik-gunes-enerjili-solar-aydinlatma-5-kanatli-katlanabilir","status":"publish","type":"product","link":"https:\/\/depodanmusteriye.com\/urunler\/urun\/kamp-lambasi-isildak-beyaz-isik-gunes-enerjili-solar-aydinlatma-5-kanatli-katlanabilir\/","title":{"rendered":"Kamp Lambas\u0131 I\u015f\u0131ldak Beyaz I\u015f\u0131k G\u00fcne\u015f Enerjili Solar Ayd\u0131nlatma 5 Kanatl\u0131 Katlanabilir"},"content":{"rendered":"<h4>Bu katlanabilir g\u00fcne\u015f enerjili ayd\u0131nlatma cihaz\u0131, pratikli\u011fi ve \u00e7evre dostu yap\u0131s\u0131yla g\u00fcnl\u00fck hayatta ve a\u00e7\u0131k hava aktivitelerinde m\u00fckemmel bir kullan\u0131m sunar. 5 kanatl\u0131 tasar\u0131m\u0131, geni\u015f bir ayd\u0131nlatma alan\u0131 olu\u015fturarak kamp, do\u011fa y\u00fcr\u00fcy\u00fc\u015f\u00fc veya acil durumlar gibi farkl\u0131 senaryolarda birden fazla ki\u015finin ihtiya\u00e7lar\u0131n\u0131 ayn\u0131 anda kar\u015f\u0131lar. Su ge\u00e7irmez \u00f6zelli\u011fi sayesinde d\u0131\u015f mekanlarda ya\u011fmur, kar gibi zorlu ko\u015fullarda bile sorunsuz bir \u015fekilde \u00e7al\u0131\u015fabilir. Dahili \u015farj g\u00f6stergesi, enerji seviyesini kontrol alt\u0131nda tutman\u0131za ve pil \u00f6mr\u00fcn\u00fc optimize etmenize yard\u0131mc\u0131 olur. \u00c7evre dostu g\u00fcne\u015f enerjisi teknolojisiyle tasarruf sa\u011flarken, dayan\u0131kl\u0131 ve hafif yap\u0131s\u0131yla kolayca ta\u015f\u0131nabilir. Hem bireysel hem de grup kullan\u0131mlar\u0131 i\u00e7in ideal bir \u00e7\u00f6z\u00fcm sunan bu cihaz, her t\u00fcrl\u00fc a\u00e7\u0131k hava etkinli\u011finde g\u00fcvenilir bir ayd\u0131nlatma kayna\u011f\u0131d\u0131r. <\/p>\n<p><b>1 adet fiyat\u0131d\u0131r<\/b> <\/p>\n<p><p><b>\u00dcretici Markas\u0131 : ZERO LAND<\/b><\/p>\n<p><b>\u00dcretici Kodu : UUCZ5KANATLIILAMBA3<\/b><\/p>\n<p><b>1 ADET F\u0130YATIDIR<\/b><\/p>\n<\/h4>\n<p><\/p>\n","protected":false},"excerpt":{"rendered":"<p>Kamp Lambas\u0131 I\u015f\u0131ldak Beyaz I\u015f\u0131k G\u00fcne\u015f Enerjili Solar Ayd\u0131nlatma 5 Kanatl\u0131 Katlanabilir<\/p>\n","protected":false},"featured_media":185861,"comment_status":"open","ping_status":"closed","template":"","meta":[],"product_brand":[],"product_cat":[379,806],"product_tag":[1606,4051,1663,13110,3953,1947,13544,4043,12240,4097,2287,4009],"class_list":{"0":"post-185866","1":"product","2":"type-product","3":"status-publish","4":"has-post-thumbnail","6":"product_cat-ev-yasam","7":"product_cat-kamp-lambasi","8":"product_tag-1606","9":"product_tag-aydinlatma","10":"product_tag-beyaz","11":"product_tag-enerjili","12":"product_tag-gunes","13":"product_tag-isik","14":"product_tag-isildak","15":"product_tag-kamp","16":"product_tag-kanatli","17":"product_tag-katlanabilir","18":"product_tag-lambasi","19":"product_tag-solar","21":"first","22":"instock","23":"taxable","24":"shipping-taxable","25":"purchasable","26":"product-type-simple"},"_links":{"self":[{"href":"https:\/\/depodanmusteriye.com\/urunler\/wp-json\/wp\/v2\/product\/185866","targetHints":{"allow":["GET"]}}],"collection":[{"href":"https:\/\/depodanmusteriye.com\/urunler\/wp-json\/wp\/v2\/product"}],"about":[{"href":"https:\/\/depodanmusteriye.com\/urunler\/wp-json\/wp\/v2\/types\/product"}],"replies":[{"embeddable":true,"href":"https:\/\/depodanmusteriye.com\/urunler\/wp-json\/wp\/v2\/comments?post=185866"}],"version-history":[{"count":0,"href":"https:\/\/depodanmusteriye.com\/urunler\/wp-json\/wp\/v2\/product\/185866\/revisions"}],"wp:featuredmedia":[{"embeddable":true,"href":"https:\/\/depodanmusteriye.com\/urunler\/wp-json\/wp\/v2\/media\/185861"}],"wp:attachment":[{"href":"https:\/\/depodanmusteriye.com\/urunler\/wp-json\/wp\/v2\/media?parent=185866"}],"wp:term":[{"taxonomy":"product_brand","embeddable":true,"href":"https:\/\/depodanmusteriye.com\/urunler\/wp-json\/wp\/v2\/product_brand?post=185866"},{"taxonomy":"product_cat","embeddable":true,"href":"https:\/\/depodanmusteriye.com\/urunler\/wp-json\/wp\/v2\/product_cat?post=185866"},{"taxonomy":"product_tag","embeddable":true,"href":"https:\/\/depodanmusteriye.com\/urunler\/wp-json\/wp\/v2\/product_tag?post=185866"}],"curies":[{"name":"wp","href":"https:\/\/api.w.org\/{rel}","templated":true}]}}