{"id":185812,"date":"2025-12-15T04:40:15","date_gmt":"2025-12-15T04:40:15","guid":{"rendered":"https:\/\/b2b.depodanmusteriye.com\/urun\/kati-meyve-sikacagi-tasinabilir-usb-sarjli-pratik-paslanmaz-celik-bicakli\/"},"modified":"2025-12-15T04:40:15","modified_gmt":"2025-12-15T04:40:15","slug":"kati-meyve-sikacagi-tasinabilir-usb-sarjli-pratik-paslanmaz-celik-bicakli","status":"publish","type":"product","link":"https:\/\/depodanmusteriye.com\/urunler\/urun\/kati-meyve-sikacagi-tasinabilir-usb-sarjli-pratik-paslanmaz-celik-bicakli\/","title":{"rendered":"Kat\u0131 Meyve S\u0131kaca\u011f\u0131 Ta\u015f\u0131nabilir USB \u015earjl\u0131 Pratik Paslanmaz \u00c7elik B\u0131\u00e7akl\u0131"},"content":{"rendered":"<h4>Modern tasar\u0131m\u0131 ve \u015f\u0131k g\u00f6r\u00fcn\u00fcm\u00fcyle mutfak dekorasyonunuza zarif bir dokunu\u015f katan bu kat\u0131 meyve s\u0131kaca\u011f\u0131, hem pratik hem de estetik bir \u00e7\u00f6z\u00fcmd\u00fcr. G\u00fcvenlik kilidi \u00f6zelli\u011fi, \u00e7ocuklar\u0131n ve evcil hayvanlar\u0131n kazara kullan\u0131m\u0131n\u0131 \u00f6nleyerek g\u00fcvenli bir deneyim sunar. 2000 watt ve alt\u0131 g\u00fc\u00e7 t\u00fcketimi sayesinde enerji verimlili\u011fi sa\u011flar ve elektrik faturalar\u0131n\u0131zda tasarruf etmenize yard\u0131mc\u0131 olur. USB \u015farj edilebilir ta\u015f\u0131nabilir mini modeli, 45W g\u00fcc\u00fc ve 18000 rpm maksimum h\u0131z\u0131yla k\u0131sa s\u00fcrede taze ve sa\u011fl\u0131kl\u0131 i\u00e7ecekler haz\u0131rlaman\u0131z\u0131 m\u00fcmk\u00fcn k\u0131lar. \u00c7ift kesici ba\u015fl\u0131\u011f\u0131 ve 400 mL kapasitesiyle etkili bir performans sunarken, dayan\u0131kl\u0131 plastik g\u00f6vdesi uzun \u00f6m\u00fcrl\u00fc kullan\u0131m sa\u011flar. Kompakt tasar\u0131m\u0131 sayesinde her yere kolayca ta\u015f\u0131nabilen bu meyve s\u0131kaca\u011f\u0131, sa\u011fl\u0131kl\u0131 ya\u015fam tarz\u0131n\u0131za pratik bir katk\u0131 sunar. <\/p>\n<p><b>1 adet fiyat\u0131d\u0131r<\/b> <\/p>\n<p><p><b>\u00dcretici Markas\u0131 : ZERO LAND<\/b><\/p>\n<p><b>\u00dcretici Kodu : UUCZHS93MEYVESIKACA\u011eI1<\/b><\/p>\n<p><b>1 ADET F\u0130YATIDIR<\/b><\/p>\n<\/h4>\n<p><\/p>\n","protected":false},"excerpt":{"rendered":"<p>Kat\u0131 Meyve S\u0131kaca\u011f\u0131 Ta\u015f\u0131nabilir USB \u015earjl\u0131 Pratik Paslanmaz \u00c7elik B\u0131\u00e7akl\u0131<\/p>\n","protected":false},"featured_media":185807,"comment_status":"open","ping_status":"closed","template":"","meta":[],"product_brand":[],"product_cat":[615,379],"product_tag":[5976,3766,13399,4149,4147,4096,3975,14311,2982,2511],"class_list":{"0":"post-185812","1":"product","2":"type-product","3":"status-publish","4":"has-post-thumbnail","6":"product_cat-blender-seti","7":"product_cat-ev-yasam","8":"product_tag-bicakli","9":"product_tag-celik","10":"product_tag-kati","11":"product_tag-meyve","12":"product_tag-paslanmaz","13":"product_tag-pratik","14":"product_tag-sarjli","15":"product_tag-sikacagi","16":"product_tag-tasinabilir","17":"product_tag-usb","19":"first","20":"instock","21":"taxable","22":"shipping-taxable","23":"purchasable","24":"product-type-simple"},"_links":{"self":[{"href":"https:\/\/depodanmusteriye.com\/urunler\/wp-json\/wp\/v2\/product\/185812","targetHints":{"allow":["GET"]}}],"collection":[{"href":"https:\/\/depodanmusteriye.com\/urunler\/wp-json\/wp\/v2\/product"}],"about":[{"href":"https:\/\/depodanmusteriye.com\/urunler\/wp-json\/wp\/v2\/types\/product"}],"replies":[{"embeddable":true,"href":"https:\/\/depodanmusteriye.com\/urunler\/wp-json\/wp\/v2\/comments?post=185812"}],"version-history":[{"count":0,"href":"https:\/\/depodanmusteriye.com\/urunler\/wp-json\/wp\/v2\/product\/185812\/revisions"}],"wp:featuredmedia":[{"embeddable":true,"href":"https:\/\/depodanmusteriye.com\/urunler\/wp-json\/wp\/v2\/media\/185807"}],"wp:attachment":[{"href":"https:\/\/depodanmusteriye.com\/urunler\/wp-json\/wp\/v2\/media?parent=185812"}],"wp:term":[{"taxonomy":"product_brand","embeddable":true,"href":"https:\/\/depodanmusteriye.com\/urunler\/wp-json\/wp\/v2\/product_brand?post=185812"},{"taxonomy":"product_cat","embeddable":true,"href":"https:\/\/depodanmusteriye.com\/urunler\/wp-json\/wp\/v2\/product_cat?post=185812"},{"taxonomy":"product_tag","embeddable":true,"href":"https:\/\/depodanmusteriye.com\/urunler\/wp-json\/wp\/v2\/product_tag?post=185812"}],"curies":[{"name":"wp","href":"https:\/\/api.w.org\/{rel}","templated":true}]}}