{"id":184258,"date":"2025-12-15T02:44:40","date_gmt":"2025-12-15T02:44:40","guid":{"rendered":"https:\/\/b2b.depodanmusteriye.com\/urun\/android-ve-ios-uyumlu-bluetooth-klavye-touchpad-slim-kablosuz-wifi-q-klavye\/"},"modified":"2025-12-15T02:44:40","modified_gmt":"2025-12-15T02:44:40","slug":"android-ve-ios-uyumlu-bluetooth-klavye-touchpad-slim-kablosuz-wifi-q-klavye","status":"publish","type":"product","link":"https:\/\/depodanmusteriye.com\/urunler\/urun\/android-ve-ios-uyumlu-bluetooth-klavye-touchpad-slim-kablosuz-wifi-q-klavye\/","title":{"rendered":"Android ve \u0130OS Uyumlu Bluetooth Klavye Touchpad Slim Kablosuz Wifi Q Klavye"},"content":{"rendered":"<h4>Kablosuz klavyenizi kolayca ba\u011flamak i\u00e7in \u015fu ad\u0131mlar\u0131 takip edebilirsiniz:1\ufe0f\u20e3 Cihaz\u0131n\u0131z\u0131n Bluetooth \u00f6zelli\u011fini a\u00e7\u0131n.2\ufe0f\u20e3 Bluetooth klavyeyi ON konumuna getirin.3\ufe0f\u20e3 Fn tu\u015funa bas\u0131l\u0131 tutun ve C harfine (Connect) bas\u0131n.4\ufe0f\u20e3 Tablet veya telefonunuz &#8220;Bluetooth Keyboard&#8221; ismini g\u00f6recektir, e\u015fle\u015ftirmeyi tamamlay\u0131n.5\ufe0f\u20e3 Ba\u011flant\u0131y\u0131 sa\u011flad\u0131ktan sonra cihaz\u0131n\u0131z klavyeyi otomatik olarak tan\u0131yacakt\u0131r.Bu basit ad\u0131mlarla cihaz\u0131n\u0131z\u0131 bir bilgisayar gibi kullanabilir, dokunmatik ekran\u0131n s\u0131n\u0131rlamalar\u0131ndan kurtularak \u00e7ok daha h\u0131zl\u0131 yaz\u0131 yazabilirsiniz. <\/p>\n<p><b>1 adet fiyat\u0131d\u0131r<\/b> <\/p>\n<p><p><b>\u00dcretici Markas\u0131 : ZERO LAND<\/b><\/p>\n<p><b>\u00dcretici Kodu : UUCZTOUCHPAD3<\/b><\/p>\n<p><b>1 ADET F\u0130YATIDIR<\/b><\/p>\n<\/h4>\n<p><\/p>\n","protected":false},"excerpt":{"rendered":"<p>Android ve \u0130OS Uyumlu Bluetooth Klavye Touchpad Slim Kablosuz Wifi Q Klavye<\/p>\n","protected":false},"featured_media":184253,"comment_status":"open","ping_status":"closed","template":"","meta":[],"product_brand":[],"product_cat":[606,374],"product_tag":[1956,3605,3685,1640,3532,9373,3647,14200,1951,2104,3971],"class_list":{"0":"post-184258","1":"product","2":"type-product","3":"status-publish","4":"has-post-thumbnail","6":"product_cat-klavye","7":"product_cat-mobil-aksesuar","8":"product_tag-android","9":"product_tag-bluetooth","10":"product_tag-ios","11":"product_tag-kablosuz","12":"product_tag-klavye","13":"product_tag-q","14":"product_tag-slim","15":"product_tag-touchpad","16":"product_tag-uyumlu","17":"product_tag-ve","18":"product_tag-wifi","20":"first","21":"instock","22":"taxable","23":"shipping-taxable","24":"purchasable","25":"product-type-simple"},"_links":{"self":[{"href":"https:\/\/depodanmusteriye.com\/urunler\/wp-json\/wp\/v2\/product\/184258","targetHints":{"allow":["GET"]}}],"collection":[{"href":"https:\/\/depodanmusteriye.com\/urunler\/wp-json\/wp\/v2\/product"}],"about":[{"href":"https:\/\/depodanmusteriye.com\/urunler\/wp-json\/wp\/v2\/types\/product"}],"replies":[{"embeddable":true,"href":"https:\/\/depodanmusteriye.com\/urunler\/wp-json\/wp\/v2\/comments?post=184258"}],"version-history":[{"count":0,"href":"https:\/\/depodanmusteriye.com\/urunler\/wp-json\/wp\/v2\/product\/184258\/revisions"}],"wp:featuredmedia":[{"embeddable":true,"href":"https:\/\/depodanmusteriye.com\/urunler\/wp-json\/wp\/v2\/media\/184253"}],"wp:attachment":[{"href":"https:\/\/depodanmusteriye.com\/urunler\/wp-json\/wp\/v2\/media?parent=184258"}],"wp:term":[{"taxonomy":"product_brand","embeddable":true,"href":"https:\/\/depodanmusteriye.com\/urunler\/wp-json\/wp\/v2\/product_brand?post=184258"},{"taxonomy":"product_cat","embeddable":true,"href":"https:\/\/depodanmusteriye.com\/urunler\/wp-json\/wp\/v2\/product_cat?post=184258"},{"taxonomy":"product_tag","embeddable":true,"href":"https:\/\/depodanmusteriye.com\/urunler\/wp-json\/wp\/v2\/product_tag?post=184258"}],"curies":[{"name":"wp","href":"https:\/\/api.w.org\/{rel}","templated":true}]}}