{"id":184126,"date":"2025-12-15T02:35:03","date_gmt":"2025-12-15T02:35:03","guid":{"rendered":"https:\/\/b2b.depodanmusteriye.com\/urun\/magsafe-hizli-sarj-10-000-mah-wireless-sarj-powerbank-android-ve-ios-uyumlu\/"},"modified":"2025-12-15T02:35:03","modified_gmt":"2025-12-15T02:35:03","slug":"magsafe-hizli-sarj-10-000-mah-wireless-sarj-powerbank-android-ve-ios-uyumlu","status":"publish","type":"product","link":"https:\/\/depodanmusteriye.com\/urunler\/urun\/magsafe-hizli-sarj-10-000-mah-wireless-sarj-powerbank-android-ve-ios-uyumlu\/","title":{"rendered":"Magsafe H\u0131zl\u0131 \u015earj 10.000 Mah Wireless \u015earj Powerbank Android ve \u0130OS Uyumlu"},"content":{"rendered":"<h4>Bu portatif ve y\u00fcksek kapasiteli powerbank, 10.000 mAh batarya kapasitesi ile g\u00fcn boyu kesintisiz enerji sa\u011flayarak mobil cihazlar\u0131n\u0131z\u0131 her an \u015farj etmenizi m\u00fcmk\u00fcn k\u0131lar. Manyetik \u015farj \u00f6zelli\u011fi sayesinde uyumlu cihazlarla kablo kullanmadan \u015farj imk\u00e2n\u0131 sunar. Kablosuz \u015farj destekleyen t\u00fcm cihazlarla uyumludur, ancak manyetik yap\u0131\u015fma \u00f6zelli\u011fi belirli modellerde aktiftir. <\/p>\n<p><b>1 adet fiyat\u0131d\u0131r<\/b> <\/p>\n<p><p><b>\u00dcretici Markas\u0131 : ZERO LAND<\/b><\/p>\n<p><b>\u00dcretici Kodu : UUCZZZMAGSAFEEE1<\/b><\/p>\n<p><b>1 ADET F\u0130YATIDIR<\/b><\/p>\n<\/h4>\n<p><\/p>\n","protected":false},"excerpt":{"rendered":"<p>Magsafe H\u0131zl\u0131 \u015earj 10.000 Mah Wireless \u015earj Powerbank Android ve \u0130OS Uyumlu<\/p>\n","protected":false},"featured_media":184121,"comment_status":"open","ping_status":"closed","template":"","meta":[],"product_brand":[],"product_cat":[374,459],"product_tag":[4218,1956,1825,3685,3238,3595,3593,2755,1951,2104,4350],"class_list":{"0":"post-184126","1":"product","2":"type-product","3":"status-publish","4":"has-post-thumbnail","6":"product_cat-mobil-aksesuar","7":"product_cat-powerbank","8":"product_tag-10-000","9":"product_tag-android","10":"product_tag-hizli","11":"product_tag-ios","12":"product_tag-magsafe","13":"product_tag-mah","14":"product_tag-powerbank","15":"product_tag-sarj","16":"product_tag-uyumlu","17":"product_tag-ve","18":"product_tag-wireless","20":"first","21":"instock","22":"taxable","23":"shipping-taxable","24":"purchasable","25":"product-type-simple"},"_links":{"self":[{"href":"https:\/\/depodanmusteriye.com\/urunler\/wp-json\/wp\/v2\/product\/184126","targetHints":{"allow":["GET"]}}],"collection":[{"href":"https:\/\/depodanmusteriye.com\/urunler\/wp-json\/wp\/v2\/product"}],"about":[{"href":"https:\/\/depodanmusteriye.com\/urunler\/wp-json\/wp\/v2\/types\/product"}],"replies":[{"embeddable":true,"href":"https:\/\/depodanmusteriye.com\/urunler\/wp-json\/wp\/v2\/comments?post=184126"}],"version-history":[{"count":0,"href":"https:\/\/depodanmusteriye.com\/urunler\/wp-json\/wp\/v2\/product\/184126\/revisions"}],"wp:featuredmedia":[{"embeddable":true,"href":"https:\/\/depodanmusteriye.com\/urunler\/wp-json\/wp\/v2\/media\/184121"}],"wp:attachment":[{"href":"https:\/\/depodanmusteriye.com\/urunler\/wp-json\/wp\/v2\/media?parent=184126"}],"wp:term":[{"taxonomy":"product_brand","embeddable":true,"href":"https:\/\/depodanmusteriye.com\/urunler\/wp-json\/wp\/v2\/product_brand?post=184126"},{"taxonomy":"product_cat","embeddable":true,"href":"https:\/\/depodanmusteriye.com\/urunler\/wp-json\/wp\/v2\/product_cat?post=184126"},{"taxonomy":"product_tag","embeddable":true,"href":"https:\/\/depodanmusteriye.com\/urunler\/wp-json\/wp\/v2\/product_tag?post=184126"}],"curies":[{"name":"wp","href":"https:\/\/api.w.org\/{rel}","templated":true}]}}